{"id":36942,"date":"2017-07-01T11:55:50","date_gmt":"2017-07-01T09:55:50","guid":{"rendered":"http:\/\/www.libraria-occitana.org\/produit\/bernart-de-ventadorn-le-troubadour-bernard-de-ventadour\/"},"modified":"2026-04-29T02:26:18","modified_gmt":"2026-04-29T00:26:18","slug":"bernart-de-ventadorn-le-troubadour-bernard-de-ventadour","status":"publish","type":"product","link":"https:\/\/www.libraria-occitana.org\/en\/product\/bernart-de-ventadorn-le-troubadour-bernard-de-ventadour\/","title":{"rendered":"Bernart de Ventadorn : Le troubadour Bernard de Ventadour"},"content":{"rendered":"<p><strong>Olivier Payrat , Isabelle Bonnadier et Louis Soret.<\/strong><\/p>\n<p>Ce r\u00e9cital a \u00e9t\u00e9 enregistr\u00e9 lors de la &#8220;Trobada Bernard de Ventadour 2016&#8221;.<\/p>\n<p>Incipit des chansons et leurs r\u00e9f\u00e9rences dans le livre <em>Fou d&#8217;Amour<\/em>, par Luc de Goustine, Gardonne, \u00e9ditions F\u00e9d\u00e9rop, 2016.<br \/>\nMusiques originales de Bernart de Ventadorn, sauf 6 et 15 contrefacta et 11 composition Olivier Payrat.<\/p>\n<p><strong>Titres :<\/strong><br \/>\n1. Quand vei la lauseta mover 6&#8217;28 N\u00b0 XXII<br \/>\n2. Tant ai mon c\u00f2r plen de j\u00f2ia 7&#8217;17 N\u00b0 VIII<br \/>\n3. A ! tantas bonas chansons 4&#8217;16 N\u00b0 XVIII<br \/>\n4. Ara&#8217;m conselhatz, senhor 4&#8217;59 N\u00b0 XIV<br \/>\n5. La do\u00e7a votz ai ausida 5&#8217;39 N\u00b0 XXI<br \/>\n6. Ges de chantar no&#8217;m prem talans 4&#8217;40 texte en pages int\u00e9rieures<br \/>\n7. Amics Bernat de Ventadorn 4&#8217;32 N\u00b0 VII<br \/>\n8. Amb j\u00f2i m\u00f2u lo vers e&#8217;l comen\u00e7 4&#8217;57 N\u00b0 XII<br \/>\n9. Pos prejatz-me senhor 3&#8217;50 N\u00b0 X<br \/>\n10. Quand par la flors josta&#8217;l v\u00e8rd fu\u00e8lh 5&#8217;37 N\u00b0 III<br \/>\n11. Pel do\u00e7 chant que&#8217;l rossinh\u00f2l fai 4&#8217;38 N\u00b0 XIII<br \/>\n12. Quand l&#8217;erba frescha e&#8217;lh fu\u00e8lha par 3&#8217;40 N\u00b0 XX<br \/>\n13. Ara non vei lusir solelh 5&#8217;12 N\u00b0 II<br \/>\n14. Conortz, ara sai ieu ben 3&#8217;48 texte en pages int\u00e9rieures<br \/>\n15. Lo temps vei ven e vire 8&#8217;53 N\u00b0 IV<\/p>\n","protected":false},"excerpt":{"rendered":"<p>Olivier Payrat , Isabelle Bonnadier et Louis Soret. Ce r\u00e9cital a \u00e9t\u00e9 enregistr\u00e9 lors de la &#8220;Trobada Bernard de Ventadour 2016&#8221;. Incipit des chansons et leurs r\u00e9f\u00e9rences dans le livre Fou d&#8217;Amour, par Luc de Goustine, Gardonne, \u00e9ditions F\u00e9d\u00e9rop, 2016. Musiques originales de Bernart de Ventadorn, sauf 6 et 15 contrefacta et 11 composition Olivier [&hellip;]<\/p>\n","protected":false},"featured_media":37056,"template":"","meta":{"_acf_changed":false,"_genesis_hide_title":false,"_genesis_hide_breadcrumbs":false,"_genesis_hide_singular_image":false,"_genesis_hide_footer_widgets":false,"_genesis_custom_body_class":"","_genesis_custom_post_class":"","_genesis_layout":""},"product_brand":[],"product_cat":[7226,7216],"product_tag":[],"class_list":{"0":"post-36942","1":"product","2":"type-product","3":"status-publish","4":"has-post-thumbnail","6":"product_cat-classical-troubadours-en","7":"product_cat-music-en","8":"pa_auteur-bonnadier-isabelle-en","9":"pa_auteur-peirat-olivier-en","10":"pa_auteur-soret-louis-en","11":"pa_editeur-carrefour-ventadour-fr-en","12":"pa_langue-occitan-en","13":"pa_langue-occitan-medievau-en","14":"entry","16":"first","17":"instock","18":"shipping-taxable","19":"purchasable","20":"product-type-simple"},"acf":[],"_links":{"self":[{"href":"https:\/\/www.libraria-occitana.org\/en\/wp-json\/wp\/v2\/product\/36942","targetHints":{"allow":["GET"]}}],"collection":[{"href":"https:\/\/www.libraria-occitana.org\/en\/wp-json\/wp\/v2\/product"}],"about":[{"href":"https:\/\/www.libraria-occitana.org\/en\/wp-json\/wp\/v2\/types\/product"}],"wp:featuredmedia":[{"embeddable":true,"href":"https:\/\/www.libraria-occitana.org\/en\/wp-json\/wp\/v2\/media\/37056"}],"wp:attachment":[{"href":"https:\/\/www.libraria-occitana.org\/en\/wp-json\/wp\/v2\/media?parent=36942"}],"wp:term":[{"taxonomy":"product_brand","embeddable":true,"href":"https:\/\/www.libraria-occitana.org\/en\/wp-json\/wp\/v2\/product_brand?post=36942"},{"taxonomy":"product_cat","embeddable":true,"href":"https:\/\/www.libraria-occitana.org\/en\/wp-json\/wp\/v2\/product_cat?post=36942"},{"taxonomy":"product_tag","embeddable":true,"href":"https:\/\/www.libraria-occitana.org\/en\/wp-json\/wp\/v2\/product_tag?post=36942"}],"curies":[{"name":"wp","href":"https:\/\/api.w.org\/{rel}","templated":true}]}}