{"id":36969,"date":"2017-08-12T15:22:22","date_gmt":"2017-08-12T13:22:22","guid":{"rendered":"http:\/\/www.libraria-occitana.org\/produit\/splendeurs-de-bonneval-destins-croises-dun-chateau-et-dune-famille\/"},"modified":"2026-04-29T00:56:51","modified_gmt":"2026-04-28T22:56:51","slug":"splendeurs-de-bonneval-destins-croises-dun-chateau-et-dune-famille","status":"publish","type":"product","link":"https:\/\/www.libraria-occitana.org\/en\/product\/splendeurs-de-bonneval-destins-croises-dun-chateau-et-dune-famille\/","title":{"rendered":"Splendeurs de Bonneval : Destins crois\u00e9s d&#8217;un ch\u00e2teau et d&#8217;une famille"},"content":{"rendered":"<p>Dressant les girouettes et les toitures de ses tours par-dessus les frondaisons des arbres de son parc, en bordure du bourg m\u00e9di\u00e9val de Coussac et de son \u00e9glise, le ch\u00e2teau de Bonneval s\u2019annonce au voyageur avant de se livrer au visiteur. \u00c9tablie depuis le XIVe si\u00e8cle aux marges de l\u2019Aquitaine, en un verdoyant Limousin, cette r\u00e9sidence seigneuriale est rest\u00e9e durant sept si\u00e8cles entre les mains de la m\u00eame lign\u00e9e, celle des Bonneval, qui lui a donn\u00e9 son nom. R\u00e9partis dans tout le Limousin, en Berry, en P\u00e9rigord, en Bourbonnais, et partis en qu\u00eate de ressources et de gloire \u00e0 la cour des rois de France et de Navarre, en Italie et en Turquie, les Bonneval ont su traverser l\u2019histoire de France en la nourrissant de nombreux hauts faits.<br \/>\nLeur ch\u00e2teau r\u00e9unit les souvenirs, les archives et le mobilier des g\u00e9n\u00e9rations qui l\u2019ont successivement habit\u00e9, au gr\u00e9 des successions et gr\u00e2ce \u00e0 une culture familiale de la transmission tout \u00e0 fait remarquable.<br \/>\nLe destin de ce ch\u00e2teau est indissociable du lignage qui, de si\u00e8cle en si\u00e8cle, l\u2019a pr\u00e9serv\u00e9 et conserv\u00e9 comme un creuset. Aujourd\u2019hui, cette demeure de famille nous ouvre ses portes et nous invite \u00e0 rencontrer des personnages tour \u00e0 tour marquants, attachants ou tout simplement \u00e9difiants.<\/p>\n<p>Plus de 110 illustrations.<\/p>\n","protected":false},"excerpt":{"rendered":"<p>Dressant les girouettes et les toitures de ses tours par-dessus les frondaisons des arbres de son parc, en bordure du bourg m\u00e9di\u00e9val de Coussac et de son \u00e9glise, le ch\u00e2teau de Bonneval s\u2019annonce au voyageur avant de se livrer au visiteur. \u00c9tablie depuis le XIVe si\u00e8cle aux marges de l\u2019Aquitaine, en un verdoyant Limousin, cette [&hellip;]<\/p>\n","protected":false},"featured_media":36967,"template":"","meta":{"_acf_changed":false,"_genesis_hide_title":false,"_genesis_hide_breadcrumbs":false,"_genesis_hide_singular_image":false,"_genesis_hide_footer_widgets":false,"_genesis_custom_body_class":"","_genesis_custom_post_class":"","_genesis_layout":""},"product_brand":[],"product_cat":[7132,7198,7196],"product_tag":[],"class_list":{"0":"post-36969","1":"product","2":"type-product","3":"status-publish","4":"has-post-thumbnail","6":"product_cat-books","7":"product_cat-guides-tourism-en","8":"product_cat-nature-tourism-en","9":"pa_auteur-remy-christian-en","10":"pa_editeur-les-ardents-editeurs-en","11":"pa_langue-francais-en","12":"entry","14":"first","15":"instock","16":"shipping-taxable","17":"purchasable","18":"product-type-simple"},"acf":[],"_links":{"self":[{"href":"https:\/\/www.libraria-occitana.org\/en\/wp-json\/wp\/v2\/product\/36969","targetHints":{"allow":["GET"]}}],"collection":[{"href":"https:\/\/www.libraria-occitana.org\/en\/wp-json\/wp\/v2\/product"}],"about":[{"href":"https:\/\/www.libraria-occitana.org\/en\/wp-json\/wp\/v2\/types\/product"}],"wp:featuredmedia":[{"embeddable":true,"href":"https:\/\/www.libraria-occitana.org\/en\/wp-json\/wp\/v2\/media\/36967"}],"wp:attachment":[{"href":"https:\/\/www.libraria-occitana.org\/en\/wp-json\/wp\/v2\/media?parent=36969"}],"wp:term":[{"taxonomy":"product_brand","embeddable":true,"href":"https:\/\/www.libraria-occitana.org\/en\/wp-json\/wp\/v2\/product_brand?post=36969"},{"taxonomy":"product_cat","embeddable":true,"href":"https:\/\/www.libraria-occitana.org\/en\/wp-json\/wp\/v2\/product_cat?post=36969"},{"taxonomy":"product_tag","embeddable":true,"href":"https:\/\/www.libraria-occitana.org\/en\/wp-json\/wp\/v2\/product_tag?post=36969"}],"curies":[{"name":"wp","href":"https:\/\/api.w.org\/{rel}","templated":true}]}}