{"id":36977,"date":"2015-06-12T16:33:18","date_gmt":"2015-06-12T14:33:18","guid":{"rendered":"http:\/\/www.libraria-occitana.org\/produit\/fernande-fernand-maillaud-et-les-arts-decoratifs\/"},"modified":"2026-04-29T00:56:14","modified_gmt":"2026-04-28T22:56:14","slug":"fernande-fernand-maillaud-et-les-arts-decoratifs","status":"publish","type":"product","link":"https:\/\/www.libraria-occitana.org\/en\/product\/fernande-fernand-maillaud-et-les-arts-decoratifs\/","title":{"rendered":"Fernande &#038; Fernand Maillaud et les arts d\u00e9coratifs"},"content":{"rendered":"<p>Fernande &amp; Fernand Maillaud et les arts d\u00e9coratifs est le premier livre consacr\u00e9 aux cr\u00e9ations de ce\u00a0\u00ab m\u00e9nage d&#8217;artistes \u00bb dans le domaine de la tapisserie et du mobilier.<\/p>\n<p>Plus connu pour son \u0153uvre de peintre, Fernand Maillaud (1862-1948) a su cr\u00e9er avec son \u00e9pouse Fernande (1858-1945), artiste \u00e0 part enti\u00e8re, un univers personnel en puisant aux r\u00e9f\u00e9rences vernaculaires de leur terroir natal, entre Creuse et Berry. Tout leur art de la tenture et de la d\u00e9coration int\u00e9rieure pourrait n\u2019\u00eatre qu\u2019un simple reflet de la ruralit\u00e9 de ce pays. Pourtant, entretenant des relations \u00e9troites avec les milieux litt\u00e9raires parisien et berrichon de Maurice Rollinat \u00e0 Gabriel Nigond en passant par Henry Bordeaux, le couple participe d\u2019un vaste mouvement artistique europ\u00e9en qui interroge la place des arts d\u00e9coratifs, afin de lever les fronti\u00e8res entre l\u2019art, l\u2019artisanat, l\u2019industrie et le quotidien.<\/p>\n<p>Cet ouvrage de r\u00e9f\u00e9rence, qu&#8217;accompagnent plus de 180 illustrations confirmant toutes les qualit\u00e9s de dessinateur de Fernand Maillaud, \u00e9value la richesse de l&#8217;art d\u00e9coratif de ce couple d&#8217;artistes qui marque son \u00e9poque et t\u00e9moigne de l&#8217;extr\u00eame foisonnement des arts d\u00e9coratifs fran\u00e7ais au passage de l&#8217;Art nouveau \u00e0 l&#8217;Art d\u00e9co.<\/p>\n","protected":false},"excerpt":{"rendered":"<p>Fernande &amp; Fernand Maillaud et les arts d\u00e9coratifs est le premier livre consacr\u00e9 aux cr\u00e9ations de ce\u00a0\u00ab m\u00e9nage d&#8217;artistes \u00bb dans le domaine de la tapisserie et du mobilier. Plus connu pour son \u0153uvre de peintre, Fernand Maillaud (1862-1948) a su cr\u00e9er avec son \u00e9pouse Fernande (1858-1945), artiste \u00e0 part enti\u00e8re, un univers personnel en [&hellip;]<\/p>\n","protected":false},"featured_media":36975,"template":"","meta":{"_acf_changed":false,"_genesis_hide_title":false,"_genesis_hide_breadcrumbs":false,"_genesis_hide_singular_image":false,"_genesis_hide_footer_widgets":false,"_genesis_custom_body_class":"","_genesis_custom_post_class":"","_genesis_layout":""},"product_brand":[],"product_cat":[7134,7132],"product_tag":[],"class_list":{"0":"post-36977","1":"product","2":"type-product","3":"status-publish","4":"has-post-thumbnail","6":"product_cat-arts-en","7":"product_cat-books","8":"pa_auteur-ferrer-jean-marc-en","9":"pa_auteur-naturel-michele-en","10":"pa_auteur-veron-denise-daniele-en","11":"pa_editeur-les-ardents-editeurs-en","12":"pa_langue-francais-en","13":"entry","15":"first","16":"instock","17":"shipping-taxable","18":"purchasable","19":"product-type-simple"},"acf":[],"_links":{"self":[{"href":"https:\/\/www.libraria-occitana.org\/en\/wp-json\/wp\/v2\/product\/36977","targetHints":{"allow":["GET"]}}],"collection":[{"href":"https:\/\/www.libraria-occitana.org\/en\/wp-json\/wp\/v2\/product"}],"about":[{"href":"https:\/\/www.libraria-occitana.org\/en\/wp-json\/wp\/v2\/types\/product"}],"wp:featuredmedia":[{"embeddable":true,"href":"https:\/\/www.libraria-occitana.org\/en\/wp-json\/wp\/v2\/media\/36975"}],"wp:attachment":[{"href":"https:\/\/www.libraria-occitana.org\/en\/wp-json\/wp\/v2\/media?parent=36977"}],"wp:term":[{"taxonomy":"product_brand","embeddable":true,"href":"https:\/\/www.libraria-occitana.org\/en\/wp-json\/wp\/v2\/product_brand?post=36977"},{"taxonomy":"product_cat","embeddable":true,"href":"https:\/\/www.libraria-occitana.org\/en\/wp-json\/wp\/v2\/product_cat?post=36977"},{"taxonomy":"product_tag","embeddable":true,"href":"https:\/\/www.libraria-occitana.org\/en\/wp-json\/wp\/v2\/product_tag?post=36977"}],"curies":[{"name":"wp","href":"https:\/\/api.w.org\/{rel}","templated":true}]}}