{"id":36986,"date":"2014-02-12T17:42:25","date_gmt":"2014-02-12T16:42:25","guid":{"rendered":"http:\/\/www.libraria-occitana.org\/?post_type=product&#038;p=36986"},"modified":"2026-04-03T06:06:30","modified_gmt":"2026-04-03T04:06:30","slug":"pichons-vos-vau-contar-petits-je-vais-vous-raconter","status":"publish","type":"product","link":"https:\/\/www.libraria-occitana.org\/en\/product\/pichons-vos-vau-contar-petits-je-vais-vous-raconter\/","title":{"rendered":"Pichons vos vau contar&#8230; &#8211; Petits, je vais vous raconter&#8230;"},"content":{"rendered":"<p>L&#8217;auteur, Aimat Tastaire, nous propose ici un livre compos\u00e9 de six nouvelles pour les enfants.<br \/>\nDes petites histoires imaginaires et parfois fantastiques comme l&#8217;\u00e9trange remerciement d&#8217;un sorcier, l&#8217;aide \u00e0 un lutin bless\u00e9 ou la visite d&#8217;un ch\u00e2teau ensorcel\u00e9 ; mais aussi la malice, la m\u00e9chancet\u00e9, ou au contraire, la gentillesse des enfants quand il faut dans la vie de tous les jours.<\/p>\n","protected":false},"excerpt":{"rendered":"<p>L&#8217;auteur, Aimat Tastaire, nous propose ici un livre compos\u00e9 de six nouvelles pour les enfants. Des petites histoires imaginaires et parfois fantastiques comme l&#8217;\u00e9trange remerciement d&#8217;un sorcier, l&#8217;aide \u00e0 un lutin bless\u00e9 ou la visite d&#8217;un ch\u00e2teau ensorcel\u00e9 ; mais aussi la malice, la m\u00e9chancet\u00e9, ou au contraire, la gentillesse des enfants quand il faut [&hellip;]<\/p>\n","protected":false},"featured_media":37075,"template":"","meta":{"_acf_changed":false,"_genesis_hide_title":false,"_genesis_hide_breadcrumbs":false,"_genesis_hide_singular_image":false,"_genesis_hide_footer_widgets":false,"_genesis_custom_body_class":"","_genesis_custom_post_class":"","_genesis_layout":""},"product_brand":[],"product_cat":[7132,7164,7166],"product_tag":[],"class_list":{"0":"post-36986","1":"product","2":"type-product","3":"status-publish","4":"has-post-thumbnail","6":"product_cat-books","7":"product_cat-juvenile-and-teen-comics-humour-en","8":"product_cat-teen-en","9":"pa_auteur-tastaire-aimat-en","10":"pa_editeur-ieo-dolt-en","11":"pa_langue-occitan-lengadocian-en","12":"pa_langue-occitan-francais-en","13":"entry","15":"first","16":"instock","17":"shipping-taxable","18":"purchasable","19":"product-type-simple"},"acf":[],"_links":{"self":[{"href":"https:\/\/www.libraria-occitana.org\/en\/wp-json\/wp\/v2\/product\/36986","targetHints":{"allow":["GET"]}}],"collection":[{"href":"https:\/\/www.libraria-occitana.org\/en\/wp-json\/wp\/v2\/product"}],"about":[{"href":"https:\/\/www.libraria-occitana.org\/en\/wp-json\/wp\/v2\/types\/product"}],"wp:featuredmedia":[{"embeddable":true,"href":"https:\/\/www.libraria-occitana.org\/en\/wp-json\/wp\/v2\/media\/37075"}],"wp:attachment":[{"href":"https:\/\/www.libraria-occitana.org\/en\/wp-json\/wp\/v2\/media?parent=36986"}],"wp:term":[{"taxonomy":"product_brand","embeddable":true,"href":"https:\/\/www.libraria-occitana.org\/en\/wp-json\/wp\/v2\/product_brand?post=36986"},{"taxonomy":"product_cat","embeddable":true,"href":"https:\/\/www.libraria-occitana.org\/en\/wp-json\/wp\/v2\/product_cat?post=36986"},{"taxonomy":"product_tag","embeddable":true,"href":"https:\/\/www.libraria-occitana.org\/en\/wp-json\/wp\/v2\/product_tag?post=36986"}],"curies":[{"name":"wp","href":"https:\/\/api.w.org\/{rel}","templated":true}]}}