{"id":37012,"date":"1984-06-13T11:31:56","date_gmt":"1984-06-13T09:31:56","guid":{"rendered":"http:\/\/www.libraria-occitana.org\/produit\/poesies-patoises\/"},"modified":"2026-04-15T04:06:49","modified_gmt":"2026-04-15T02:06:49","slug":"poesies-patoises","status":"publish","type":"product","link":"https:\/\/www.libraria-occitana.org\/en\/product\/poesies-patoises\/","title":{"rendered":"Po\u00e9sies patoises"},"content":{"rendered":"<p>Fran\u00e7ois Grabi\u00e9, Fran\u00e7ois-Gabriel Eyboulet de son vrai nom, est n\u00e9 le 21 mars 1834 \u00e0 Ussel dans une famille de tailleurs. D\u00e8s l\u2019\u00e2ge de quinze ans, il part pour Paris o\u00f9 il exerce cette profession, au magasin La Belle Jardini\u00e8re.<br \/>\nApr\u00e8s avoir pris du galon, Fran\u00e7ois Grabi\u00e9 revient au pays et ouvre en 1885 le Caf\u00e9 ussellois qui deviendra vite le point de ralliement des r\u00e9publicains les plus avanc\u00e9s et le si\u00e8ge des comit\u00e9s radicaux.<br \/>\nC\u2019est dans les journaux locaux qu\u2019il publie ses chansons tr\u00e8s engag\u00e9es. Il fonde une \u00e9cole f\u00e9libr\u00e9enne, l\u2019\u00c9cole des Ussels, en m\u00e9moire des quatre troubadours de ce nom : Gui, \u00c9bles, P\u00e8ire et \u00c9lias, leur cousin.<br \/>\nIl meurt le 25 ao\u00fbt 1902 dans sa ville natale, Ussel.<\/p>\n<p>Po\u00e9sies en graphie patoisante avec la traduction en fran\u00e7ais.<\/p>\n","protected":false},"excerpt":{"rendered":"<p>Fran\u00e7ois Grabi\u00e9, Fran\u00e7ois-Gabriel Eyboulet de son vrai nom, est n\u00e9 le 21 mars 1834 \u00e0 Ussel dans une famille de tailleurs. D\u00e8s l\u2019\u00e2ge de quinze ans, il part pour Paris o\u00f9 il exerce cette profession, au magasin La Belle Jardini\u00e8re. Apr\u00e8s avoir pris du galon, Fran\u00e7ois Grabi\u00e9 revient au pays et ouvre en 1885 le [&hellip;]<\/p>\n","protected":false},"featured_media":37053,"template":"","meta":{"_acf_changed":false,"_genesis_hide_title":false,"_genesis_hide_breadcrumbs":false,"_genesis_hide_singular_image":false,"_genesis_hide_footer_widgets":false,"_genesis_custom_body_class":"","_genesis_custom_post_class":"","_genesis_layout":""},"product_brand":[],"product_cat":[7132,7174,7180],"product_tag":[],"class_list":{"0":"post-37012","1":"product","2":"type-product","3":"status-publish","4":"has-post-thumbnail","6":"product_cat-books","7":"product_cat-literature-en","8":"product_cat-poetry-en","9":"pa_auteur-grabie-francois-en","10":"pa_editeur-musee-du-pays-dussel-en","11":"pa_langue-occitan-lemosin-en","12":"pa_langue-occitan-francais-en","13":"entry","15":"first","16":"instock","17":"shipping-taxable","18":"purchasable","19":"product-type-simple"},"acf":[],"_links":{"self":[{"href":"https:\/\/www.libraria-occitana.org\/en\/wp-json\/wp\/v2\/product\/37012","targetHints":{"allow":["GET"]}}],"collection":[{"href":"https:\/\/www.libraria-occitana.org\/en\/wp-json\/wp\/v2\/product"}],"about":[{"href":"https:\/\/www.libraria-occitana.org\/en\/wp-json\/wp\/v2\/types\/product"}],"wp:featuredmedia":[{"embeddable":true,"href":"https:\/\/www.libraria-occitana.org\/en\/wp-json\/wp\/v2\/media\/37053"}],"wp:attachment":[{"href":"https:\/\/www.libraria-occitana.org\/en\/wp-json\/wp\/v2\/media?parent=37012"}],"wp:term":[{"taxonomy":"product_brand","embeddable":true,"href":"https:\/\/www.libraria-occitana.org\/en\/wp-json\/wp\/v2\/product_brand?post=37012"},{"taxonomy":"product_cat","embeddable":true,"href":"https:\/\/www.libraria-occitana.org\/en\/wp-json\/wp\/v2\/product_cat?post=37012"},{"taxonomy":"product_tag","embeddable":true,"href":"https:\/\/www.libraria-occitana.org\/en\/wp-json\/wp\/v2\/product_tag?post=37012"}],"curies":[{"name":"wp","href":"https:\/\/api.w.org\/{rel}","templated":true}]}}