{"id":37043,"date":"2012-07-01T19:21:50","date_gmt":"2012-07-01T17:21:50","guid":{"rendered":"http:\/\/www.libraria-occitana.org\/?post_type=product&#038;p=37043"},"modified":"2026-04-24T22:51:08","modified_gmt":"2026-04-24T20:51:08","slug":"per-camins-cheminements","status":"publish","type":"product","link":"https:\/\/www.libraria-occitana.org\/en\/product\/per-camins-cheminements\/","title":{"rendered":"Per camins &#8211; Cheminements"},"content":{"rendered":"<p style=\"text-align: left;\">Vignes du bas pays ou pelouses du Causse, le po\u00e8te marche dans son pays et tente d\u2019exprimer l\u2019\u00e9motion de l\u2019instant, la sensation \u00e9ph\u00e9m\u00e8re, le sentiment qui se trouve trop \u00e0 l\u2019\u00e9troit dans le c\u0153ur et le dilate aux dimensions de l\u2019infini. Le titre nous en avertit : la marche, condition et image de l\u2019\u00e9criture, est le fil conducteur du recueil. Or toute marche est qu\u00eate. La qu\u00eate po\u00e9tique de Joan-Pau Creissac est ambitieuse dans son projet et humble dans sa forme : po\u00e9sie \u00e9num\u00e9rative et litanique, pas apr\u00e8s pas, r\u00e9pertoire des choses \u00e0 port\u00e9e de main, des \u00e9motions \u00e0 port\u00e9e de c\u0153ur. Que le po\u00e8te se parle \u00e0 lui-m\u00eame, qu\u2019il interpelle les paysages comme s\u2019ils avaient une \u00e2me (l\u2019Aigoual, le Rh\u00f4ne) ou invoque en demi-confidence d\u2019\u00e9vanescents destinataires, le po\u00e8me est un fragment de monologue int\u00e9rieur au tu omnipr\u00e9sent. Apr\u00e8s <em>Correspond\u00e9ncias<\/em>, paru voici plus de vingt ans aux m\u00eames \u00e9ditions, <em>Per camins<\/em> est lui aussi un inventaire du monde, mais teint\u00e9 cette fois-ci de m\u00e9lancolie, d\u2019inqui\u00e9tude et de doute, comme si \u00ab le lieu de culture et de po\u00e9sie \u00bb auquel aspire le po\u00e8te \u00e9tait ressenti comme d\u00e9finitivement utopique :<\/p>\n<blockquote>\n<p style=\"text-align: left;\">La terre te parle<br \/>\nles paroles cependant s\u2019\u00e9teignent.<br \/>\nNous restera-t-il seulement la m\u00e9moire ?<\/p>\n<\/blockquote>\n<p style=\"text-align: right;\">Jean-Claude For\u00eat<\/p>\n","protected":false},"excerpt":{"rendered":"<p>Vignes du bas pays ou pelouses du Causse, le po\u00e8te marche dans son pays et tente d\u2019exprimer l\u2019\u00e9motion de l\u2019instant, la sensation \u00e9ph\u00e9m\u00e8re, le sentiment qui se trouve trop \u00e0 l\u2019\u00e9troit dans le c\u0153ur et le dilate aux dimensions de l\u2019infini. Le titre nous en avertit : la marche, condition et image de l\u2019\u00e9criture, est [&hellip;]<\/p>\n","protected":false},"featured_media":37046,"template":"","meta":{"_acf_changed":false,"_genesis_hide_title":false,"_genesis_hide_breadcrumbs":false,"_genesis_hide_singular_image":false,"_genesis_hide_footer_widgets":false,"_genesis_custom_body_class":"","_genesis_custom_post_class":"","_genesis_layout":""},"product_brand":[],"product_cat":[7132,7174,7180],"product_tag":[],"class_list":{"0":"post-37043","1":"product","2":"type-product","3":"status-publish","4":"has-post-thumbnail","6":"product_cat-books","7":"product_cat-literature-en","8":"product_cat-poetry-en","9":"pa_auteur-creissac-joan-pau-en","10":"pa_editeur-federop-en","11":"pa_illustrateur-rouquette-jean-guilhem-en","12":"pa_langue-occitan-lengadocian-en","13":"pa_langue-occitan-francais-en","14":"entry","16":"first","17":"instock","18":"shipping-taxable","19":"purchasable","20":"product-type-simple"},"acf":[],"_links":{"self":[{"href":"https:\/\/www.libraria-occitana.org\/en\/wp-json\/wp\/v2\/product\/37043","targetHints":{"allow":["GET"]}}],"collection":[{"href":"https:\/\/www.libraria-occitana.org\/en\/wp-json\/wp\/v2\/product"}],"about":[{"href":"https:\/\/www.libraria-occitana.org\/en\/wp-json\/wp\/v2\/types\/product"}],"wp:featuredmedia":[{"embeddable":true,"href":"https:\/\/www.libraria-occitana.org\/en\/wp-json\/wp\/v2\/media\/37046"}],"wp:attachment":[{"href":"https:\/\/www.libraria-occitana.org\/en\/wp-json\/wp\/v2\/media?parent=37043"}],"wp:term":[{"taxonomy":"product_brand","embeddable":true,"href":"https:\/\/www.libraria-occitana.org\/en\/wp-json\/wp\/v2\/product_brand?post=37043"},{"taxonomy":"product_cat","embeddable":true,"href":"https:\/\/www.libraria-occitana.org\/en\/wp-json\/wp\/v2\/product_cat?post=37043"},{"taxonomy":"product_tag","embeddable":true,"href":"https:\/\/www.libraria-occitana.org\/en\/wp-json\/wp\/v2\/product_tag?post=37043"}],"curies":[{"name":"wp","href":"https:\/\/api.w.org\/{rel}","templated":true}]}}