{"id":37167,"date":"2015-05-24T14:45:56","date_gmt":"2015-05-24T12:45:56","guid":{"rendered":"http:\/\/www.libraria-occitana.org\/produit\/petit-traite-amoureux-de-laioli\/"},"modified":"2026-04-29T01:56:57","modified_gmt":"2026-04-28T23:56:57","slug":"petit-traite-amoureux-de-laioli","status":"publish","type":"product","link":"https:\/\/www.libraria-occitana.org\/en\/product\/petit-traite-amoureux-de-laioli\/","title":{"rendered":"Petit trait\u00e9 amoureux de l&#8217;A\u00efoli"},"content":{"rendered":"<p>Ce <em>Petit trait\u00e9 amoureux<\/em> vous raconte l&#8217;essentiel de l&#8217;histoire de l&#8217;a\u00efoli, de l&#8217;apparition du mot et des origines de la chose jusqu&#8217;\u00e0 nos jours ; il \u00e9voque les usages qu&#8217;en font les M\u00e9ridionaux de France et leurs variantes dans d&#8217;autres pays de la M\u00e9diterran\u00e9e. Au centre du livre, l&#8217;essentiel : \u00ab la pommade \u00e0 ma fa\u00e7on \u00bb et la recette \u00ab heure par heure \u00bb du \u00ab grand a\u00efoli \u00bb, compl\u00e9t\u00e9e de celle de la bourride. Et puis, ce qu&#8217;il faut savoir sur la mani\u00e8re de relever un a\u00efoli tomb\u00e9, de faire un a\u00efoli sans \u0153ufs, de se d\u00e9barrasser de l&#8217;odeur d&#8217;ail de votre haleine, ainsi que les r\u00e9ponses \u00e0 la question cruciale : \u00ab Que boire avec \u00bb ?<\/p>\n<p>Un petit couplet sur l&#8217;a\u00efoli, aliment-sant\u00e9, compl\u00e8te l&#8217;ensemble, suivi de deux ou trois anecdotes savoureuses sur les bienfaits parfois surprenants de ce mets d\u00e9cid\u00e9ment incomparable.<\/p>\n<p>L&#8217;<em>anthologie a\u00efolique<\/em> qui cl\u00f4t l&#8217;ouvrage r\u00e9unit quelques textes d&#8217;auteurs &#8211; romanciers, po\u00e8tes, chansonniers &#8211; d&#8217;hier et d&#8217;aujourd&#8217;hui. De quoi vous apporter \u00e0 la fois amusement et r\u00e9flexion&#8230; et faire de vous, si vous ne l&#8217;\u00eates d\u00e9j\u00e0, d&#8217;authentiques \u00ab amoureux \u00bb de l&#8217;a\u00efoli.<\/p>\n","protected":false},"excerpt":{"rendered":"<p>Ce Petit trait\u00e9 amoureux vous raconte l&#8217;essentiel de l&#8217;histoire de l&#8217;a\u00efoli, de l&#8217;apparition du mot et des origines de la chose jusqu&#8217;\u00e0 nos jours ; il \u00e9voque les usages qu&#8217;en font les M\u00e9ridionaux de France et leurs variantes dans d&#8217;autres pays de la M\u00e9diterran\u00e9e. Au centre du livre, l&#8217;essentiel : \u00ab la pommade \u00e0 ma [&hellip;]<\/p>\n","protected":false},"featured_media":37165,"template":"","meta":{"_acf_changed":false,"_genesis_hide_title":false,"_genesis_hide_breadcrumbs":false,"_genesis_hide_singular_image":false,"_genesis_hide_footer_widgets":false,"_genesis_custom_body_class":"","_genesis_custom_post_class":"","_genesis_layout":""},"product_brand":[],"product_cat":[7132,7210,7206],"product_tag":[],"class_list":{"0":"post-37167","1":"product","2":"type-product","3":"status-publish","4":"has-post-thumbnail","6":"product_cat-books","7":"product_cat-cooking-cuisine-en","8":"product_cat-traditions-heritage-en","9":"pa_auteur-bonnadier-jacques-en","10":"pa_editeur-a-lasard-bautezar-en","11":"pa_langue-francais-en","12":"entry","14":"first","15":"outofstock","16":"shipping-taxable","17":"purchasable","18":"product-type-simple"},"acf":[],"_links":{"self":[{"href":"https:\/\/www.libraria-occitana.org\/en\/wp-json\/wp\/v2\/product\/37167","targetHints":{"allow":["GET"]}}],"collection":[{"href":"https:\/\/www.libraria-occitana.org\/en\/wp-json\/wp\/v2\/product"}],"about":[{"href":"https:\/\/www.libraria-occitana.org\/en\/wp-json\/wp\/v2\/types\/product"}],"wp:featuredmedia":[{"embeddable":true,"href":"https:\/\/www.libraria-occitana.org\/en\/wp-json\/wp\/v2\/media\/37165"}],"wp:attachment":[{"href":"https:\/\/www.libraria-occitana.org\/en\/wp-json\/wp\/v2\/media?parent=37167"}],"wp:term":[{"taxonomy":"product_brand","embeddable":true,"href":"https:\/\/www.libraria-occitana.org\/en\/wp-json\/wp\/v2\/product_brand?post=37167"},{"taxonomy":"product_cat","embeddable":true,"href":"https:\/\/www.libraria-occitana.org\/en\/wp-json\/wp\/v2\/product_cat?post=37167"},{"taxonomy":"product_tag","embeddable":true,"href":"https:\/\/www.libraria-occitana.org\/en\/wp-json\/wp\/v2\/product_tag?post=37167"}],"curies":[{"name":"wp","href":"https:\/\/api.w.org\/{rel}","templated":true}]}}