{"id":37173,"date":"2006-11-24T15:06:43","date_gmt":"2006-11-24T14:06:43","guid":{"rendered":"http:\/\/www.libraria-occitana.org\/produit\/les-oiseaux-de-provence-dans-le-savoir-populaire\/"},"modified":"2026-04-08T02:56:15","modified_gmt":"2026-04-08T00:56:15","slug":"les-oiseaux-de-provence-dans-le-savoir-populaire","status":"publish","type":"product","link":"https:\/\/www.libraria-occitana.org\/en\/product\/les-oiseaux-de-provence-dans-le-savoir-populaire\/","title":{"rendered":"Les Oiseaux de Provence dans le savoir populaire"},"content":{"rendered":"<p>Les parties en occitan sont en graphie mistralienne.<\/p>\n<p>Les rapports entretenus par les Proven\u00e7aux avec les oiseaux sont multiples et complexes. L&#8217;ouvrage de Charles Galtier montre comment l&#8217;homme consid\u00e8re l&#8217;oiseau en vue de satisfaire ses besoins mat\u00e9riels, psychologiques et m\u00e9taphysiques, d\u00e9veloppant ainsi la connaissance de son environnement. Il projette aussi un \u00e9clairage original sur la diversit\u00e9 des \u00e9tudes possibles.<\/p>\n<p>Charles Galtier a pass\u00e9 des ann\u00e9es \u00e0 rassembler le savoir populaire proven\u00e7al dans ses nombreux bestiaires : locutions, dictons, proverbes, jeux et chants, contes et l\u00e9gendes, fables et fabliaux, coutumes, traditions ont illustr\u00e9 son \u0153uvre. Il comptait sur la coop\u00e9ration de ses lecteurs pour enrichir le bestiaire proven\u00e7al consacr\u00e9 au monde merveilleux des oiseaux.<\/p>\n<p>\u00c0 nous maintenant de continuer son \u0153uvre en multipliant les enqu\u00eates r\u00e9gionales de terrain aupr\u00e8s de nos anciens, d\u00e9tenteurs du savoir local, afin qu&#8217;il se perp\u00e9tue.<\/p>\n","protected":false},"excerpt":{"rendered":"<p>Les parties en occitan sont en graphie mistralienne. Les rapports entretenus par les Proven\u00e7aux avec les oiseaux sont multiples et complexes. L&#8217;ouvrage de Charles Galtier montre comment l&#8217;homme consid\u00e8re l&#8217;oiseau en vue de satisfaire ses besoins mat\u00e9riels, psychologiques et m\u00e9taphysiques, d\u00e9veloppant ainsi la connaissance de son environnement. Il projette aussi un \u00e9clairage original sur la [&hellip;]<\/p>\n","protected":false},"featured_media":37171,"template":"","meta":{"_acf_changed":false,"_genesis_hide_title":false,"_genesis_hide_breadcrumbs":false,"_genesis_hide_singular_image":false,"_genesis_hide_footer_widgets":false,"_genesis_custom_body_class":"","_genesis_custom_post_class":"","_genesis_layout":""},"product_brand":[],"product_cat":[7132,7208,7206],"product_tag":[],"class_list":{"0":"post-37173","1":"product","2":"type-product","3":"status-publish","4":"has-post-thumbnail","6":"product_cat-books","7":"product_cat-customs-rites-and-beliefs-en","8":"product_cat-traditions-heritage-en","9":"entry","11":"first","12":"outofstock","13":"shipping-taxable","14":"purchasable","15":"product-type-simple"},"acf":[],"_links":{"self":[{"href":"https:\/\/www.libraria-occitana.org\/en\/wp-json\/wp\/v2\/product\/37173","targetHints":{"allow":["GET"]}}],"collection":[{"href":"https:\/\/www.libraria-occitana.org\/en\/wp-json\/wp\/v2\/product"}],"about":[{"href":"https:\/\/www.libraria-occitana.org\/en\/wp-json\/wp\/v2\/types\/product"}],"wp:featuredmedia":[{"embeddable":true,"href":"https:\/\/www.libraria-occitana.org\/en\/wp-json\/wp\/v2\/media\/37171"}],"wp:attachment":[{"href":"https:\/\/www.libraria-occitana.org\/en\/wp-json\/wp\/v2\/media?parent=37173"}],"wp:term":[{"taxonomy":"product_brand","embeddable":true,"href":"https:\/\/www.libraria-occitana.org\/en\/wp-json\/wp\/v2\/product_brand?post=37173"},{"taxonomy":"product_cat","embeddable":true,"href":"https:\/\/www.libraria-occitana.org\/en\/wp-json\/wp\/v2\/product_cat?post=37173"},{"taxonomy":"product_tag","embeddable":true,"href":"https:\/\/www.libraria-occitana.org\/en\/wp-json\/wp\/v2\/product_tag?post=37173"}],"curies":[{"name":"wp","href":"https:\/\/api.w.org\/{rel}","templated":true}]}}