{"id":37185,"date":"1980-12-24T15:35:33","date_gmt":"1980-12-24T14:35:33","guid":{"rendered":"http:\/\/www.libraria-occitana.org\/produit\/descolonisar-listoria-occitana-tome-i-reduseires-de-caps\/"},"modified":"2026-04-29T04:11:18","modified_gmt":"2026-04-29T02:11:18","slug":"descolonisar-listoria-occitana-tome-i-reduseires-de-caps","status":"publish","type":"product","link":"https:\/\/www.libraria-occitana.org\/en\/product\/descolonisar-listoria-occitana-tome-i-reduseires-de-caps\/","title":{"rendered":"Descolonisar l&#8217;ist\u00f2ria occitana t\u00f2me I : Redus\u00e8ires de caps"},"content":{"rendered":"<p>Los Occitans p\u00f2don ben carrejar son cap sus las espatlas&#8230; es un cap redusit, vojat del dedins.<\/p>\n<p>Me ven encara un autre image : lo d\u2019aquela v\u00e8spa que fissa lo cerv\u00e8l d\u2019un paure grilhet per l\u2019endormir, e pon sos u\u00f2us dins sa carn que va servir tota viva de noiritura a sas babas.<\/p>\n<p>Los s\u00e8gles XVII-XVIII correspondon en gr\u00f2s a aquela fasa d\u2019inibicion dels centres motors.<\/p>\n<p>Nos cal contar, aperabans, los esf\u00f2rces del paure grilhet per se sortir dels ceucles bronzinaires de la v\u00e8spa.<\/p>\n<p><a href=\"http:\/\/www.libraria-occitana.org\/produit\/descolonisar-listoria-occitana-tome-ii-lenemic-dins-la-closca\/\"><em>Descolonisar l\u2019ist\u00f2ria occitana t\u00f2me II : L\u2019enemic dins la cl\u00f2sca<\/em><\/a><\/p>\n","protected":false},"excerpt":{"rendered":"<p>Los Occitans p\u00f2don ben carrejar son cap sus las espatlas&#8230; es un cap redusit, vojat del dedins. Me ven encara un autre image : lo d\u2019aquela v\u00e8spa que fissa lo cerv\u00e8l d\u2019un paure grilhet per l\u2019endormir, e pon sos u\u00f2us dins sa carn que va servir tota viva de noiritura a sas babas. Los s\u00e8gles [&hellip;]<\/p>\n","protected":false},"featured_media":37183,"template":"","meta":{"_acf_changed":false,"_genesis_hide_title":false,"_genesis_hide_breadcrumbs":false,"_genesis_hide_singular_image":false,"_genesis_hide_footer_widgets":false,"_genesis_custom_body_class":"","_genesis_custom_post_class":"","_genesis_layout":""},"product_brand":[],"product_cat":[7132,7202],"product_tag":[],"class_list":{"0":"post-37185","1":"product","2":"type-product","3":"status-publish","4":"has-post-thumbnail","6":"product_cat-books","7":"product_cat-politics-sociology-current-affairs-en","8":"pa_auteur-roqueta-larzac-joan-en","9":"pa_editeur-ieo-fr-en","10":"pa_langue-occitan-en","11":"pa_langue-occitan-lengadocian-en","12":"entry","14":"first","15":"outofstock","16":"shipping-taxable","17":"purchasable","18":"product-type-simple"},"acf":[],"_links":{"self":[{"href":"https:\/\/www.libraria-occitana.org\/en\/wp-json\/wp\/v2\/product\/37185","targetHints":{"allow":["GET"]}}],"collection":[{"href":"https:\/\/www.libraria-occitana.org\/en\/wp-json\/wp\/v2\/product"}],"about":[{"href":"https:\/\/www.libraria-occitana.org\/en\/wp-json\/wp\/v2\/types\/product"}],"wp:featuredmedia":[{"embeddable":true,"href":"https:\/\/www.libraria-occitana.org\/en\/wp-json\/wp\/v2\/media\/37183"}],"wp:attachment":[{"href":"https:\/\/www.libraria-occitana.org\/en\/wp-json\/wp\/v2\/media?parent=37185"}],"wp:term":[{"taxonomy":"product_brand","embeddable":true,"href":"https:\/\/www.libraria-occitana.org\/en\/wp-json\/wp\/v2\/product_brand?post=37185"},{"taxonomy":"product_cat","embeddable":true,"href":"https:\/\/www.libraria-occitana.org\/en\/wp-json\/wp\/v2\/product_cat?post=37185"},{"taxonomy":"product_tag","embeddable":true,"href":"https:\/\/www.libraria-occitana.org\/en\/wp-json\/wp\/v2\/product_tag?post=37185"}],"curies":[{"name":"wp","href":"https:\/\/api.w.org\/{rel}","templated":true}]}}