{"id":37195,"date":"2016-06-24T15:49:40","date_gmt":"2016-06-24T13:49:40","guid":{"rendered":"http:\/\/www.libraria-occitana.org\/produit\/la-nau-dels-fols\/"},"modified":"2026-04-02T22:02:07","modified_gmt":"2026-04-02T20:02:07","slug":"la-nau-dels-fols","status":"publish","type":"product","link":"https:\/\/www.libraria-occitana.org\/en\/product\/la-nau-dels-fols\/","title":{"rendered":"La nau dels f\u00f2ls"},"content":{"rendered":"<p>L\u2019apostilha que claus lo darri\u00e8r roman nos explica que lo proj\u00e8cte inicial se titolava \u00ab Lo Rad\u00e8l de la Medusa \u00bb e qu\u2019\u00e8ra \u00ab una sembla autobiografia en f\u00f2rma de faula satirica un pauc tr\u00f2p transparenta suls trecimacis de l\u2019occitanisme recent \u00bb.<\/p>\n<p>Precisa que se mud\u00e8t finalament en <em>Nau dels f\u00f2ls<\/em> per d\u2019escuras rasons que, sens cap de dobte, los legeires las comprendr\u00e0n mi\u00e8lhs que lo quite autor. Dins l&#8217;operacion los personatges que servigu\u00e8ron de mod\u00e8ls pass\u00e8ron, \u00e7\u00f2 ditz, del realisme critic a l&#8217;imaginari descabestrat.<\/p>\n<p>Fagu\u00e8ron en camin :\u00a0\u00ab un sejorn reparator del costat de Sebastian Brant, Rabelais, Ghelderode, Quevedo, E. Mendoza o T. Sharpe e per un asili dels baugs barr\u00f2c, picaresc e destroy\u00a0\u00bb que li semblava, al moment qu&#8217;escrivi\u00e1 lo raconte\u00a0\u00ab l&#8217;imatge mai pertinent per evocar una part del pich\u00f2t (plan pich\u00f2t) mond divertissent de l&#8217;occitanisme (pas tot !) de u\u00e8i \u00bb.<\/p>\n","protected":false},"excerpt":{"rendered":"<p>L\u2019apostilha que claus lo darri\u00e8r roman nos explica que lo proj\u00e8cte inicial se titolava \u00ab Lo Rad\u00e8l de la Medusa \u00bb e qu\u2019\u00e8ra \u00ab una sembla autobiografia en f\u00f2rma de faula satirica un pauc tr\u00f2p transparenta suls trecimacis de l\u2019occitanisme recent \u00bb. Precisa que se mud\u00e8t finalament en Nau dels f\u00f2ls per d\u2019escuras rasons que, [&hellip;]<\/p>\n","protected":false},"featured_media":37193,"template":"","meta":{"_acf_changed":false,"_genesis_hide_title":false,"_genesis_hide_breadcrumbs":false,"_genesis_hide_singular_image":false,"_genesis_hide_footer_widgets":false,"_genesis_custom_body_class":"","_genesis_custom_post_class":"","_genesis_layout":""},"product_brand":[],"product_cat":[7132,7174,7182],"product_tag":[],"class_list":{"0":"post-37195","1":"product","2":"type-product","3":"status-publish","4":"has-post-thumbnail","6":"product_cat-books","7":"product_cat-literature-en","8":"product_cat-novels-short-stories-en","9":"pa_auteur-vernet-florian-en","10":"pa_editeur-ieo-fr-en","11":"pa_langue-occitan-en","12":"pa_langue-occitan-lengadocian-en","13":"entry","15":"first","16":"instock","17":"shipping-taxable","18":"purchasable","19":"product-type-simple"},"acf":[],"_links":{"self":[{"href":"https:\/\/www.libraria-occitana.org\/en\/wp-json\/wp\/v2\/product\/37195","targetHints":{"allow":["GET"]}}],"collection":[{"href":"https:\/\/www.libraria-occitana.org\/en\/wp-json\/wp\/v2\/product"}],"about":[{"href":"https:\/\/www.libraria-occitana.org\/en\/wp-json\/wp\/v2\/types\/product"}],"wp:featuredmedia":[{"embeddable":true,"href":"https:\/\/www.libraria-occitana.org\/en\/wp-json\/wp\/v2\/media\/37193"}],"wp:attachment":[{"href":"https:\/\/www.libraria-occitana.org\/en\/wp-json\/wp\/v2\/media?parent=37195"}],"wp:term":[{"taxonomy":"product_brand","embeddable":true,"href":"https:\/\/www.libraria-occitana.org\/en\/wp-json\/wp\/v2\/product_brand?post=37195"},{"taxonomy":"product_cat","embeddable":true,"href":"https:\/\/www.libraria-occitana.org\/en\/wp-json\/wp\/v2\/product_cat?post=37195"},{"taxonomy":"product_tag","embeddable":true,"href":"https:\/\/www.libraria-occitana.org\/en\/wp-json\/wp\/v2\/product_tag?post=37195"}],"curies":[{"name":"wp","href":"https:\/\/api.w.org\/{rel}","templated":true}]}}