{"id":37205,"date":"2003-05-24T16:56:17","date_gmt":"2003-05-24T14:56:17","guid":{"rendered":"http:\/\/www.libraria-occitana.org\/produit\/pichot-tresor-de-cupidoun-vocabulaire-amoureux\/"},"modified":"2026-04-25T23:56:12","modified_gmt":"2026-04-25T21:56:12","slug":"pichot-tresor-de-cupidoun-vocabulaire-amoureux","status":"publish","type":"product","link":"https:\/\/www.libraria-occitana.org\/en\/product\/pichot-tresor-de-cupidoun-vocabulaire-amoureux\/","title":{"rendered":"Pichot Tresor de Cupidoun &#8211; Vocabulaire amoureux"},"content":{"rendered":"<p>En occitan graphie mistralienne avec la traduction fran\u00e7aise.<\/p>\n<p>Ce Cupidon proven\u00e7al porte dans son carquois, des proverbes malicieux, des allusions imag\u00e9es, qui constituent les \u00e9l\u00e9ments d&#8217;un langage \u00e9rotique, du seizi\u00e8me au vingti\u00e8me si\u00e8cle. Un floril\u00e8ge accompagne ce vocabulaire, t\u00e9moin d&#8217;une langue et d&#8217;une culture avec Bellaud de la Bellaudi\u00e8re, Max-Philippe Delavou\u00ebt, le Marquis de Sade, Fr\u00e9d\u00e9ric Mistral, Victor Gelu, Jean-Yves Royer&#8230;, dans la vari\u00e9t\u00e9 des formes litt\u00e9raires : po\u00e8me, chanson, th\u00e9\u00e2tre, correspondance.<\/p>\n<p>Faire l&#8217;amour : \u00ab <em>Faire lou mesti\u00e9<\/em>, <em>faire lou mesti\u00e9 de cougno-cougno<\/em>, <em>faire l&#8217;ordre de sant-mac\u00e0ri<\/em>, <em>faire ramounet<\/em>, <em>faire lou revessin<\/em>, <em>faire la tarantaro ou la tarantello<\/em>, <em>faire la naturalo danso<\/em>, <em>faire la danso d\u00f3u loup<\/em>, <em>faire uno toumbareleto<\/em>, <em>faire de cambado<\/em>,<em> faire la piagno<\/em>, <em>faire peta brunet<\/em>, <em>faire d&#8217;ensert<\/em>, <em>enserta<\/em>,<em> faire gingin<\/em>,<em> faire jouga l&#8217;arleri ou afana l&#8217;arl\u00e8ri<\/em>, <em>faire jouga l&#8217;outis ou trafega l&#8217;\u00f3utis<\/em>, <em>faire la bricolo<\/em>, <em>faire terro-tremo<\/em>&#8230; \u00bb<\/p>\n<p style=\"text-align: right;\">Extrait du vocabulaire<\/p>\n","protected":false},"excerpt":{"rendered":"<p>En occitan graphie mistralienne avec la traduction fran\u00e7aise. Ce Cupidon proven\u00e7al porte dans son carquois, des proverbes malicieux, des allusions imag\u00e9es, qui constituent les \u00e9l\u00e9ments d&#8217;un langage \u00e9rotique, du seizi\u00e8me au vingti\u00e8me si\u00e8cle. Un floril\u00e8ge accompagne ce vocabulaire, t\u00e9moin d&#8217;une langue et d&#8217;une culture avec Bellaud de la Bellaudi\u00e8re, Max-Philippe Delavou\u00ebt, le Marquis de Sade, [&hellip;]<\/p>\n","protected":false},"featured_media":37203,"template":"","meta":{"_acf_changed":false,"_genesis_hide_title":false,"_genesis_hide_breadcrumbs":false,"_genesis_hide_singular_image":false,"_genesis_hide_footer_widgets":false,"_genesis_custom_body_class":"","_genesis_custom_post_class":"","_genesis_layout":""},"product_brand":[],"product_cat":[7132,7136,7146],"product_tag":[],"class_list":{"0":"post-37205","1":"product","2":"type-product","3":"status-publish","4":"has-post-thumbnail","6":"product_cat-books","7":"product_cat-dictionaries-language-educational-en","8":"product_cat-vocabulary-idioms-en","9":"pa_auteur-paul-pierre-en","10":"pa_editeur-librairie-contemporaine-en","11":"pa_langue-occitan-provencau-en","12":"pa_langue-occitan-francais-en","13":"entry","15":"first","16":"instock","17":"shipping-taxable","18":"purchasable","19":"product-type-simple"},"acf":[],"_links":{"self":[{"href":"https:\/\/www.libraria-occitana.org\/en\/wp-json\/wp\/v2\/product\/37205","targetHints":{"allow":["GET"]}}],"collection":[{"href":"https:\/\/www.libraria-occitana.org\/en\/wp-json\/wp\/v2\/product"}],"about":[{"href":"https:\/\/www.libraria-occitana.org\/en\/wp-json\/wp\/v2\/types\/product"}],"wp:featuredmedia":[{"embeddable":true,"href":"https:\/\/www.libraria-occitana.org\/en\/wp-json\/wp\/v2\/media\/37203"}],"wp:attachment":[{"href":"https:\/\/www.libraria-occitana.org\/en\/wp-json\/wp\/v2\/media?parent=37205"}],"wp:term":[{"taxonomy":"product_brand","embeddable":true,"href":"https:\/\/www.libraria-occitana.org\/en\/wp-json\/wp\/v2\/product_brand?post=37205"},{"taxonomy":"product_cat","embeddable":true,"href":"https:\/\/www.libraria-occitana.org\/en\/wp-json\/wp\/v2\/product_cat?post=37205"},{"taxonomy":"product_tag","embeddable":true,"href":"https:\/\/www.libraria-occitana.org\/en\/wp-json\/wp\/v2\/product_tag?post=37205"}],"curies":[{"name":"wp","href":"https:\/\/api.w.org\/{rel}","templated":true}]}}