{"id":37211,"date":"2017-07-24T18:51:05","date_gmt":"2017-07-24T16:51:05","guid":{"rendered":"http:\/\/www.libraria-occitana.org\/produit\/vara-vau\/"},"modified":"2026-04-29T02:46:52","modified_gmt":"2026-04-29T00:46:52","slug":"vara-vau","status":"publish","type":"product","link":"https:\/\/www.libraria-occitana.org\/en\/product\/vara-vau\/","title":{"rendered":"Vara vau"},"content":{"rendered":"<p><strong>Antonin Duval :<\/strong> Violon, chant, pieds<br \/>\n<strong>Arnaud Bibonne :<\/strong> Cabrette, chant, pied<br \/>\n<strong>Lucien Pillot :<\/strong> Vielle \u00e0 roue, chant<br \/>\n<strong>Florent Paulet :<\/strong> Accord\u00e9on diatonique, chant<\/p>\n<p>Le Velay est la partie la plus septentrionale &#8211; avec le Vivarais &#8211; de l\u2019ancienne province du Languedoc, apparent\u00e9e ethnographiquement \u00e0 l\u2019Auvergne. Los Cinc Jaus &#8211; qui comme les 3 mousquetaires sont 4 &#8211; se sont attel\u00e9s \u00e0 cette exploration, qui est en fait une histoire de famille. Pour Florent Paulet, en tout cas, qui nous fait d\u00e9couvrir le riche r\u00e9pertoire, airs \u00e0 danser et chansons, en oc ou en fran\u00e7ais, collect\u00e9 dans les ann\u00e9es 1970 par l\u2019association Ratapenada, avec entre autres Michel Paulet. Et parmi les informateurs &#8211; tous cit\u00e9s &#8211; on peut trouver une certaine Anna Paulet, d\u2019Yssingeaux (la ville aux cinq coqs, <em>laus cinc jaus<\/em>). Cet h\u00e9ritage, Florent le fait tr\u00e8s heureusement (et tr\u00e8s joyeusement) fructifier avec Lucien Pillot (Face \u00e0 Phasmes), Arnaud Bibonne (Duo Bibonne-Raibaud) et Antonin Duval (Gargamas). Tous les quatre savent se mettre au service d\u2019un r\u00e9pertoire traditionnel, en alliant rigueur, cadence et une certaine innovation, par exemple dans leurs polyphonies \u00e0 la fois fines, vari\u00e9es et entra\u00eenantes.<\/p>\n<p>Indication des sources et des paroles des chansons (parler vellave et traduction).<br \/>\nTous titres traditionnels : Velay (18 titres), Vivarais (2 titres).<\/p>\n<p><strong>Titres :<\/strong><br \/>\n1. L\u2019aigo de r\u00f2sa (scottish, Velay) 2&#8217;53<br \/>\n2. La desgaubiada \/ La retira (chanson \/ bourr\u00e9e \u00e0 2 temps) 2&#8217;49<br \/>\n3. Le grenadier (chanson) 6&#8217;55<br \/>\n4. Teisson tira l\u2019est\u00e8va (polka) 2&#8217;36<br \/>\n5. La bergeira e lo monsur \/ Ount anarem dgitar (chanson \/ bourr\u00e9e \u00e0 3 temps) 4&#8217;24<br \/>\n6. La s\u0153ur d\u2019Araules (chanson) 2&#8217;56<br \/>\n7. Gar\u00e7ons de mon village (chanson) 3&#8217;31<br \/>\n8. Elh chamin delh prat boisson (mazurka) 4&#8217;16<br \/>\n9. Vara vau (bourr\u00e9e \u00e0 3 temps) 3&#8217;19<br \/>\n10. En revenant de la foire de Montfaucon (chanson) 3&#8217;00<br \/>\n11. Pilier de cabaret (chanson) 3&#8217;08<br \/>\n12. Le dimanche en me promenant (valse) 3&#8217;27<br \/>\n13. Joan-Glhauda \/ Lo cocut \/ Ieu me vau pas (bourr\u00e9es 3 temps) 3&#8217;17<br \/>\n14. Quand lo merle sauta elh prat (polka) 3&#8217;22<br \/>\n15. Quand es qu\u2019\u00e8ro peti\u00f2ta (chanson, Velay) 4&#8217;52<\/p>\n","protected":false},"excerpt":{"rendered":"<p>Antonin Duval : Violon, chant, pieds Arnaud Bibonne : Cabrette, chant, pied Lucien Pillot : Vielle \u00e0 roue, chant Florent Paulet : Accord\u00e9on diatonique, chant Le Velay est la partie la plus septentrionale &#8211; avec le Vivarais &#8211; de l\u2019ancienne province du Languedoc, apparent\u00e9e ethnographiquement \u00e0 l\u2019Auvergne. Los Cinc Jaus &#8211; qui comme les 3 [&hellip;]<\/p>\n","protected":false},"featured_media":37209,"template":"","meta":{"_acf_changed":false,"_genesis_hide_title":false,"_genesis_hide_breadcrumbs":false,"_genesis_hide_singular_image":false,"_genesis_hide_footer_widgets":false,"_genesis_custom_body_class":"","_genesis_custom_post_class":"","_genesis_layout":""},"product_brand":[],"product_cat":[7228,7216],"product_tag":[],"class_list":{"0":"post-37211","1":"product","2":"type-product","3":"status-publish","4":"has-post-thumbnail","6":"product_cat-modern-folk-en","7":"product_cat-music-en","8":"pa_auteur-los-cinc-jaus-en","9":"pa_editeur-aepem-en","10":"pa_editeur-association-ratapenada-en","11":"pa_langue-francais-en","12":"pa_langue-occitan-en","13":"pa_langue-occitan-auvernhat-en","14":"entry","16":"first","17":"outofstock","18":"shipping-taxable","19":"purchasable","20":"product-type-simple"},"acf":[],"_links":{"self":[{"href":"https:\/\/www.libraria-occitana.org\/en\/wp-json\/wp\/v2\/product\/37211","targetHints":{"allow":["GET"]}}],"collection":[{"href":"https:\/\/www.libraria-occitana.org\/en\/wp-json\/wp\/v2\/product"}],"about":[{"href":"https:\/\/www.libraria-occitana.org\/en\/wp-json\/wp\/v2\/types\/product"}],"wp:featuredmedia":[{"embeddable":true,"href":"https:\/\/www.libraria-occitana.org\/en\/wp-json\/wp\/v2\/media\/37209"}],"wp:attachment":[{"href":"https:\/\/www.libraria-occitana.org\/en\/wp-json\/wp\/v2\/media?parent=37211"}],"wp:term":[{"taxonomy":"product_brand","embeddable":true,"href":"https:\/\/www.libraria-occitana.org\/en\/wp-json\/wp\/v2\/product_brand?post=37211"},{"taxonomy":"product_cat","embeddable":true,"href":"https:\/\/www.libraria-occitana.org\/en\/wp-json\/wp\/v2\/product_cat?post=37211"},{"taxonomy":"product_tag","embeddable":true,"href":"https:\/\/www.libraria-occitana.org\/en\/wp-json\/wp\/v2\/product_tag?post=37211"}],"curies":[{"name":"wp","href":"https:\/\/api.w.org\/{rel}","templated":true}]}}