{"id":37220,"date":"2017-06-25T12:50:34","date_gmt":"2017-06-25T10:50:34","guid":{"rendered":"http:\/\/www.libraria-occitana.org\/produit\/murtre-a-lavescat\/"},"modified":"2026-04-25T21:31:25","modified_gmt":"2026-04-25T19:31:25","slug":"murtre-a-lavescat","status":"publish","type":"product","link":"https:\/\/www.libraria-occitana.org\/en\/product\/murtre-a-lavescat\/","title":{"rendered":"Murtre a l&#8217;avescat"},"content":{"rendered":"<p>Coma tantes papas, Clamen\u00e7 V, lo primi\u00e8r dels papas d&#8217;Avinhon fa venir a c\u00f2 sieu, sa familha. Es un enriquiment segur pels sieunes.<br \/>\nBertrand de G\u00f2t, per rej\u00f3nher son oncle s&#8217;arr\u00e8sta a Rod\u00e9s. I es assassinat. Qual ausa de s&#8217;atacar al parent d&#8217;un personatge de tal reng ?<br \/>\nAqueste polar de l&#8217;Edat Mejana vos entrainar\u00e0 dins los arcans e la cacibralha pudenta de Rod\u00e9s en 1309.<\/p>\n","protected":false},"excerpt":{"rendered":"<p>Coma tantes papas, Clamen\u00e7 V, lo primi\u00e8r dels papas d&#8217;Avinhon fa venir a c\u00f2 sieu, sa familha. Es un enriquiment segur pels sieunes. Bertrand de G\u00f2t, per rej\u00f3nher son oncle s&#8217;arr\u00e8sta a Rod\u00e9s. I es assassinat. Qual ausa de s&#8217;atacar al parent d&#8217;un personatge de tal reng ? Aqueste polar de l&#8217;Edat Mejana vos entrainar\u00e0 [&hellip;]<\/p>\n","protected":false},"featured_media":37218,"template":"","meta":{"_acf_changed":false,"_genesis_hide_title":false,"_genesis_hide_breadcrumbs":false,"_genesis_hide_singular_image":false,"_genesis_hide_footer_widgets":false,"_genesis_custom_body_class":"","_genesis_custom_post_class":"","_genesis_layout":""},"product_brand":[],"product_cat":[7132,7168,7164],"product_tag":[],"class_list":{"0":"post-37220","1":"product","2":"type-product","3":"status-publish","4":"has-post-thumbnail","6":"product_cat-books","7":"product_cat-comics-en","8":"product_cat-juvenile-and-teen-comics-humour-en","9":"pa_auteur-courtial-jean-louis-en","10":"pa_auteur-faribeault-daniel-en","11":"pa_auteur-vergne-jean-christophe-en","12":"pa_editeur-yil-editions-en","13":"pa_langue-occitan-en","14":"pa_langue-occitan-lengadocian-en","15":"entry","17":"first","18":"outofstock","19":"shipping-taxable","20":"purchasable","21":"product-type-simple"},"acf":[],"_links":{"self":[{"href":"https:\/\/www.libraria-occitana.org\/en\/wp-json\/wp\/v2\/product\/37220","targetHints":{"allow":["GET"]}}],"collection":[{"href":"https:\/\/www.libraria-occitana.org\/en\/wp-json\/wp\/v2\/product"}],"about":[{"href":"https:\/\/www.libraria-occitana.org\/en\/wp-json\/wp\/v2\/types\/product"}],"wp:featuredmedia":[{"embeddable":true,"href":"https:\/\/www.libraria-occitana.org\/en\/wp-json\/wp\/v2\/media\/37218"}],"wp:attachment":[{"href":"https:\/\/www.libraria-occitana.org\/en\/wp-json\/wp\/v2\/media?parent=37220"}],"wp:term":[{"taxonomy":"product_brand","embeddable":true,"href":"https:\/\/www.libraria-occitana.org\/en\/wp-json\/wp\/v2\/product_brand?post=37220"},{"taxonomy":"product_cat","embeddable":true,"href":"https:\/\/www.libraria-occitana.org\/en\/wp-json\/wp\/v2\/product_cat?post=37220"},{"taxonomy":"product_tag","embeddable":true,"href":"https:\/\/www.libraria-occitana.org\/en\/wp-json\/wp\/v2\/product_tag?post=37220"}],"curies":[{"name":"wp","href":"https:\/\/api.w.org\/{rel}","templated":true}]}}