{"id":37284,"date":"2017-01-26T13:39:28","date_gmt":"2017-01-26T12:39:28","guid":{"rendered":"http:\/\/www.libraria-occitana.org\/produit\/oradour-sur-glane\/"},"modified":"2026-04-07T14:35:49","modified_gmt":"2026-04-07T12:35:49","slug":"oradour-sur-glane","status":"publish","type":"product","link":"https:\/\/www.libraria-occitana.org\/en\/product\/oradour-sur-glane\/","title":{"rendered":"Oradour-sur-Glane"},"content":{"rendered":"<p>Il s\u2019agit ici de donner au plus grand nombre des bases de connaissance utiles \u00e0 une r\u00e9flexion \u00e9clair\u00e9e. Le lecteur trouvera dans cet ouvrage court mais d\u2019une densit\u00e9 originale tous les \u00e9l\u00e9ments cl\u00e9s qui permettent d\u2019appr\u00e9hender l\u2019essentiel des \u00e9v\u00e9nements du massacre, leur contexte et leurs prolongements : la fouille des d\u00e9combres, le choix de la pr\u00e9servation des ruines et de la construction du nouveau village, le proc\u00e8s de Bordeaux, les traumatismes et les conflits qu\u2019il a engendr\u00e9s.<br \/>\nIl sera aussi confront\u00e9 \u00e0 la question essentielle de la pr\u00e9servation de la m\u00e9moire port\u00e9e par les derniers t\u00e9moins et le Centre de la M\u00e9moire d\u2019Oradour-sur-Glane dans \u00ab le tumulte meurtrier du monde \u00bb actuel\u2026<br \/>\nLa r\u00e9flexion propos\u00e9e ici est prolong\u00e9e par l\u2019\u0153il de la photographe, famili\u00e8re du site et apte \u00e0 saisir la d\u00e9tresse humaine dans la duret\u00e9 des pierres.<\/p>\n","protected":false},"excerpt":{"rendered":"<p>Il s\u2019agit ici de donner au plus grand nombre des bases de connaissance utiles \u00e0 une r\u00e9flexion \u00e9clair\u00e9e. Le lecteur trouvera dans cet ouvrage court mais d\u2019une densit\u00e9 originale tous les \u00e9l\u00e9ments cl\u00e9s qui permettent d\u2019appr\u00e9hender l\u2019essentiel des \u00e9v\u00e9nements du massacre, leur contexte et leurs prolongements : la fouille des d\u00e9combres, le choix de la [&hellip;]<\/p>\n","protected":false},"featured_media":37282,"template":"","meta":{"_acf_changed":false,"_genesis_hide_title":false,"_genesis_hide_breadcrumbs":false,"_genesis_hide_singular_image":false,"_genesis_hide_footer_widgets":false,"_genesis_custom_body_class":"","_genesis_custom_post_class":"","_genesis_layout":""},"product_brand":[],"product_cat":[7132,7148,7158],"product_tag":[],"class_list":{"0":"post-37284","1":"product","2":"type-product","3":"status-publish","4":"has-post-thumbnail","6":"product_cat-books","7":"product_cat-history-geography-en","8":"product_cat-modern-and-contemporary-history-en","9":"pa_auteur-perlier-guy-en","10":"pa_editeur-geste-en","11":"pa_illustrateur-delarbre-helene-en","12":"pa_langue-francais-en","13":"entry","15":"first","16":"instock","17":"shipping-taxable","18":"purchasable","19":"product-type-simple"},"acf":[],"_links":{"self":[{"href":"https:\/\/www.libraria-occitana.org\/en\/wp-json\/wp\/v2\/product\/37284","targetHints":{"allow":["GET"]}}],"collection":[{"href":"https:\/\/www.libraria-occitana.org\/en\/wp-json\/wp\/v2\/product"}],"about":[{"href":"https:\/\/www.libraria-occitana.org\/en\/wp-json\/wp\/v2\/types\/product"}],"wp:featuredmedia":[{"embeddable":true,"href":"https:\/\/www.libraria-occitana.org\/en\/wp-json\/wp\/v2\/media\/37282"}],"wp:attachment":[{"href":"https:\/\/www.libraria-occitana.org\/en\/wp-json\/wp\/v2\/media?parent=37284"}],"wp:term":[{"taxonomy":"product_brand","embeddable":true,"href":"https:\/\/www.libraria-occitana.org\/en\/wp-json\/wp\/v2\/product_brand?post=37284"},{"taxonomy":"product_cat","embeddable":true,"href":"https:\/\/www.libraria-occitana.org\/en\/wp-json\/wp\/v2\/product_cat?post=37284"},{"taxonomy":"product_tag","embeddable":true,"href":"https:\/\/www.libraria-occitana.org\/en\/wp-json\/wp\/v2\/product_tag?post=37284"}],"curies":[{"name":"wp","href":"https:\/\/api.w.org\/{rel}","templated":true}]}}