{"id":37290,"date":"2016-12-26T13:51:22","date_gmt":"2016-12-26T12:51:22","guid":{"rendered":"http:\/\/www.libraria-occitana.org\/produit\/resistencia\/"},"modified":"2026-04-20T02:11:05","modified_gmt":"2026-04-20T00:11:05","slug":"resistencia","status":"publish","type":"product","link":"https:\/\/www.libraria-occitana.org\/en\/product\/resistencia\/","title":{"rendered":"Resist\u00e9ncia"},"content":{"rendered":"<p>La r\u00e9sistance prend bien des formes et des couleurs.<br \/>\nToujours dans son d\u00e9sir de partage, de f\u00eate et de r\u00e9volte, Goulamas&#8217;K la met \u00e0 l\u2019honneur \u00e0 travers ce 6\u00e8me album.<\/p>\n<p><strong>Titres :<\/strong><br \/>\n1. Dames de Coeur 3&#8217;42<br \/>\n2. Resist\u00e9ncia 5&#8217;26<br \/>\n3. Voli Volar 4&#8217;51<br \/>\n4. Donnez 5&#8217;23<br \/>\n5. Ad\u00edos Amor 3&#8217;53<br \/>\n6. Les Larmes des Morts 5&#8217;20<br \/>\n7. Miseria 5&#8217;29<br \/>\n8. Skatalunya II 5&#8217;34<\/p>\n","protected":false},"excerpt":{"rendered":"<p>La r\u00e9sistance prend bien des formes et des couleurs. Toujours dans son d\u00e9sir de partage, de f\u00eate et de r\u00e9volte, Goulamas&#8217;K la met \u00e0 l\u2019honneur \u00e0 travers ce 6\u00e8me album. Titres : 1. Dames de Coeur 3&#8217;42 2. Resist\u00e9ncia 5&#8217;26 3. Voli Volar 4&#8217;51 4. Donnez 5&#8217;23 5. Ad\u00edos Amor 3&#8217;53 6. Les Larmes des [&hellip;]<\/p>\n","protected":false},"featured_media":37288,"template":"","meta":{"_acf_changed":false,"_genesis_hide_title":false,"_genesis_hide_breadcrumbs":false,"_genesis_hide_singular_image":false,"_genesis_hide_footer_widgets":false,"_genesis_custom_body_class":"","_genesis_custom_post_class":"","_genesis_layout":""},"product_brand":[],"product_cat":[7216,7234],"product_tag":[],"class_list":{"0":"post-37290","1":"product","2":"type-product","3":"status-publish","4":"has-post-thumbnail","6":"product_cat-music-en","7":"product_cat-ska-reggae-dub-en","8":"pa_auteur-goulamask-en","9":"pa_editeur-goulamask-fr-en","10":"pa_langue-autras-lingas-en","11":"pa_langue-francais-en","12":"pa_langue-occitan-en","13":"pa_langue-occitan-lengadocian-en","14":"entry","16":"first","17":"instock","18":"shipping-taxable","19":"purchasable","20":"product-type-simple"},"acf":[],"_links":{"self":[{"href":"https:\/\/www.libraria-occitana.org\/en\/wp-json\/wp\/v2\/product\/37290","targetHints":{"allow":["GET"]}}],"collection":[{"href":"https:\/\/www.libraria-occitana.org\/en\/wp-json\/wp\/v2\/product"}],"about":[{"href":"https:\/\/www.libraria-occitana.org\/en\/wp-json\/wp\/v2\/types\/product"}],"wp:featuredmedia":[{"embeddable":true,"href":"https:\/\/www.libraria-occitana.org\/en\/wp-json\/wp\/v2\/media\/37288"}],"wp:attachment":[{"href":"https:\/\/www.libraria-occitana.org\/en\/wp-json\/wp\/v2\/media?parent=37290"}],"wp:term":[{"taxonomy":"product_brand","embeddable":true,"href":"https:\/\/www.libraria-occitana.org\/en\/wp-json\/wp\/v2\/product_brand?post=37290"},{"taxonomy":"product_cat","embeddable":true,"href":"https:\/\/www.libraria-occitana.org\/en\/wp-json\/wp\/v2\/product_cat?post=37290"},{"taxonomy":"product_tag","embeddable":true,"href":"https:\/\/www.libraria-occitana.org\/en\/wp-json\/wp\/v2\/product_tag?post=37290"}],"curies":[{"name":"wp","href":"https:\/\/api.w.org\/{rel}","templated":true}]}}