{"id":37300,"date":"2016-12-26T14:07:28","date_gmt":"2016-12-26T13:07:28","guid":{"rendered":"http:\/\/www.libraria-occitana.org\/produit\/paddington\/"},"modified":"2026-04-27T04:47:02","modified_gmt":"2026-04-27T02:47:02","slug":"paddington","status":"publish","type":"product","link":"https:\/\/www.libraria-occitana.org\/en\/product\/paddington\/","title":{"rendered":"Paddington"},"content":{"rendered":"<p>Version occitane du film <em>Paddington<\/em> (Studiocanal \/ TF1 Films Production)<\/p>\n<p>Paddington raconte l\u2019histoire d\u2019un jeune ours p\u00e9ruvien fra\u00eechement d\u00e9barqu\u00e9 \u00e0 Londres, \u00e0 la recherche d\u2019un foyer et d\u2019une vie meilleure. Il r\u00e9alise vite que la ville de ses r\u00eaves n\u2019est pas aussi accueillante qu\u2019il croyait. Par chance, il rencontre la famille Brown et en devient peu \u00e0 peu un membre \u00e0 part enti\u00e8re.<\/p>\n<p>\u00c0 partir de 3 ans. Sous-titres en fran\u00e7ais. Bonus : bande annonce et galerie photos.<\/p>\n<p>Avec les voix de J\u00f2rdi Besombes, Joan-Lois Blenet, Monica Burg, Silvan Carr\u00e8re, Bruno Cecillon, Cecila Chapduelh, Ives Durand, Joan-Miqu\u00e8u Espinasse, Emilie Esquerr\u00e9, Serg\u00ed Faugeria, Rod\u00edn Kaufmann, H\u00e9lio Labadie, Lauren\u00e7 Labadia, Delfina Lafon,\u00a0Adrien Pla, Guillaume Leblond, Philippe Neyrat, Mario Peperoni, Olivier Pijasson, Guilhem Surpas.<\/p>\n<p><iframe loading=\"lazy\" width=\"560\" height=\"315\" src=\"https:\/\/www.youtube.com\/embed\/31vsDazKJZM\" title=\"YouTube video player\" frameborder=\"0\" allow=\"accelerometer; autoplay; clipboard-write; encrypted-media; gyroscope; picture-in-picture\" allowfullscreen><\/iframe><\/p>\n","protected":false},"excerpt":{"rendered":"<p>Version occitane du film Paddington (Studiocanal \/ TF1 Films Production) Paddington raconte l\u2019histoire d\u2019un jeune ours p\u00e9ruvien fra\u00eechement d\u00e9barqu\u00e9 \u00e0 Londres, \u00e0 la recherche d\u2019un foyer et d\u2019une vie meilleure. Il r\u00e9alise vite que la ville de ses r\u00eaves n\u2019est pas aussi accueillante qu\u2019il croyait. Par chance, il rencontre la famille Brown et en devient [&hellip;]<\/p>\n","protected":false},"featured_media":37298,"template":"","meta":{"_acf_changed":false,"_genesis_hide_title":false,"_genesis_hide_breadcrumbs":false,"_genesis_hide_singular_image":false,"_genesis_hide_footer_widgets":false,"_genesis_custom_body_class":"","_genesis_custom_post_class":"","_genesis_layout":""},"product_brand":[],"product_cat":[7243,7249],"product_tag":[],"class_list":{"0":"post-37300","1":"product","2":"type-product","3":"status-publish","4":"has-post-thumbnail","6":"product_cat-fiction-en","7":"product_cat-videos-3-en","8":"pa_auteur-king-paul-en","9":"pa_editeur-contam-en","10":"pa_editeur-studiocanal-en","11":"pa_langue-occitan-francais-en","12":"entry","14":"first","15":"outofstock","16":"shipping-taxable","17":"purchasable","18":"product-type-simple"},"acf":[],"_links":{"self":[{"href":"https:\/\/www.libraria-occitana.org\/en\/wp-json\/wp\/v2\/product\/37300","targetHints":{"allow":["GET"]}}],"collection":[{"href":"https:\/\/www.libraria-occitana.org\/en\/wp-json\/wp\/v2\/product"}],"about":[{"href":"https:\/\/www.libraria-occitana.org\/en\/wp-json\/wp\/v2\/types\/product"}],"wp:featuredmedia":[{"embeddable":true,"href":"https:\/\/www.libraria-occitana.org\/en\/wp-json\/wp\/v2\/media\/37298"}],"wp:attachment":[{"href":"https:\/\/www.libraria-occitana.org\/en\/wp-json\/wp\/v2\/media?parent=37300"}],"wp:term":[{"taxonomy":"product_brand","embeddable":true,"href":"https:\/\/www.libraria-occitana.org\/en\/wp-json\/wp\/v2\/product_brand?post=37300"},{"taxonomy":"product_cat","embeddable":true,"href":"https:\/\/www.libraria-occitana.org\/en\/wp-json\/wp\/v2\/product_cat?post=37300"},{"taxonomy":"product_tag","embeddable":true,"href":"https:\/\/www.libraria-occitana.org\/en\/wp-json\/wp\/v2\/product_tag?post=37300"}],"curies":[{"name":"wp","href":"https:\/\/api.w.org\/{rel}","templated":true}]}}