{"id":37306,"date":"2016-11-26T15:09:23","date_gmt":"2016-11-26T14:09:23","guid":{"rendered":"http:\/\/www.libraria-occitana.org\/produit\/marc-petit-dans-le-secret-dune-oeuvre\/"},"modified":"2026-04-29T00:56:48","modified_gmt":"2026-04-28T22:56:48","slug":"marc-petit-dans-le-secret-dune-oeuvre","status":"publish","type":"product","link":"https:\/\/www.libraria-occitana.org\/en\/product\/marc-petit-dans-le-secret-dune-oeuvre\/","title":{"rendered":"Marc Petit : Dans le secret d&#8217;une \u0153uvre"},"content":{"rendered":"<p>Une \u0153uvre au c\u0153ur de l&#8217;\u0153uvre.<br \/>\nUne \u0153uvre qui les contient toutes.<br \/>\nSon cr\u00e9ateur, le sculpteur Marc Petit, en ignorait tout. Il lui fallait arriver au mitan de la vie pour qu&#8217;il puisse la d\u00e9couvrir et s&#8217;en emparer. La sculpter, c&#8217;est son m\u00e9tier. Il est vrai qu&#8217;auparavant, il eut \u00e0 la vivre, cette \u0153uvre, \u00e9tape apr\u00e8s \u00e9tape, mois apr\u00e8s mois, mois \u00e9parpill\u00e9s ici et l\u00e0 dans le flot continu des ann\u00e9es, mois porteurs de chocs, joies ou douleurs.<br \/>\nCe livre raconte <em>Le Testament<\/em>. Muriel Mingau a fait sienne l&#8217;histoire de cette \u0153uvre. Elle n&#8217;existait pas encore.<br \/>\nS&#8217;y enracinait d\u00e9j\u00e0 toute la cr\u00e9ation de Marc Petit.<\/p>\n","protected":false},"excerpt":{"rendered":"<p>Une \u0153uvre au c\u0153ur de l&#8217;\u0153uvre. Une \u0153uvre qui les contient toutes. Son cr\u00e9ateur, le sculpteur Marc Petit, en ignorait tout. Il lui fallait arriver au mitan de la vie pour qu&#8217;il puisse la d\u00e9couvrir et s&#8217;en emparer. La sculpter, c&#8217;est son m\u00e9tier. Il est vrai qu&#8217;auparavant, il eut \u00e0 la vivre, cette \u0153uvre, \u00e9tape [&hellip;]<\/p>\n","protected":false},"featured_media":37304,"template":"","meta":{"_acf_changed":false,"_genesis_hide_title":false,"_genesis_hide_breadcrumbs":false,"_genesis_hide_singular_image":false,"_genesis_hide_footer_widgets":false,"_genesis_custom_body_class":"","_genesis_custom_post_class":"","_genesis_layout":""},"product_brand":[],"product_cat":[7134,7132],"product_tag":[],"class_list":{"0":"post-37306","1":"product","2":"type-product","3":"status-publish","4":"has-post-thumbnail","6":"product_cat-arts-en","7":"product_cat-books","8":"pa_auteur-mingau-muriel-en","9":"pa_editeur-les-ardents-editeurs-en","10":"pa_langue-francais-en","11":"entry","13":"first","14":"instock","15":"shipping-taxable","16":"purchasable","17":"product-type-simple"},"acf":[],"_links":{"self":[{"href":"https:\/\/www.libraria-occitana.org\/en\/wp-json\/wp\/v2\/product\/37306","targetHints":{"allow":["GET"]}}],"collection":[{"href":"https:\/\/www.libraria-occitana.org\/en\/wp-json\/wp\/v2\/product"}],"about":[{"href":"https:\/\/www.libraria-occitana.org\/en\/wp-json\/wp\/v2\/types\/product"}],"wp:featuredmedia":[{"embeddable":true,"href":"https:\/\/www.libraria-occitana.org\/en\/wp-json\/wp\/v2\/media\/37304"}],"wp:attachment":[{"href":"https:\/\/www.libraria-occitana.org\/en\/wp-json\/wp\/v2\/media?parent=37306"}],"wp:term":[{"taxonomy":"product_brand","embeddable":true,"href":"https:\/\/www.libraria-occitana.org\/en\/wp-json\/wp\/v2\/product_brand?post=37306"},{"taxonomy":"product_cat","embeddable":true,"href":"https:\/\/www.libraria-occitana.org\/en\/wp-json\/wp\/v2\/product_cat?post=37306"},{"taxonomy":"product_tag","embeddable":true,"href":"https:\/\/www.libraria-occitana.org\/en\/wp-json\/wp\/v2\/product_tag?post=37306"}],"curies":[{"name":"wp","href":"https:\/\/api.w.org\/{rel}","templated":true}]}}