{"id":37331,"date":"2017-07-26T18:51:25","date_gmt":"2017-07-26T16:51:25","guid":{"rendered":"http:\/\/www.libraria-occitana.org\/produit\/le-bon-la-brute-et-le-bougnat\/"},"modified":"2024-07-05T00:28:23","modified_gmt":"2024-07-04T22:28:23","slug":"le-bon-la-brute-et-le-bougnat","status":"publish","type":"product","link":"https:\/\/www.libraria-occitana.org\/en\/product\/le-bon-la-brute-et-le-bougnat\/","title":{"rendered":"Le bon, la brute et le bougnat"},"content":{"rendered":"<p><strong>Julien Barbances :<\/strong> cabrette, chant, pieds, violon<br \/>\n<strong>Lo\u00efc \u00c9tienne :<\/strong> accord\u00e9ons diatoniques, karkabous, ch\u0153urs, pieds<br \/>\n<strong>Olivier Sulpice :<\/strong> banjo t\u00e9nor, ch\u0153urs<br \/>\n<strong>Invit\u00e9es :<\/strong> Les Poufs \u00e0 Cordes : <strong>Cl\u00e9mence Cognet<\/strong> (violon, chant), <strong>No\u00ebllie Nioulou<\/strong> (violon, violoncelle)<\/p>\n<p>Les voil\u00e0 de retour ! De retour sur disque, bien s\u00fbr, car ils n\u2019ont pas, et loin de l\u00e0, d\u00e9sert\u00e9 les parquets depuis leur premier CD (<em>Bon Esprit<\/em>).<br \/>\nCe bon esprit on le retrouve en \u00e9coutant ce nouvel opus : le Bon, la Brute et le Bougnat. Chacun aura plaisir \u00e0 d\u00e9terminer lequel des trois complices est celui qui\u2026 En attendant que l\u2019affaire soit tranch\u00e9e, ouvrez vos oreilles et vous ne serez pas d\u00e9\u00e7us : la joie, la bonne humeur, l\u2019envie de jouer, de chanter, de faire danser et, tout bonnement, d\u2019\u00eatre ensemble exsude \u00e0 chaque plage. Et ils ont invit\u00e9 les Poufs \u00e0 cordes : c\u2019est dire si l\u2019\u00e9nergie, la cadence, et la bourr\u00e9e, sont \u00e0 nouveau au rendez-vous.<br \/>\nAmbiance auvergnate garantie !<\/p>\n<p>Livret 12 pages. Indication des sources et des paroles des chansons.<br \/>\nTraditionnel : Auvergne (10 titres), Limousin (8 titres), Aubrac (2 titres), Dauphin\u00e9 (1 titre) ; compositions : Bougnat Sound (5 titres).<\/p>\n<p><strong>Titres :<\/strong><br \/>\n1. Bien le bonsoir charmante brune \/ Baisse-toi montagne (bourr\u00e9es \u00e0 3 temps)<br \/>\n2. La Nayracoise \/ Bourr\u00e9e d\u2019Escudi\u00e8res (bourr\u00e9es \u00e0 3 temps)<br \/>\n3. Scottish du Lez \/ Tourne-toi Jeanne (scottishs)<br \/>\n4. Bourr\u00e9e du voisin de La Morangie (bourr\u00e9e \u00e0 3 temps)<br \/>\n5. Le petit chasseur de Rennes (valse )<br \/>\n6. Lo planquet de la chambra trembla \/ Na trist\u2019annada (bourr\u00e9es \u00e0 3 temps)<br \/>\n7. Adieu les filles de Lagrauli\u00e8re (bourr\u00e9es \u00e0 3 temps)<br \/>\n8. Bourr\u00e9e de Saint-Gervais \/ Bourr\u00e9e de Thiers (bourr\u00e9es \u00e0 2 temps)<br \/>\n9. Le doux printemps (rigodon)<br \/>\n10. Belle, Saint-Jean s\u2019approche (valse)<br \/>\n11. La Tazoni\u00e8re \/ Bourr\u00e9e des bocaux (bourr\u00e9es \u00e0 3 temps)<br \/>\n12. D\u2019o\u00f9 viens-tu petit bonhomme (brise-pieds)<br \/>\n13. La Baigneuse (valse)<br \/>\n14. Je suis gar\u00e7on malheureux sur la terre (bourr\u00e9es \u00e0 3 temps)<br \/>\n15. L\u2019Arnolphienne \/ La Berlinoise (mazurkas)<br \/>\n16. R\u00e9veillez-vous fid\u00e8les \/ Bourr\u00e9e de Champagnac (marche \/ bourr\u00e9e \u00e0 3 temps)<br \/>\n17. La Valentinou (polka)<br \/>\n18. N\u2019a ben tant dansat (bourr\u00e9e \u00e0 3 temps)<\/p>\n","protected":false},"excerpt":{"rendered":"<p>Julien Barbances : cabrette, chant, pieds, violon Lo\u00efc \u00c9tienne : accord\u00e9ons diatoniques, karkabous, ch\u0153urs, pieds Olivier Sulpice : banjo t\u00e9nor, ch\u0153urs Invit\u00e9es : Les Poufs \u00e0 Cordes : Cl\u00e9mence Cognet (violon, chant), No\u00ebllie Nioulou (violon, violoncelle) Les voil\u00e0 de retour ! De retour sur disque, bien s\u00fbr, car ils n\u2019ont pas, et loin de l\u00e0, [&hellip;]<\/p>\n","protected":false},"featured_media":37329,"template":"","meta":{"_acf_changed":false,"_genesis_hide_title":false,"_genesis_hide_breadcrumbs":false,"_genesis_hide_singular_image":false,"_genesis_hide_footer_widgets":false,"_genesis_custom_body_class":"","_genesis_custom_post_class":"","_genesis_layout":""},"product_brand":[],"product_cat":[7228,7216],"product_tag":[],"class_list":{"0":"post-37331","1":"product","2":"type-product","3":"status-publish","4":"has-post-thumbnail","6":"product_cat-modern-folk-en","7":"product_cat-music-en","8":"pa_auteur-bougnat-sound-en","9":"pa_editeur-aepem-en","10":"pa_langue-francais-en","11":"entry","13":"first","14":"outofstock","15":"shipping-taxable","16":"purchasable","17":"product-type-simple"},"acf":[],"_links":{"self":[{"href":"https:\/\/www.libraria-occitana.org\/en\/wp-json\/wp\/v2\/product\/37331","targetHints":{"allow":["GET"]}}],"collection":[{"href":"https:\/\/www.libraria-occitana.org\/en\/wp-json\/wp\/v2\/product"}],"about":[{"href":"https:\/\/www.libraria-occitana.org\/en\/wp-json\/wp\/v2\/types\/product"}],"wp:featuredmedia":[{"embeddable":true,"href":"https:\/\/www.libraria-occitana.org\/en\/wp-json\/wp\/v2\/media\/37329"}],"wp:attachment":[{"href":"https:\/\/www.libraria-occitana.org\/en\/wp-json\/wp\/v2\/media?parent=37331"}],"wp:term":[{"taxonomy":"product_brand","embeddable":true,"href":"https:\/\/www.libraria-occitana.org\/en\/wp-json\/wp\/v2\/product_brand?post=37331"},{"taxonomy":"product_cat","embeddable":true,"href":"https:\/\/www.libraria-occitana.org\/en\/wp-json\/wp\/v2\/product_cat?post=37331"},{"taxonomy":"product_tag","embeddable":true,"href":"https:\/\/www.libraria-occitana.org\/en\/wp-json\/wp\/v2\/product_tag?post=37331"}],"curies":[{"name":"wp","href":"https:\/\/api.w.org\/{rel}","templated":true}]}}