{"id":37424,"date":"2007-02-03T18:45:37","date_gmt":"2007-02-03T17:45:37","guid":{"rendered":"http:\/\/www.libraria-occitana.org\/?post_type=product&#038;p=37424"},"modified":"2026-04-03T05:41:18","modified_gmt":"2026-04-03T03:41:18","slug":"la-maitrise-des-bouchers-du-chateau-de-limoges-1630-1828","status":"publish","type":"product","link":"https:\/\/www.libraria-occitana.org\/en\/product\/la-maitrise-des-bouchers-du-chateau-de-limoges-1630-1828\/","title":{"rendered":"La ma\u00eetrise des bouchers du ch\u00e2teau de Limoges (1630-1828)"},"content":{"rendered":"<p><strong>Premi\u00e8re partie :<\/strong> <strong>Les bouchers de Limoges<\/strong><br \/>\nA &#8211; \u00c0 l&#8217;origine<br \/>\nB &#8211; Un peu d&#8217;histoire locale<br \/>\nC &#8211; Les bouchers dans le ch\u00e2teau de Limoges<\/p>\n<p><strong>Deuxi\u00e8me partie : La vie des ma\u00eetres bouchers<\/strong><br \/>\nA &#8211; Organisation de la vie de la ma\u00eetrise<br \/>\nB &#8211; Le cadre de vie des ma\u00eetres bouchers<br \/>\nC &#8211; La place du march\u00e9, les bancs, les halles<br \/>\nD &#8211; La vie professionnelle des ma\u00eetres bouchers<br \/>\nE &#8211; La vie familiale des ma\u00eetres bouchers<br \/>\nF &#8211; La vie religieuse des ma\u00eetres bouchers<br \/>\nG &#8211; Noms et surnoms ; liste des bailes<br \/>\nH &#8211; Mod\u00e8les, documents<\/p>\n<p><strong>Glossaire<\/strong> du langage des bouchers de Limoges<\/p>\n<p><strong>Index<\/strong> des noms de bouchers et apparent\u00e9s<\/p>\n","protected":false},"excerpt":{"rendered":"<p>Premi\u00e8re partie : Les bouchers de Limoges A &#8211; \u00c0 l&#8217;origine B &#8211; Un peu d&#8217;histoire locale C &#8211; Les bouchers dans le ch\u00e2teau de Limoges Deuxi\u00e8me partie : La vie des ma\u00eetres bouchers A &#8211; Organisation de la vie de la ma\u00eetrise B &#8211; Le cadre de vie des ma\u00eetres bouchers C &#8211; La [&hellip;]<\/p>\n","protected":false},"featured_media":37069,"template":"","meta":{"_acf_changed":false,"_genesis_hide_title":false,"_genesis_hide_breadcrumbs":false,"_genesis_hide_singular_image":false,"_genesis_hide_footer_widgets":false,"_genesis_custom_body_class":"","_genesis_custom_post_class":"","_genesis_layout":""},"product_brand":[],"product_cat":[7132,7148,7158],"product_tag":[],"class_list":{"0":"post-37424","1":"product","2":"type-product","3":"status-publish","4":"has-post-thumbnail","6":"product_cat-books","7":"product_cat-history-geography-en","8":"product_cat-modern-and-contemporary-history-en","9":"pa_auteur-levet-jean-en","10":"pa_editeur-association-renaissance-du-vieux-limoges-en","11":"pa_langue-francais-en","12":"entry","14":"first","15":"outofstock","16":"shipping-taxable","17":"purchasable","18":"product-type-simple"},"acf":[],"_links":{"self":[{"href":"https:\/\/www.libraria-occitana.org\/en\/wp-json\/wp\/v2\/product\/37424","targetHints":{"allow":["GET"]}}],"collection":[{"href":"https:\/\/www.libraria-occitana.org\/en\/wp-json\/wp\/v2\/product"}],"about":[{"href":"https:\/\/www.libraria-occitana.org\/en\/wp-json\/wp\/v2\/types\/product"}],"wp:featuredmedia":[{"embeddable":true,"href":"https:\/\/www.libraria-occitana.org\/en\/wp-json\/wp\/v2\/media\/37069"}],"wp:attachment":[{"href":"https:\/\/www.libraria-occitana.org\/en\/wp-json\/wp\/v2\/media?parent=37424"}],"wp:term":[{"taxonomy":"product_brand","embeddable":true,"href":"https:\/\/www.libraria-occitana.org\/en\/wp-json\/wp\/v2\/product_brand?post=37424"},{"taxonomy":"product_cat","embeddable":true,"href":"https:\/\/www.libraria-occitana.org\/en\/wp-json\/wp\/v2\/product_cat?post=37424"},{"taxonomy":"product_tag","embeddable":true,"href":"https:\/\/www.libraria-occitana.org\/en\/wp-json\/wp\/v2\/product_tag?post=37424"}],"curies":[{"name":"wp","href":"https:\/\/api.w.org\/{rel}","templated":true}]}}