{"id":37452,"date":"2016-05-24T14:03:49","date_gmt":"2016-05-24T12:03:49","guid":{"rendered":"http:\/\/www.libraria-occitana.org\/produit\/ratis\/"},"modified":"2026-04-14T01:26:09","modified_gmt":"2026-04-13T23:26:09","slug":"ratis","status":"publish","type":"product","link":"https:\/\/www.libraria-occitana.org\/en\/product\/ratis\/","title":{"rendered":"Ratis"},"content":{"rendered":"<p>En occitan graphie mistralienne avec la traduction fran\u00e7aise en regard. Texte accompagn\u00e9 de documents in\u00e9dits et d&#8217;une pr\u00e9sentation de Claude Mauron.<\/p>\n<p>En ce mois de mai 1939, mon \u00e9tat d\u2019esprit &#8211; et celui de la plupart de mes amis et camarades &#8211; \u00e9tait le r\u00e9sultat de plus de quinze ans de p\u00e8lerinages \u00e0 demi chr\u00e9tiens, \u00e0 demi pa\u00efens, des p\u00e8lerinages d\u2019une foi sauvage, qui s\u2019\u00e9tendaient depuis bien avant et jusque bien apr\u00e8s les c\u00e9r\u00e9monies et les festivit\u00e9s. C\u2019\u00e9taient des jours pendant lesquels nous vivions \u00e0 la fois comme des p\u00e8lerins, comme des p\u00eacheurs et comme des gardians. (&#8230;)<\/p>\n<p>Comme les artistes du Moyen \u00c2ge, avec la m\u00eame tendresse et la m\u00eame humilit\u00e9, j\u2019ai, une fois dans ma vie, \u00e9lev\u00e9 ma <em>Pieta<\/em> et je l\u2019ai peinte avec des mots dans la langue de mon pays. (&#8230;)<\/p>\n<p>Le th\u00e8me majeur de <em>Ratis<\/em>, le th\u00e8me essentiel qui les domine tous, c\u2019est celui de la pauvret\u00e9, de la solitude et du renoncement.<\/p>\n<p style=\"text-align: right;\">Farfantello, \u00ab Gen\u00e8se de Ratis \u00bb.<\/p>\n<p>N\u00e9e le 8 ao\u00fbt 1902 \u00e0 Avignon (o\u00f9 elle devait mourir le 9 septembre 1989), Henriette Dibon &#8211; qui exer\u00e7a les professions de comptable, journaliste, secr\u00e9taire-archiviste &#8211; se passionna, d\u00e8s sa vingti\u00e8me ann\u00e9e, pour la Camargue et les lettres proven\u00e7ales. En litt\u00e9rature Farfantello, elle publia d\u2019abord trois recueils de po\u00e8mes : en 1925 <em>Li Mirage<\/em> (\u00ab Les Mirages \u00bb), en 1931 <em>Lou rebat d\u2019un sounge<\/em> (\u00ab Le reflet d\u2019un songe \u00bb) et en 1934, avec pr\u00e9face de Joseph d\u2019Arbaud, <em>Li Lambrusco<\/em> (\u00ab Les Lambrusques \u00bb). Ils furent suivis, bien plus tard, en 1973, par <em>Lou Rad\u00e8u<\/em> (\u00ab Le Radeau \u00bb), avec pr\u00e9face de Louis Brauquier, puis, en 1988 par <em>Camargo<\/em> (\u00ab Camargue \u00bb). On lui doit aussi un ensemble de po\u00e8mes fran\u00e7ais intitul\u00e9 <em>Les grands compagnons<\/em>, une biographie de Folco de Baroncelli (1982), le volume <em>La pouso-raco<\/em> (1985) qui associe nouvelles et souvenirs en proven\u00e7al, et les \u00e9crits autobiographiques, en fran\u00e7ais, de <em>La rentr\u00e9e des classes<\/em> (1987). Le \u00ab r\u00e9cit \u00bb en prose <em>Ratis<\/em> &#8211; nom antique des Saintes-Maries-de-la-Mer &#8211; constitue ind\u00e9niablement son chef-d\u2019\u0153uvre, et l\u2019un des textes majeurs de la litt\u00e9rature proven\u00e7ale moderne.<\/p>\n<p style=\"text-align: right;\">Claude Mauron, professeur \u00e0 l\u2019Universit\u00e9 d\u2019Aix-Marseille<\/p>\n","protected":false},"excerpt":{"rendered":"<p>En occitan graphie mistralienne avec la traduction fran\u00e7aise en regard. Texte accompagn\u00e9 de documents in\u00e9dits et d&#8217;une pr\u00e9sentation de Claude Mauron. En ce mois de mai 1939, mon \u00e9tat d\u2019esprit &#8211; et celui de la plupart de mes amis et camarades &#8211; \u00e9tait le r\u00e9sultat de plus de quinze ans de p\u00e8lerinages \u00e0 demi chr\u00e9tiens, [&hellip;]<\/p>\n","protected":false},"featured_media":37149,"template":"","meta":{"_acf_changed":false,"_genesis_hide_title":false,"_genesis_hide_breadcrumbs":false,"_genesis_hide_singular_image":false,"_genesis_hide_footer_widgets":false,"_genesis_custom_body_class":"","_genesis_custom_post_class":"","_genesis_layout":""},"product_brand":[],"product_cat":[7132,7174,7182],"product_tag":[],"class_list":{"0":"post-37452","1":"product","2":"type-product","3":"status-publish","4":"has-post-thumbnail","6":"product_cat-books","7":"product_cat-literature-en","8":"product_cat-novels-short-stories-en","9":"pa_auteur-dibon-henriette-farfantello-en","10":"pa_editeur-a-lasard-bautezar-en","11":"pa_langue-occitan-provencau-en","12":"pa_langue-occitan-francais-en","13":"entry","15":"first","16":"outofstock","17":"shipping-taxable","18":"purchasable","19":"product-type-simple"},"acf":[],"_links":{"self":[{"href":"https:\/\/www.libraria-occitana.org\/en\/wp-json\/wp\/v2\/product\/37452","targetHints":{"allow":["GET"]}}],"collection":[{"href":"https:\/\/www.libraria-occitana.org\/en\/wp-json\/wp\/v2\/product"}],"about":[{"href":"https:\/\/www.libraria-occitana.org\/en\/wp-json\/wp\/v2\/types\/product"}],"wp:featuredmedia":[{"embeddable":true,"href":"https:\/\/www.libraria-occitana.org\/en\/wp-json\/wp\/v2\/media\/37149"}],"wp:attachment":[{"href":"https:\/\/www.libraria-occitana.org\/en\/wp-json\/wp\/v2\/media?parent=37452"}],"wp:term":[{"taxonomy":"product_brand","embeddable":true,"href":"https:\/\/www.libraria-occitana.org\/en\/wp-json\/wp\/v2\/product_brand?post=37452"},{"taxonomy":"product_cat","embeddable":true,"href":"https:\/\/www.libraria-occitana.org\/en\/wp-json\/wp\/v2\/product_cat?post=37452"},{"taxonomy":"product_tag","embeddable":true,"href":"https:\/\/www.libraria-occitana.org\/en\/wp-json\/wp\/v2\/product_tag?post=37452"}],"curies":[{"name":"wp","href":"https:\/\/api.w.org\/{rel}","templated":true}]}}