{"id":37454,"date":"2015-06-20T20:40:58","date_gmt":"2015-06-20T18:40:58","guid":{"rendered":"http:\/\/www.libraria-occitana.org\/produit\/collonges-la-rouge-joyau-du-bas-limousin\/"},"modified":"2026-04-14T01:16:40","modified_gmt":"2026-04-13T23:16:40","slug":"collonges-la-rouge-joyau-du-bas-limousin","status":"publish","type":"product","link":"https:\/\/www.libraria-occitana.org\/en\/product\/collonges-la-rouge-joyau-du-bas-limousin\/","title":{"rendered":"Collonges-la-Rouge : Joyau du Bas-Limousin"},"content":{"rendered":"<p>Au sud de la Corr\u00e8ze, \u00e0 deux pas du Quercy, Collonges-la-Rouge impose son unicit\u00e9 et ses charmantes ruelles, l\u2019\u00e9clat de sa lumi\u00e8re rehauss\u00e9e par les gr\u00e8s rouges et les vieilles ardoises patin\u00e9s par les si\u00e8cles et ne peut que retenir l\u2019attention des curieux.<\/p>\n<p>Site touristique majeur de la r\u00e9gion Limousin, la ville rubis est riche de plus de quinze si\u00e8cles d\u2019histoire. Elle fut tr\u00e8s t\u00f4t le lieu de r\u00e9sidence des officiers de la vicomt\u00e9 de Turenne qui demeura, jusqu\u2019au milieu du XVIIIe si\u00e8cle, un v\u00e9ritable \u00e9tat dans l\u2019\u00e9tat au sein du royaume de France. Au cours de ces si\u00e8cles de prosp\u00e9rit\u00e9, les grandes familles install\u00e9es \u00e0 Collonges n\u2019auront de cesse de mettre en valeur et d\u2019embellir leurs demeures.<\/p>\n<p>Puis, la cit\u00e9 aux vingt-cinq tours s\u2019endormira, jusqu\u2019\u00e0 ce que la seconde moiti\u00e9 du XXe si\u00e8cle, avec le d\u00e9veloppement du tourisme, ne vienne enfin l\u2019extraire de sa torpeur. Dans le courant des ann\u00e9es 1980, Collonges verra la cr\u00e9ation de l\u2019association des Plus Beaux Villages de France\u00ae et sera la premi\u00e8re \u00e0 \u00eatre labellis\u00e9e de la sorte. Fr\u00e9quent\u00e9e par pr\u00e8s d\u2019un demi-million de visiteurs chaque ann\u00e9e, ce joyau du Bas-Limousin n\u2019en finit pas de surprendre, m\u00eame ceux qui la connaissent jusque dans ses moindres interstices.<\/p>\n","protected":false},"excerpt":{"rendered":"<p>Au sud de la Corr\u00e8ze, \u00e0 deux pas du Quercy, Collonges-la-Rouge impose son unicit\u00e9 et ses charmantes ruelles, l\u2019\u00e9clat de sa lumi\u00e8re rehauss\u00e9e par les gr\u00e8s rouges et les vieilles ardoises patin\u00e9s par les si\u00e8cles et ne peut que retenir l\u2019attention des curieux. Site touristique majeur de la r\u00e9gion Limousin, la ville rubis est riche [&hellip;]<\/p>\n","protected":false},"featured_media":37124,"template":"","meta":{"_acf_changed":false,"_genesis_hide_title":false,"_genesis_hide_breadcrumbs":false,"_genesis_hide_singular_image":false,"_genesis_hide_footer_widgets":false,"_genesis_custom_body_class":"","_genesis_custom_post_class":"","_genesis_layout":""},"product_brand":[],"product_cat":[7132,7198,7196],"product_tag":[],"class_list":{"0":"post-37454","1":"product","2":"type-product","3":"status-publish","4":"has-post-thumbnail","6":"product_cat-books","7":"product_cat-guides-tourism-en","8":"product_cat-nature-tourism-en","9":"pa_auteur-lacombe-jean-pierre-fr-en","10":"pa_editeur-un-autre-reg-art-en","11":"pa_langue-francais-en","12":"entry","14":"first","15":"outofstock","16":"shipping-taxable","17":"purchasable","18":"product-type-simple"},"acf":[],"_links":{"self":[{"href":"https:\/\/www.libraria-occitana.org\/en\/wp-json\/wp\/v2\/product\/37454","targetHints":{"allow":["GET"]}}],"collection":[{"href":"https:\/\/www.libraria-occitana.org\/en\/wp-json\/wp\/v2\/product"}],"about":[{"href":"https:\/\/www.libraria-occitana.org\/en\/wp-json\/wp\/v2\/types\/product"}],"wp:featuredmedia":[{"embeddable":true,"href":"https:\/\/www.libraria-occitana.org\/en\/wp-json\/wp\/v2\/media\/37124"}],"wp:attachment":[{"href":"https:\/\/www.libraria-occitana.org\/en\/wp-json\/wp\/v2\/media?parent=37454"}],"wp:term":[{"taxonomy":"product_brand","embeddable":true,"href":"https:\/\/www.libraria-occitana.org\/en\/wp-json\/wp\/v2\/product_brand?post=37454"},{"taxonomy":"product_cat","embeddable":true,"href":"https:\/\/www.libraria-occitana.org\/en\/wp-json\/wp\/v2\/product_cat?post=37454"},{"taxonomy":"product_tag","embeddable":true,"href":"https:\/\/www.libraria-occitana.org\/en\/wp-json\/wp\/v2\/product_tag?post=37454"}],"curies":[{"name":"wp","href":"https:\/\/api.w.org\/{rel}","templated":true}]}}