{"id":37536,"date":"1999-03-01T18:02:20","date_gmt":"1999-03-01T17:02:20","guid":{"rendered":"http:\/\/www.libraria-occitana.org\/produit\/le-monde-des-troubadours-la-societe-medievale-occitane-1100-1300\/"},"modified":"2026-04-29T10:46:13","modified_gmt":"2026-04-29T08:46:13","slug":"le-monde-des-troubadours-la-societe-medievale-occitane-1100-1300","status":"publish","type":"product","link":"https:\/\/www.libraria-occitana.org\/en\/product\/le-monde-des-troubadours-la-societe-medievale-occitane-1100-1300\/","title":{"rendered":"Le monde des troubadours : La soci\u00e9t\u00e9 m\u00e9di\u00e9vale occitane &#8211; 1100-1300"},"content":{"rendered":"<p>S&#8217;il existe de nombreux ouvrages sur les troubadours, bien peu ont \u00e9tudi\u00e9 la soci\u00e9t\u00e9 dans laquelle ils v\u00e9curent. Ce livre, fruit d&#8217;une riche documentation et d&#8217;un vaste travail de synth\u00e8se, s&#8217;emploie \u00e0 r\u00e9parer ce manque. Embrassant la soci\u00e9t\u00e9 m\u00e9di\u00e9vale occitane, entre 1100 et 1300, selon une approche historique, \u00e9conomique et politique, Linda Paterson l&#8217;analyse aussi sous l&#8217;angle des m\u0153urs, de la culture et des rapports de classes. Ainsi sont trait\u00e9s, avec une rigueur qui n&#8217;exclut pas la verve, les domaines de la chevalerie, des cours, des villes et du monde rural, de la famille, de la m\u00e9decine, de l&#8217;\u00c9glise et de l&#8217;h\u00e9r\u00e9sie cathare&#8230;<\/p>\n<p>Ce livre passionnera tous ceux qui s&#8217;int\u00e9ressent \u00e0 la lyrique des troubadours, comme il retiendra l&#8217;attention des historiens qui plongeront dans la vie quotidienne d&#8217;une Occitanie alors \u00e9gale, sinon sup\u00e9rieure, \u00e0 la France.<\/p>\n<p>\u00c0 cette p\u00e9riode qui vit l&#8217;apog\u00e9e de la civilisation occitane, correspondit l&#8217;\u00e2ge d&#8217;or de l&#8217;amour courtois et de la po\u00e9sie des troubadours qui devaient influencer l&#8217;Europe tout enti\u00e8re, avant de dispara\u00eetre, victimes de la croisade albigeoise.<\/p>\n","protected":false},"excerpt":{"rendered":"<p>S&#8217;il existe de nombreux ouvrages sur les troubadours, bien peu ont \u00e9tudi\u00e9 la soci\u00e9t\u00e9 dans laquelle ils v\u00e9curent. Ce livre, fruit d&#8217;une riche documentation et d&#8217;un vaste travail de synth\u00e8se, s&#8217;emploie \u00e0 r\u00e9parer ce manque. Embrassant la soci\u00e9t\u00e9 m\u00e9di\u00e9vale occitane, entre 1100 et 1300, selon une approche historique, \u00e9conomique et politique, Linda Paterson l&#8217;analyse aussi [&hellip;]<\/p>\n","protected":false},"featured_media":37533,"template":"","meta":{"_acf_changed":false,"_genesis_hide_title":false,"_genesis_hide_breadcrumbs":false,"_genesis_hide_singular_image":false,"_genesis_hide_footer_widgets":false,"_genesis_custom_body_class":"","_genesis_custom_post_class":"","_genesis_layout":""},"product_brand":[],"product_cat":[7132,7148,7160],"product_tag":[],"class_list":{"0":"post-37536","1":"product","2":"type-product","3":"status-publish","4":"has-post-thumbnail","6":"product_cat-books","7":"product_cat-history-geography-en","8":"product_cat-medieval-history-en","9":"pa_auteur-paterson-linda-m-en","10":"pa_editeur-les-presses-du-languedoc-en","11":"pa_illustrateur-gouiran-gerard-1-en","12":"pa_langue-francais-en","13":"entry","15":"first","16":"outofstock","17":"shipping-taxable","18":"purchasable","19":"product-type-simple"},"acf":[],"_links":{"self":[{"href":"https:\/\/www.libraria-occitana.org\/en\/wp-json\/wp\/v2\/product\/37536","targetHints":{"allow":["GET"]}}],"collection":[{"href":"https:\/\/www.libraria-occitana.org\/en\/wp-json\/wp\/v2\/product"}],"about":[{"href":"https:\/\/www.libraria-occitana.org\/en\/wp-json\/wp\/v2\/types\/product"}],"wp:featuredmedia":[{"embeddable":true,"href":"https:\/\/www.libraria-occitana.org\/en\/wp-json\/wp\/v2\/media\/37533"}],"wp:attachment":[{"href":"https:\/\/www.libraria-occitana.org\/en\/wp-json\/wp\/v2\/media?parent=37536"}],"wp:term":[{"taxonomy":"product_brand","embeddable":true,"href":"https:\/\/www.libraria-occitana.org\/en\/wp-json\/wp\/v2\/product_brand?post=37536"},{"taxonomy":"product_cat","embeddable":true,"href":"https:\/\/www.libraria-occitana.org\/en\/wp-json\/wp\/v2\/product_cat?post=37536"},{"taxonomy":"product_tag","embeddable":true,"href":"https:\/\/www.libraria-occitana.org\/en\/wp-json\/wp\/v2\/product_tag?post=37536"}],"curies":[{"name":"wp","href":"https:\/\/api.w.org\/{rel}","templated":true}]}}