{"id":37560,"date":"2017-09-07T18:07:51","date_gmt":"2017-09-07T16:07:51","guid":{"rendered":"http:\/\/www.libraria-occitana.org\/?post_type=product&#038;p=37560"},"modified":"2026-04-29T10:15:57","modified_gmt":"2026-04-29T08:15:57","slug":"le-limousin-mysterieux","status":"publish","type":"product","link":"https:\/\/www.libraria-occitana.org\/en\/product\/le-limousin-mysterieux\/","title":{"rendered":"Le Limousin myst\u00e9rieux"},"content":{"rendered":"<p>Le livre de Jeanne de Sazilly, paru au d\u00e9but des ann\u00e9es 1930, offre un v\u00e9ritable plaisir de lecture \u00e0 tous ceux qui aiment le Limousin et laissent vagabonder leur imaginaire au fil de leurs promenades.<\/p>\n<p>L&#8217;auteur conna\u00eet fort bien l&#8217;\u00e2me de la r\u00e9gion et la raconte au lecteur tout au long d&#8217;itin\u00e9raires traversant les trois d\u00e9partements \u00ab historiques \u00bb : la Creuse, la Corr\u00e8ze et la Haute-Vienne. C&#8217;est un v\u00e9ritable enchantement, car la langue de ses r\u00e9cits est \u00e0 la fois belle, \u00e9rudite, et propose un entrem\u00ealement fort agr\u00e9able d&#8217;anecdotes historiques et de contes o\u00f9 se pressent les cr\u00e9atures \u00e9tranges et mal\u00e9fiques, les sorci\u00e8res et les saints, les chevaliers et les berg\u00e8res.<\/p>\n<p>La pr\u00e9sente \u00e9dition, accompagn\u00e9e d&#8217;une riche iconographie, ne peut qu&#8217;inviter le lecteur \u00e0 (re)d\u00e9couvrir les lieux dont il est question dans l&#8217;ouvrage.<\/p>\n","protected":false},"excerpt":{"rendered":"<p>Le livre de Jeanne de Sazilly, paru au d\u00e9but des ann\u00e9es 1930, offre un v\u00e9ritable plaisir de lecture \u00e0 tous ceux qui aiment le Limousin et laissent vagabonder leur imaginaire au fil de leurs promenades. L&#8217;auteur conna\u00eet fort bien l&#8217;\u00e2me de la r\u00e9gion et la raconte au lecteur tout au long d&#8217;itin\u00e9raires traversant les trois [&hellip;]<\/p>\n","protected":false},"featured_media":37558,"template":"","meta":{"_acf_changed":false,"_genesis_hide_title":false,"_genesis_hide_breadcrumbs":false,"_genesis_hide_singular_image":false,"_genesis_hide_footer_widgets":false,"_genesis_custom_body_class":"","_genesis_custom_post_class":"","_genesis_layout":""},"product_brand":[],"product_cat":[7132,7198,7174,7196,7176],"product_tag":[],"class_list":{"0":"post-37560","1":"product","2":"type-product","3":"status-publish","4":"has-post-thumbnail","6":"product_cat-books","7":"product_cat-guides-tourism-en","8":"product_cat-literature-en","9":"product_cat-nature-tourism-en","10":"product_cat-tales-fables-en","11":"pa_auteur-sazilly-jeanne-de-en","12":"pa_editeur-geste-en","13":"pa_langue-francais-en","14":"entry","16":"first","17":"instock","18":"shipping-taxable","19":"purchasable","20":"product-type-simple"},"acf":[],"_links":{"self":[{"href":"https:\/\/www.libraria-occitana.org\/en\/wp-json\/wp\/v2\/product\/37560","targetHints":{"allow":["GET"]}}],"collection":[{"href":"https:\/\/www.libraria-occitana.org\/en\/wp-json\/wp\/v2\/product"}],"about":[{"href":"https:\/\/www.libraria-occitana.org\/en\/wp-json\/wp\/v2\/types\/product"}],"wp:featuredmedia":[{"embeddable":true,"href":"https:\/\/www.libraria-occitana.org\/en\/wp-json\/wp\/v2\/media\/37558"}],"wp:attachment":[{"href":"https:\/\/www.libraria-occitana.org\/en\/wp-json\/wp\/v2\/media?parent=37560"}],"wp:term":[{"taxonomy":"product_brand","embeddable":true,"href":"https:\/\/www.libraria-occitana.org\/en\/wp-json\/wp\/v2\/product_brand?post=37560"},{"taxonomy":"product_cat","embeddable":true,"href":"https:\/\/www.libraria-occitana.org\/en\/wp-json\/wp\/v2\/product_cat?post=37560"},{"taxonomy":"product_tag","embeddable":true,"href":"https:\/\/www.libraria-occitana.org\/en\/wp-json\/wp\/v2\/product_tag?post=37560"}],"curies":[{"name":"wp","href":"https:\/\/api.w.org\/{rel}","templated":true}]}}