{"id":37616,"date":"2017-11-08T12:19:29","date_gmt":"2017-11-08T11:19:29","guid":{"rendered":"http:\/\/www.libraria-occitana.org\/produit\/carte-2-volets-jojo-petit-lemosin-la-naissance-de-jojo-enveloppe\/"},"modified":"2026-04-29T04:26:45","modified_gmt":"2026-04-29T02:26:45","slug":"carte-2-volets-jojo-petit-lemosin-la-naissance-de-jojo-enveloppe","status":"publish","type":"product","link":"https:\/\/www.libraria-occitana.org\/en\/product\/carte-2-volets-jojo-petit-lemosin-la-naissance-de-jojo-enveloppe\/","title":{"rendered":"Carte 2 volets \u00ab J\u00f2j\u00f2, petit lemosin \u00bb : La naissance de Jojo + enveloppe"},"content":{"rendered":"<p>\u00ab Place de l&#8217;\u00c9glise, \u00e0 Saint Mathieu, dans le lit de mes parents, c&#8217;est l\u00e0 que je suis n\u00e9 le 3 juin 1950. \u00bb<br \/>\n\u00ab Pla\u00e7a de l&#8217;egleisa, a Sant Matia, dins lo liech de mos pairs, &#8216;quo es aqui que nasquei lo 3 de junh de 1950. \u00bb<\/p>\n<p>Linogravure couleur de Marianne Tixeuil sur 1 volet, extraite du livre <a href=\"http:\/\/www.libraria-occitana.org\/produit\/jojo-petit-lemosin\/\"><em>J\u00f2j\u00f2, petit Lemosin<\/em><\/a>.<br \/>\nImpression manuelle.<br \/>\nEnveloppe assortie avec linogravure couleur sur une face.<\/p>\n","protected":false},"excerpt":{"rendered":"<p>\u00ab Place de l&#8217;\u00c9glise, \u00e0 Saint Mathieu, dans le lit de mes parents, c&#8217;est l\u00e0 que je suis n\u00e9 le 3 juin 1950. \u00bb \u00ab Pla\u00e7a de l&#8217;egleisa, a Sant Matia, dins lo liech de mos pairs, &#8216;quo es aqui que nasquei lo 3 de junh de 1950. \u00bb Linogravure couleur de Marianne Tixeuil sur [&hellip;]<\/p>\n","protected":false},"featured_media":37643,"template":"","meta":{"_acf_changed":false,"_genesis_hide_title":false,"_genesis_hide_breadcrumbs":false,"_genesis_hide_singular_image":false,"_genesis_hide_footer_widgets":false,"_genesis_custom_body_class":"","_genesis_custom_post_class":"","_genesis_layout":""},"product_brand":[],"product_cat":[7130],"product_tag":[],"class_list":{"0":"post-37616","1":"product","2":"type-product","3":"status-publish","4":"has-post-thumbnail","6":"product_cat-other-en","7":"pa_auteur-tixeuil-marianne-en","8":"entry","10":"first","11":"instock","12":"shipping-taxable","13":"purchasable","14":"product-type-simple"},"acf":[],"_links":{"self":[{"href":"https:\/\/www.libraria-occitana.org\/en\/wp-json\/wp\/v2\/product\/37616","targetHints":{"allow":["GET"]}}],"collection":[{"href":"https:\/\/www.libraria-occitana.org\/en\/wp-json\/wp\/v2\/product"}],"about":[{"href":"https:\/\/www.libraria-occitana.org\/en\/wp-json\/wp\/v2\/types\/product"}],"wp:featuredmedia":[{"embeddable":true,"href":"https:\/\/www.libraria-occitana.org\/en\/wp-json\/wp\/v2\/media\/37643"}],"wp:attachment":[{"href":"https:\/\/www.libraria-occitana.org\/en\/wp-json\/wp\/v2\/media?parent=37616"}],"wp:term":[{"taxonomy":"product_brand","embeddable":true,"href":"https:\/\/www.libraria-occitana.org\/en\/wp-json\/wp\/v2\/product_brand?post=37616"},{"taxonomy":"product_cat","embeddable":true,"href":"https:\/\/www.libraria-occitana.org\/en\/wp-json\/wp\/v2\/product_cat?post=37616"},{"taxonomy":"product_tag","embeddable":true,"href":"https:\/\/www.libraria-occitana.org\/en\/wp-json\/wp\/v2\/product_tag?post=37616"}],"curies":[{"name":"wp","href":"https:\/\/api.w.org\/{rel}","templated":true}]}}