{"id":37699,"date":"2017-10-01T18:34:22","date_gmt":"2017-10-01T16:34:22","guid":{"rendered":"http:\/\/www.libraria-occitana.org\/?post_type=product&#038;p=37699"},"modified":"2026-04-29T11:11:10","modified_gmt":"2026-04-29T09:11:10","slug":"le-maire-des-renardieres-et-la-legende-de-mogadord","status":"publish","type":"product","link":"https:\/\/www.libraria-occitana.org\/en\/product\/le-maire-des-renardieres-et-la-legende-de-mogadord\/","title":{"rendered":"Le Maire des Renardi\u00e8res et La l\u00e9gende de Mogadord"},"content":{"rendered":"<p>Marcel, \u00ab L\u2019enfant des Renardi\u00e8res \u00bb a grandi. Lui qui, presque obsessionnellement attach\u00e9 au lieu de sa naissance et berc\u00e9 par les belles histoires de communisme et de R\u00e9sistance, r\u00eavait d\u2019\u00eatre instituteur de son village, en est devenu le Maire. Il le restera durant 25 ans. Un Maire \u00ab atypique \u00bb, disait de lui Fran\u00e7ois Hollande. Il nous raconte ici la vie, les cocasseries et les probl\u00e8mes d\u2019un maire dans une commune rurale, \u00e0 la fin du XXe si\u00e8cle.<\/p>\n<p>Mais Marcel a une autre passion : la terre, les animaux puis, par les hasards de l\u2019existence, le cheval. Si bien qu\u2019il finit par devenir \u00e9leveur et entra\u00eeneur de chevaux de course, dont l\u2019illustre Mogadord, qui fit la gloire des courses de Pompadour tout proche.<\/p>\n<p>Dani\u00e8le est toujours l\u00e0 pour tirer l\u2019attelage et m\u00ealer sa voix \u00e0 celle de l\u2019homme, de page en page. Jusqu\u2019\u00e0 continuer seule le r\u00e9cit d\u2019une vie qui fut riche, g\u00e9n\u00e9reuse et mouvement\u00e9e.<\/p>\n<p><strong>Premi\u00e8re partie :<\/strong><br \/>\n<a href=\"http:\/\/www.libraria-occitana.org\/produit\/lenfant-des-renardieres\/\"><em>L\u2019enfant des Renardi\u00e8res<\/em><\/a><\/p>\n","protected":false},"excerpt":{"rendered":"<p>Marcel, \u00ab L\u2019enfant des Renardi\u00e8res \u00bb a grandi. Lui qui, presque obsessionnellement attach\u00e9 au lieu de sa naissance et berc\u00e9 par les belles histoires de communisme et de R\u00e9sistance, r\u00eavait d\u2019\u00eatre instituteur de son village, en est devenu le Maire. Il le restera durant 25 ans. Un Maire \u00ab atypique \u00bb, disait de lui Fran\u00e7ois [&hellip;]<\/p>\n","protected":false},"featured_media":37702,"template":"","meta":{"_acf_changed":false,"_genesis_hide_title":false,"_genesis_hide_breadcrumbs":false,"_genesis_hide_singular_image":false,"_genesis_hide_footer_widgets":false,"_genesis_custom_body_class":"","_genesis_custom_post_class":"","_genesis_layout":""},"product_brand":[],"product_cat":[7132,7174,7186],"product_tag":[],"class_list":{"0":"post-37699","1":"product","2":"type-product","3":"status-publish","4":"has-post-thumbnail","6":"product_cat-books","7":"product_cat-literature-en","8":"product_cat-personal-narratives-memoirs-en","9":"pa_auteur-delord-daniele-en","10":"pa_auteur-delord-marcel-en","11":"pa_editeur-maiade-en","12":"pa_langue-francais-en","13":"entry","15":"first","16":"outofstock","17":"shipping-taxable","18":"purchasable","19":"product-type-simple"},"acf":[],"_links":{"self":[{"href":"https:\/\/www.libraria-occitana.org\/en\/wp-json\/wp\/v2\/product\/37699","targetHints":{"allow":["GET"]}}],"collection":[{"href":"https:\/\/www.libraria-occitana.org\/en\/wp-json\/wp\/v2\/product"}],"about":[{"href":"https:\/\/www.libraria-occitana.org\/en\/wp-json\/wp\/v2\/types\/product"}],"wp:featuredmedia":[{"embeddable":true,"href":"https:\/\/www.libraria-occitana.org\/en\/wp-json\/wp\/v2\/media\/37702"}],"wp:attachment":[{"href":"https:\/\/www.libraria-occitana.org\/en\/wp-json\/wp\/v2\/media?parent=37699"}],"wp:term":[{"taxonomy":"product_brand","embeddable":true,"href":"https:\/\/www.libraria-occitana.org\/en\/wp-json\/wp\/v2\/product_brand?post=37699"},{"taxonomy":"product_cat","embeddable":true,"href":"https:\/\/www.libraria-occitana.org\/en\/wp-json\/wp\/v2\/product_cat?post=37699"},{"taxonomy":"product_tag","embeddable":true,"href":"https:\/\/www.libraria-occitana.org\/en\/wp-json\/wp\/v2\/product_tag?post=37699"}],"curies":[{"name":"wp","href":"https:\/\/api.w.org\/{rel}","templated":true}]}}