{"id":37708,"date":"2017-10-01T19:15:15","date_gmt":"2017-10-01T17:15:15","guid":{"rendered":"http:\/\/www.libraria-occitana.org\/produit\/loeil-de-tigre-loeil-de-tigre-des-lettres-anonymes-de-tulle-au-corbeau-de-clouzot\/"},"modified":"2026-04-29T11:11:06","modified_gmt":"2026-04-29T09:11:06","slug":"loeil-de-tigre-loeil-de-tigre-des-lettres-anonymes-de-tulle-au-corbeau-de-clouzot","status":"publish","type":"product","link":"https:\/\/www.libraria-occitana.org\/en\/product\/loeil-de-tigre-loeil-de-tigre-des-lettres-anonymes-de-tulle-au-corbeau-de-clouzot\/","title":{"rendered":"L&#8217;\u0153il de tigre : Des lettres anonymes de Tulle au Corbeau de Clouzot"},"content":{"rendered":"<p>Il y a un si\u00e8cle, un \u00eatre myst\u00e9rieux et pervers commen\u00e7a \u00e0 distribuer dans Tulle les premi\u00e8res lettres anonymes, d\u00e9clenchant ce qui allait devenir : \u00ab L\u2019affaire de l&#8217;\u0153il de tigre \u00bb.<br \/>\nQuatre ans furent n\u00e9cessaires aux enqu\u00eateurs pour d\u00e9masquer et juger l\u2019anonymographe qui inondait Tulle de \u00ab lettres d\u2019ordures \u00bb, ainsi qu\u2019il les nommait lui-m\u00eame.<br \/>\nCette histoire a servi de base au sc\u00e9nario du film de Henri-Georges Clouzot, <strong>Le Corbeau<\/strong>, (1942).<br \/>\nLa Cin\u00e9math\u00e8que fran\u00e7aise a choisi 2017 pour rendre un hommage national au cin\u00e9aste (n\u00e9 en 1907, mort en 1977).<\/p>\n<p>Cette Bande dessin\u00e9e raconte la vraie affaire des lettres anonymes de Tulle.<br \/>\n36 planches de dessins et textes accompagn\u00e9es d\u2019un dossier documentaire.<\/p>\n","protected":false},"excerpt":{"rendered":"<p>Il y a un si\u00e8cle, un \u00eatre myst\u00e9rieux et pervers commen\u00e7a \u00e0 distribuer dans Tulle les premi\u00e8res lettres anonymes, d\u00e9clenchant ce qui allait devenir : \u00ab L\u2019affaire de l&#8217;\u0153il de tigre \u00bb. Quatre ans furent n\u00e9cessaires aux enqu\u00eateurs pour d\u00e9masquer et juger l\u2019anonymographe qui inondait Tulle de \u00ab lettres d\u2019ordures \u00bb, ainsi qu\u2019il les nommait [&hellip;]<\/p>\n","protected":false},"featured_media":37706,"template":"","meta":{"_acf_changed":false,"_genesis_hide_title":false,"_genesis_hide_breadcrumbs":false,"_genesis_hide_singular_image":false,"_genesis_hide_footer_widgets":false,"_genesis_custom_body_class":"","_genesis_custom_post_class":"","_genesis_layout":""},"product_brand":[],"product_cat":[7132,7168,7164],"product_tag":[],"class_list":{"0":"post-37708","1":"product","2":"type-product","3":"status-publish","4":"has-post-thumbnail","6":"product_cat-books","7":"product_cat-comics-en","8":"product_cat-juvenile-and-teen-comics-humour-en","9":"pa_auteur-quaresma-antoine-1-en","10":"pa_auteur-vigneron-francette-en","11":"pa_editeur-maiade-en","12":"pa_langue-francais-en","13":"entry","15":"first","16":"instock","17":"shipping-taxable","18":"purchasable","19":"product-type-simple"},"acf":[],"_links":{"self":[{"href":"https:\/\/www.libraria-occitana.org\/en\/wp-json\/wp\/v2\/product\/37708","targetHints":{"allow":["GET"]}}],"collection":[{"href":"https:\/\/www.libraria-occitana.org\/en\/wp-json\/wp\/v2\/product"}],"about":[{"href":"https:\/\/www.libraria-occitana.org\/en\/wp-json\/wp\/v2\/types\/product"}],"wp:featuredmedia":[{"embeddable":true,"href":"https:\/\/www.libraria-occitana.org\/en\/wp-json\/wp\/v2\/media\/37706"}],"wp:attachment":[{"href":"https:\/\/www.libraria-occitana.org\/en\/wp-json\/wp\/v2\/media?parent=37708"}],"wp:term":[{"taxonomy":"product_brand","embeddable":true,"href":"https:\/\/www.libraria-occitana.org\/en\/wp-json\/wp\/v2\/product_brand?post=37708"},{"taxonomy":"product_cat","embeddable":true,"href":"https:\/\/www.libraria-occitana.org\/en\/wp-json\/wp\/v2\/product_cat?post=37708"},{"taxonomy":"product_tag","embeddable":true,"href":"https:\/\/www.libraria-occitana.org\/en\/wp-json\/wp\/v2\/product_tag?post=37708"}],"curies":[{"name":"wp","href":"https:\/\/api.w.org\/{rel}","templated":true}]}}