{"id":37730,"date":"2016-09-14T19:46:52","date_gmt":"2016-09-14T17:46:52","guid":{"rendered":"http:\/\/www.libraria-occitana.org\/produit\/joseph-ruols-libre-cd\/"},"modified":"2026-04-10T06:11:18","modified_gmt":"2026-04-10T04:11:18","slug":"joseph-ruols-libre-cd","status":"publish","type":"product","link":"https:\/\/www.libraria-occitana.org\/en\/product\/joseph-ruols-libre-cd\/","title":{"rendered":"Joseph Ruols (libre + CD)"},"content":{"rendered":"<p>Ce livre-disque consacr\u00e9 \u00e0 Joseph Ruols, cabretta\u00efre et fabricant de cabrette, donne acc\u00e8s \u00e0 des enregistrements in\u00e9dits qui font entendre sa musique si originale. Agr\u00e9ment\u00e9 de photos et de partitions, cet ouvrage pr\u00e9sente d\u2019une part le parcours de cet homme singulier, et d\u2019autre part l\u2019analyse de sa musique. Son r\u00e9pertoire et sa fa\u00e7on de jouer, tout en \u00e9tant uniques, t\u00e9moignent de la culture d&#8217;un pays, l&#8217;Aubrac.<\/p>\n<p>Andr\u00e9 Ricros, chanteur et cabretta\u00efre, est un familier de Joseph Ruols et pr\u00eate sa plume et son regard dans la description du contexte et des origines de son jeu tandis qu\u2019\u00c9ric Desgrugillers, musicien et responsable des archives sonores \u00e0 l\u2019AMTA, d\u00e9crypte les enregistrements du disque afin d\u2019\u00e9clairer ce jeu de cabrette si particulier.<\/p>\n","protected":false},"excerpt":{"rendered":"<p>Ce livre-disque consacr\u00e9 \u00e0 Joseph Ruols, cabretta\u00efre et fabricant de cabrette, donne acc\u00e8s \u00e0 des enregistrements in\u00e9dits qui font entendre sa musique si originale. Agr\u00e9ment\u00e9 de photos et de partitions, cet ouvrage pr\u00e9sente d\u2019une part le parcours de cet homme singulier, et d\u2019autre part l\u2019analyse de sa musique. Son r\u00e9pertoire et sa fa\u00e7on de jouer, [&hellip;]<\/p>\n","protected":false},"featured_media":37728,"template":"","meta":{"_acf_changed":false,"_genesis_hide_title":false,"_genesis_hide_breadcrumbs":false,"_genesis_hide_singular_image":false,"_genesis_hide_footer_widgets":false,"_genesis_custom_body_class":"","_genesis_custom_post_class":"","_genesis_layout":""},"product_brand":[],"product_cat":[7132,7194,7190],"product_tag":[],"class_list":{"0":"post-37730","1":"product","2":"type-product","3":"status-publish","4":"has-post-thumbnail","6":"product_cat-books","7":"product_cat-studies-en","8":"product_cat-music-dances-en","9":"pa_auteur-desgrugillers-eric-en","10":"pa_auteur-ricros-andre-en","11":"pa_editeur-amta-en","12":"pa_langue-francais-en","13":"entry","15":"first","16":"instock","17":"shipping-taxable","18":"purchasable","19":"product-type-simple"},"acf":[],"_links":{"self":[{"href":"https:\/\/www.libraria-occitana.org\/en\/wp-json\/wp\/v2\/product\/37730","targetHints":{"allow":["GET"]}}],"collection":[{"href":"https:\/\/www.libraria-occitana.org\/en\/wp-json\/wp\/v2\/product"}],"about":[{"href":"https:\/\/www.libraria-occitana.org\/en\/wp-json\/wp\/v2\/types\/product"}],"wp:featuredmedia":[{"embeddable":true,"href":"https:\/\/www.libraria-occitana.org\/en\/wp-json\/wp\/v2\/media\/37728"}],"wp:attachment":[{"href":"https:\/\/www.libraria-occitana.org\/en\/wp-json\/wp\/v2\/media?parent=37730"}],"wp:term":[{"taxonomy":"product_brand","embeddable":true,"href":"https:\/\/www.libraria-occitana.org\/en\/wp-json\/wp\/v2\/product_brand?post=37730"},{"taxonomy":"product_cat","embeddable":true,"href":"https:\/\/www.libraria-occitana.org\/en\/wp-json\/wp\/v2\/product_cat?post=37730"},{"taxonomy":"product_tag","embeddable":true,"href":"https:\/\/www.libraria-occitana.org\/en\/wp-json\/wp\/v2\/product_tag?post=37730"}],"curies":[{"name":"wp","href":"https:\/\/api.w.org\/{rel}","templated":true}]}}