{"id":37935,"date":"2016-10-13T12:06:34","date_gmt":"2016-10-13T10:06:34","guid":{"rendered":"http:\/\/www.libraria-occitana.org\/produit\/un-age-dor-de-la-porcelaine-de-limoges-lepopee-alluaud-sciences-industries-et-arts-du-feu-au-debut-du-xixe-siecle\/"},"modified":"2026-04-15T00:17:05","modified_gmt":"2026-04-14T22:17:05","slug":"un-age-dor-de-la-porcelaine-de-limoges-lepopee-alluaud-sciences-industries-et-arts-du-feu-au-debut-du-xixe-siecle","status":"publish","type":"product","link":"https:\/\/www.libraria-occitana.org\/en\/product\/un-age-dor-de-la-porcelaine-de-limoges-lepopee-alluaud-sciences-industries-et-arts-du-feu-au-debut-du-xixe-siecle\/","title":{"rendered":"Un \u00c2ge d&#8217;or de la porcelaine de Limoges. L&#8217;\u00e9pop\u00e9e Alluaud : Sciences, industries et arts du feu au d\u00e9but du XIXe si\u00e8cle"},"content":{"rendered":"<p>Entre livre d\u2019histoire et livre d\u2019art, cet ouvrage passionnant r\u00e9v\u00e8le au lecteur des aspects m\u00e9connus de l\u2019origine de la porcelaine de Limoges. L\u2019\u00e9pop\u00e9e Alluaud, l\u2019une des plus c\u00e9l\u00e8bres familles de porcelainiers, fa\u00e7onne au d\u00e9but du XIX<sup class=\"typo_exposants\">e<\/sup> si\u00e8cle le paysage industriel en contr\u00f4lant l\u2019extraction et la vente du pr\u00e9cieux Kaolin, en dominant le flottage des bois et en implantant la premi\u00e8re v\u00e9ritable usine de porcelaine \u00ab\u00a0aux Casseaux\u00a0\u00bb, sur les bords de la Vienne.<br class=\"autobr\" \/> <br class=\"autobr\" \/>Plus de 100 illustrations participent \u00e0 l\u2019\u00e9vocation des fondements de l\u2019industrie porcelaini\u00e8re, des carri\u00e8res de Marcognac en Haute-Vienne jusqu\u2019au port du Naveix, c\u00e9l\u00e8bre quartier populaire et manufacturier de la capitale limousine. Les porcelaines produites par la manufacture Alluaud subliment ce premier \u00e2ge d\u2019or de la porcelaine de Limoges.<\/p>\n","protected":false},"excerpt":{"rendered":"<p>Entre livre d\u2019histoire et livre d\u2019art, cet ouvrage passionnant r\u00e9v\u00e8le au lecteur des aspects m\u00e9connus de l\u2019origine de la porcelaine de Limoges. L\u2019\u00e9pop\u00e9e Alluaud, l\u2019une des plus c\u00e9l\u00e8bres familles de porcelainiers, fa\u00e7onne au d\u00e9but du XIXe si\u00e8cle le paysage industriel en contr\u00f4lant l\u2019extraction et la vente du pr\u00e9cieux Kaolin, en dominant le flottage des bois [&hellip;]<\/p>\n","protected":false},"featured_media":37920,"template":"","meta":{"_acf_changed":false,"_genesis_hide_title":false,"_genesis_hide_breadcrumbs":false,"_genesis_hide_singular_image":false,"_genesis_hide_footer_widgets":false,"_genesis_custom_body_class":"","_genesis_custom_post_class":"","_genesis_layout":""},"product_brand":[],"product_cat":[7134,7132,7148,7158],"product_tag":[],"class_list":{"0":"post-37935","1":"product","2":"type-product","3":"status-publish","4":"has-post-thumbnail","6":"product_cat-arts-en","7":"product_cat-books","8":"product_cat-history-geography-en","9":"product_cat-modern-and-contemporary-history-en","10":"pa_auteur-hirat-thomas-en","11":"pa_editeur-les-ardents-editeurs-en","12":"pa_langue-francais-en","13":"entry","15":"first","16":"instock","17":"shipping-taxable","18":"purchasable","19":"product-type-simple"},"acf":[],"_links":{"self":[{"href":"https:\/\/www.libraria-occitana.org\/en\/wp-json\/wp\/v2\/product\/37935","targetHints":{"allow":["GET"]}}],"collection":[{"href":"https:\/\/www.libraria-occitana.org\/en\/wp-json\/wp\/v2\/product"}],"about":[{"href":"https:\/\/www.libraria-occitana.org\/en\/wp-json\/wp\/v2\/types\/product"}],"wp:featuredmedia":[{"embeddable":true,"href":"https:\/\/www.libraria-occitana.org\/en\/wp-json\/wp\/v2\/media\/37920"}],"wp:attachment":[{"href":"https:\/\/www.libraria-occitana.org\/en\/wp-json\/wp\/v2\/media?parent=37935"}],"wp:term":[{"taxonomy":"product_brand","embeddable":true,"href":"https:\/\/www.libraria-occitana.org\/en\/wp-json\/wp\/v2\/product_brand?post=37935"},{"taxonomy":"product_cat","embeddable":true,"href":"https:\/\/www.libraria-occitana.org\/en\/wp-json\/wp\/v2\/product_cat?post=37935"},{"taxonomy":"product_tag","embeddable":true,"href":"https:\/\/www.libraria-occitana.org\/en\/wp-json\/wp\/v2\/product_tag?post=37935"}],"curies":[{"name":"wp","href":"https:\/\/api.w.org\/{rel}","templated":true}]}}