{"id":37942,"date":"2018-01-13T13:15:06","date_gmt":"2018-01-13T12:15:06","guid":{"rendered":"http:\/\/www.libraria-occitana.org\/produit\/nosautres\/"},"modified":"2026-04-19T21:16:16","modified_gmt":"2026-04-19T19:16:16","slug":"nosautres","status":"publish","type":"product","link":"https:\/\/www.libraria-occitana.org\/en\/product\/nosautres\/","title":{"rendered":"Nosautres"},"content":{"rendered":"<p>\u00c9crit par Evgueni Zamiatine dans les premi\u00e8res ann\u00e9es de l&#8217;Union Sovi\u00e9tique, <em>Nous autres<\/em> est un roman d&#8217;anticipation visionnaire et fondateur, bien des ann\u00e9es avant la parution de <em>1984<\/em> de George Orwell.<\/p>\n<p>L&#8217;auteur y d\u00e9nonce l&#8217;horreur d&#8217;une soci\u00e9t\u00e9 qui impose \u00e0 tous une seule forme de pens\u00e9e, sous la forme d&#8217;une fiction futuriste.<\/p>\n<p>Pr\u00e9sent\u00e9 sous la forme de notes journali\u00e8res d&#8217;un ing\u00e9nieur, D-503 (les pr\u00e9noms n&#8217;existent plus dans cette soci\u00e9t\u00e9 techniciste), le roman rend compte de ses aventures, de ses interrogations, alors qu&#8217;il se trouve d\u00e9chir\u00e9 entre ses sentiments personnnels naissants et les r\u00e8gles d&#8217;une soci\u00e9t\u00e9 d\u00e9shumanis\u00e9e, l&#8217;\u00c9tat Unique, administr\u00e9e pour son plus grand bien par le Grand Bienfaiteur.<\/p>\n<p>Lui sera-t-il possible d&#8217;\u00e9chapper au bonheur impos\u00e9 et obligatoire de ceux qui disent \u0153uvrer pour le plus grand bien de l&#8217;humanit\u00e9 ?<\/p>\n<p>&nbsp;<\/p>\n","protected":false},"excerpt":{"rendered":"<p>\u00c9crit par Evgueni Zamiatine dans les premi\u00e8res ann\u00e9es de l&#8217;Union Sovi\u00e9tique, Nous autres est un roman d&#8217;anticipation visionnaire et fondateur, bien des ann\u00e9es avant la parution de 1984 de George Orwell. L&#8217;auteur y d\u00e9nonce l&#8217;horreur d&#8217;une soci\u00e9t\u00e9 qui impose \u00e0 tous une seule forme de pens\u00e9e, sous la forme d&#8217;une fiction futuriste. Pr\u00e9sent\u00e9 sous la [&hellip;]<\/p>\n","protected":false},"featured_media":37940,"template":"","meta":{"_acf_changed":false,"_genesis_hide_title":false,"_genesis_hide_breadcrumbs":false,"_genesis_hide_singular_image":false,"_genesis_hide_footer_widgets":false,"_genesis_custom_body_class":"","_genesis_custom_post_class":"","_genesis_layout":""},"product_brand":[],"product_cat":[7132,7174,7182],"product_tag":[],"class_list":{"0":"post-37942","1":"product","2":"type-product","3":"status-publish","4":"has-post-thumbnail","6":"product_cat-books","7":"product_cat-literature-en","8":"product_cat-novels-short-stories-en","9":"pa_auteur-zamiatin-evgueni-en","10":"pa_editeur-letras-doc-en","11":"pa_illustrateur-ros-joan-d-roux-jean-en-1","12":"pa_langue-occitan-en","13":"pa_langue-occitan-auvernhat-en","14":"entry","16":"first","17":"instock","18":"shipping-taxable","19":"purchasable","20":"product-type-simple"},"acf":[],"_links":{"self":[{"href":"https:\/\/www.libraria-occitana.org\/en\/wp-json\/wp\/v2\/product\/37942","targetHints":{"allow":["GET"]}}],"collection":[{"href":"https:\/\/www.libraria-occitana.org\/en\/wp-json\/wp\/v2\/product"}],"about":[{"href":"https:\/\/www.libraria-occitana.org\/en\/wp-json\/wp\/v2\/types\/product"}],"wp:featuredmedia":[{"embeddable":true,"href":"https:\/\/www.libraria-occitana.org\/en\/wp-json\/wp\/v2\/media\/37940"}],"wp:attachment":[{"href":"https:\/\/www.libraria-occitana.org\/en\/wp-json\/wp\/v2\/media?parent=37942"}],"wp:term":[{"taxonomy":"product_brand","embeddable":true,"href":"https:\/\/www.libraria-occitana.org\/en\/wp-json\/wp\/v2\/product_brand?post=37942"},{"taxonomy":"product_cat","embeddable":true,"href":"https:\/\/www.libraria-occitana.org\/en\/wp-json\/wp\/v2\/product_cat?post=37942"},{"taxonomy":"product_tag","embeddable":true,"href":"https:\/\/www.libraria-occitana.org\/en\/wp-json\/wp\/v2\/product_tag?post=37942"}],"curies":[{"name":"wp","href":"https:\/\/api.w.org\/{rel}","templated":true}]}}