{"id":37949,"date":"2017-12-13T16:55:26","date_gmt":"2017-12-13T15:55:26","guid":{"rendered":"http:\/\/www.libraria-occitana.org\/?post_type=product&#038;p=37949"},"modified":"2025-03-09T01:32:22","modified_gmt":"2025-03-09T00:32:22","slug":"mini-lop-vol-2","status":"publish","type":"product","link":"https:\/\/www.libraria-occitana.org\/en\/product\/mini-lop-vol-2\/","title":{"rendered":"Mini-Lop Vol 2"},"content":{"rendered":"<p>Version occitane de la s\u00e9rie d&#8217;animation <em>Mini-Loup<\/em> (Genao Productions). D&#8217;apr\u00e8s la bande dessin\u00e9e de Philippe Matter.<\/p>\n<p>Suivez les aventures de Mini-Loup, le p\u2019tit loup tout fou, qui n\u2019a pas la grosse t\u00eate mais juste une grosse truffe et qui en est fier !<\/p>\n<p>Ce petit h\u00e9ros haut en couleur, incisif et impertinent ne laisse jamais indiff\u00e9rent. Avec lui, pas le temps de s\u2019ennuyer, il adore faire des blagues et des b\u00eatises avec ses amis, et des amis il en a !\u00a0Il \u00e9volue dans un cadre familial et un univers rassurant. Les th\u00e8mes classiques de l\u2019enfance sont abord\u00e9s avec tendresse et humour et conf\u00e8rent \u00e0 notre h\u00e9ros, tout son charme, sa fra\u00eecheur&#8230; et son mordant !<\/p>\n<p>Avec les voix de Monica Burg, Silvan Carr\u00e8ra, Cecila Chapduelh, Emilie Esquerr\u00e9, Alban Garr\u00f2s, P\u00e8ir Arnaut Grosclaude-Lapl\u00e9ch\u00e8re, Lauren\u00e7 Labadia, Delfina Lafon, Audrey P\u00e9mouli\u00e9, Olivier Pijasson, C\u00e9line Ricard, Guilhem Surpas.<\/p>\n<p>\u00c0 partir de 4 ans. 12 \u00e9pisodes.<\/p>\n<p>1. Las roinas de l&#8217;esglasi<br \/>\n2. Banhada obligat\u00f2ria<br \/>\n3. Lo bonet de la vergonha<br \/>\n4. Fadas magicas e cavali\u00e8rs cosmics<br \/>\n5. Ua vrespada de mainadas<br \/>\n6. Lo mot de la regenta<br \/>\n7. Lo papeta es flame<br \/>\n8. La nuech jos la tenda<br \/>\n9. D\u00f3d\u00f3 lo pauruc<br \/>\n10. Madomais\u00e8la Biglu muda<br \/>\n11. La ca\u00e7a a las catarinetas<br \/>\n12. Que partim en classa verda<\/p>\n<p><a href=\"http:\/\/www.libraria-occitana.org\/produit\/mini-lop-vol-1\/\"><em>Mini-Lop<\/em> Vol 1<\/a><\/p>\n","protected":false},"excerpt":{"rendered":"<p>Version occitane de la s\u00e9rie d&#8217;animation Mini-Loup (Genao Productions). D&#8217;apr\u00e8s la bande dessin\u00e9e de Philippe Matter. Suivez les aventures de Mini-Loup, le p\u2019tit loup tout fou, qui n\u2019a pas la grosse t\u00eate mais juste une grosse truffe et qui en est fier ! Ce petit h\u00e9ros haut en couleur, incisif et impertinent ne laisse jamais [&hellip;]<\/p>\n","protected":false},"featured_media":37955,"template":"","meta":{"_acf_changed":false,"_genesis_hide_title":false,"_genesis_hide_breadcrumbs":false,"_genesis_hide_singular_image":false,"_genesis_hide_footer_widgets":false,"_genesis_custom_body_class":"","_genesis_custom_post_class":"","_genesis_layout":""},"product_brand":[],"product_cat":[7245,7249],"product_tag":[],"class_list":{"0":"post-37949","1":"product","2":"type-product","3":"status-publish","4":"has-post-thumbnail","6":"product_cat-juvenile-and-teen-videos-2-en","7":"product_cat-videos-3-en","8":"pa_auteur-mege-frederic-en","9":"pa_editeur-contam-en","10":"pa_editeur-genao-productions-en","11":"pa_langue-occitan-en","12":"entry","14":"first","15":"outofstock","16":"shipping-taxable","17":"purchasable","18":"product-type-simple"},"acf":[],"_links":{"self":[{"href":"https:\/\/www.libraria-occitana.org\/en\/wp-json\/wp\/v2\/product\/37949","targetHints":{"allow":["GET"]}}],"collection":[{"href":"https:\/\/www.libraria-occitana.org\/en\/wp-json\/wp\/v2\/product"}],"about":[{"href":"https:\/\/www.libraria-occitana.org\/en\/wp-json\/wp\/v2\/types\/product"}],"wp:featuredmedia":[{"embeddable":true,"href":"https:\/\/www.libraria-occitana.org\/en\/wp-json\/wp\/v2\/media\/37955"}],"wp:attachment":[{"href":"https:\/\/www.libraria-occitana.org\/en\/wp-json\/wp\/v2\/media?parent=37949"}],"wp:term":[{"taxonomy":"product_brand","embeddable":true,"href":"https:\/\/www.libraria-occitana.org\/en\/wp-json\/wp\/v2\/product_brand?post=37949"},{"taxonomy":"product_cat","embeddable":true,"href":"https:\/\/www.libraria-occitana.org\/en\/wp-json\/wp\/v2\/product_cat?post=37949"},{"taxonomy":"product_tag","embeddable":true,"href":"https:\/\/www.libraria-occitana.org\/en\/wp-json\/wp\/v2\/product_tag?post=37949"}],"curies":[{"name":"wp","href":"https:\/\/api.w.org\/{rel}","templated":true}]}}