{"id":37994,"date":"2017-04-17T18:47:47","date_gmt":"2017-04-17T16:47:47","guid":{"rendered":"http:\/\/www.libraria-occitana.org\/?post_type=product&#038;p=37994"},"modified":"2026-04-29T04:51:16","modified_gmt":"2026-04-29T02:51:16","slug":"trotet-partida-1-gascona","status":"publish","type":"product","link":"https:\/\/www.libraria-occitana.org\/en\/product\/trotet-partida-1-gascona\/","title":{"rendered":"Trotet Partida 2 Gascona"},"content":{"rendered":"<p>Version occitane de la s\u00e9rie d&#8217;animation <em>Trotro<\/em> (Storimage \/ 2 Minutes), inspir\u00e9e des livres de litt\u00e9rature-jeunesse de B\u00e9n\u00e9dicte Guettier (<em>L&#8217;\u00e2ne Trotro<\/em>, \u00e9ditions Gallimard).<\/p>\n<p>Trotro est un petit \u00e2ne gris. Espi\u00e8gle, enthousiaste, il voit toujours le bon c\u00f4t\u00e9 des choses et se d\u00e9brouille dans la vie. Il joue avec sa copine Lili et aimerait que Nana le remarque. Les aventures quotidiennes sont con\u00e7ues pour faciliter la compr\u00e9hension des plus petits et diffusent une gentille ironie sur les ent\u00eatements des enfants qui revendiquent leur autonomie.<\/p>\n<p>Avec les voix de Cecila Chapduelh, Caroline Dufau, Lauren\u00e7 Labadia.<\/p>\n<p><strong>Titres :<\/strong><br \/>\n14. Trotet e l&#8217;avet de nadau<br \/>\n15. Trotet non v\u00f2u pas prestar<br \/>\n16. Trotet que h\u00e8 a l&#8217;eslissad\u00e8ra<br \/>\n17. Trotet que h\u00e8 lo cluc<br \/>\n18. Trotet qu&#8217;ei un gormand<br \/>\n19. Trotet que s&#8217;escapa deu lh\u00e8it<br \/>\n20. Trotet que&#8217;s desguisa<br \/>\n21. Trotet que&#8217;s lava<br \/>\n22. Trotet que s&#8217;apelha<br \/>\n23. Trotet e lo compliment<br \/>\n24. Trotet que h\u00e8 bicicleta<br \/>\n25. Trotet que vespreja sus l&#8217;\u00e8rba<br \/>\n26. Trotet e la sua selha<\/p>\n<p><a href=\"http:\/\/www.libraria-occitana.org\/produit\/trotet-partida-1-lengadociana\/\"><em>Trotet<\/em>\u00a0Partida 1 Lengadociana<\/a><br \/>\n<a href=\"http:\/\/www.libraria-occitana.org\/produit\/trotet-partida-3-provencala\/\"><em>Trotet<\/em>\u00a0Partida 3 Proven\u00e7ala<br \/>\n<\/a><a href=\"http:\/\/www.libraria-occitana.org\/produit\/trotet-partida-4-lemosina\/\"><em>Trotet<\/em> Partida 4 Limosina<\/a><\/p>\n","protected":false},"excerpt":{"rendered":"<p>Version occitane de la s\u00e9rie d&#8217;animation Trotro (Storimage \/ 2 Minutes), inspir\u00e9e des livres de litt\u00e9rature-jeunesse de B\u00e9n\u00e9dicte Guettier (L&#8217;\u00e2ne Trotro, \u00e9ditions Gallimard). Trotro est un petit \u00e2ne gris. Espi\u00e8gle, enthousiaste, il voit toujours le bon c\u00f4t\u00e9 des choses et se d\u00e9brouille dans la vie. Il joue avec sa copine Lili et aimerait que Nana [&hellip;]<\/p>\n","protected":false},"featured_media":37983,"template":"","meta":{"_acf_changed":false,"_genesis_hide_title":false,"_genesis_hide_breadcrumbs":false,"_genesis_hide_singular_image":false,"_genesis_hide_footer_widgets":false,"_genesis_custom_body_class":"","_genesis_custom_post_class":"","_genesis_layout":""},"product_brand":[],"product_cat":[7245,7249],"product_tag":[],"class_list":{"0":"post-37994","1":"product","2":"type-product","3":"status-publish","4":"has-post-thumbnail","6":"product_cat-juvenile-and-teen-videos-2-en","7":"product_cat-videos-3-en","8":"pa_auteur-cazes-eric-en","9":"pa_auteur-lezoray-stephane-en","10":"pa_editeur-2-minutes-en","11":"pa_editeur-contam-en","12":"pa_editeur-storimage-en","13":"pa_langue-occitan-en","14":"pa_langue-occitan-gascon-en","15":"entry","17":"first","18":"instock","19":"shipping-taxable","20":"purchasable","21":"product-type-simple"},"acf":[],"_links":{"self":[{"href":"https:\/\/www.libraria-occitana.org\/en\/wp-json\/wp\/v2\/product\/37994","targetHints":{"allow":["GET"]}}],"collection":[{"href":"https:\/\/www.libraria-occitana.org\/en\/wp-json\/wp\/v2\/product"}],"about":[{"href":"https:\/\/www.libraria-occitana.org\/en\/wp-json\/wp\/v2\/types\/product"}],"wp:featuredmedia":[{"embeddable":true,"href":"https:\/\/www.libraria-occitana.org\/en\/wp-json\/wp\/v2\/media\/37983"}],"wp:attachment":[{"href":"https:\/\/www.libraria-occitana.org\/en\/wp-json\/wp\/v2\/media?parent=37994"}],"wp:term":[{"taxonomy":"product_brand","embeddable":true,"href":"https:\/\/www.libraria-occitana.org\/en\/wp-json\/wp\/v2\/product_brand?post=37994"},{"taxonomy":"product_cat","embeddable":true,"href":"https:\/\/www.libraria-occitana.org\/en\/wp-json\/wp\/v2\/product_cat?post=37994"},{"taxonomy":"product_tag","embeddable":true,"href":"https:\/\/www.libraria-occitana.org\/en\/wp-json\/wp\/v2\/product_tag?post=37994"}],"curies":[{"name":"wp","href":"https:\/\/api.w.org\/{rel}","templated":true}]}}