{"id":37997,"date":"2017-04-17T18:51:25","date_gmt":"2017-04-17T16:51:25","guid":{"rendered":"http:\/\/www.libraria-occitana.org\/?post_type=product&#038;p=37997"},"modified":"2026-04-29T04:51:18","modified_gmt":"2026-04-29T02:51:18","slug":"trotet-partida-3-provencala","status":"publish","type":"product","link":"https:\/\/www.libraria-occitana.org\/en\/product\/trotet-partida-3-provencala\/","title":{"rendered":"Trotet Partida 3 Proven\u00e7ala"},"content":{"rendered":"<p>Version occitane de la s\u00e9rie d&#8217;animation <em>Trotro<\/em> (Storimage \/ 2 Minutes), inspir\u00e9e des livres de litt\u00e9rature-jeunesse de B\u00e9n\u00e9dicte Guettier (<em>L&#8217;\u00e2ne Trotro<\/em>, \u00e9ditions Gallimard).<\/p>\n<p>Trotro est un petit \u00e2ne gris. Espi\u00e8gle, enthousiaste, il voit toujours le bon c\u00f4t\u00e9 des choses et se d\u00e9brouille dans la vie. Il joue avec sa copine Lili et aimerait que Nana le remarque. Les aventures quotidiennes sont con\u00e7ues pour faciliter la compr\u00e9hension des plus petits et diffusent une gentille ironie sur les ent\u00eatements des enfants qui revendiquent leur autonomie.<\/p>\n<p>Avec les voix de Emmanuelle Aym\u00e8s, Cecila Chapduelh, Rod\u00edn Kaufmann, Claudina Paul-Gr\u00f2s.<\/p>\n<p><strong>Titres :<\/strong><br \/>\n27. Trotet e lo bon\u00f2me de n\u00e8u<br \/>\n28. Trotet fa una c\u00f2ca<br \/>\n29. Trotet e la fot\u00f2<br \/>\n30. Al\u00f2 Trotet<br \/>\n31. Trotet palhasson<br \/>\n32. Trotet dessenha<br \/>\n33. Trotet torna trobar Orson<br \/>\n34. Trotet espanta Nan\u00e0<br \/>\n35. Trotet es un pichon Pap\u00e0<br \/>\n36. Trotet arrosa<br \/>\n37. Trotet e l&#8217;eiri\u00e7on<br \/>\n38. Trotet fa de roller<br \/>\n39. Trotet e lo peisson rotge<\/p>\n<p><a href=\"http:\/\/www.libraria-occitana.org\/produit\/trotet-partida-1-lengadociana\/\"><em>Trotet<\/em> Partida 1 Lengadociana<\/a><br \/>\n<a href=\"http:\/\/www.libraria-occitana.org\/produit\/trotet-partida-1-gascona\/\"><em>Trotet<\/em> Partida 2 Gascona<\/a><br \/>\n<a href=\"http:\/\/www.libraria-occitana.org\/produit\/trotet-partida-4-lemosina\/\"><em>Trotet<\/em> Partida 4 Limosina<\/a><\/p>\n","protected":false},"excerpt":{"rendered":"<p>Version occitane de la s\u00e9rie d&#8217;animation Trotro (Storimage \/ 2 Minutes), inspir\u00e9e des livres de litt\u00e9rature-jeunesse de B\u00e9n\u00e9dicte Guettier (L&#8217;\u00e2ne Trotro, \u00e9ditions Gallimard). Trotro est un petit \u00e2ne gris. Espi\u00e8gle, enthousiaste, il voit toujours le bon c\u00f4t\u00e9 des choses et se d\u00e9brouille dans la vie. Il joue avec sa copine Lili et aimerait que Nana [&hellip;]<\/p>\n","protected":false},"featured_media":37986,"template":"","meta":{"_acf_changed":false,"_genesis_hide_title":false,"_genesis_hide_breadcrumbs":false,"_genesis_hide_singular_image":false,"_genesis_hide_footer_widgets":false,"_genesis_custom_body_class":"","_genesis_custom_post_class":"","_genesis_layout":""},"product_brand":[],"product_cat":[7245,7249],"product_tag":[],"class_list":{"0":"post-37997","1":"product","2":"type-product","3":"status-publish","4":"has-post-thumbnail","6":"product_cat-juvenile-and-teen-videos-2-en","7":"product_cat-videos-3-en","8":"pa_auteur-cazes-eric-en","9":"pa_auteur-lezoray-stephane-en","10":"pa_editeur-2-minutes-en","11":"pa_editeur-contam-en","12":"pa_editeur-storimage-en","13":"pa_langue-occitan-en","14":"pa_langue-occitan-provencau-en","15":"entry","17":"first","18":"instock","19":"shipping-taxable","20":"purchasable","21":"product-type-simple"},"acf":[],"_links":{"self":[{"href":"https:\/\/www.libraria-occitana.org\/en\/wp-json\/wp\/v2\/product\/37997","targetHints":{"allow":["GET"]}}],"collection":[{"href":"https:\/\/www.libraria-occitana.org\/en\/wp-json\/wp\/v2\/product"}],"about":[{"href":"https:\/\/www.libraria-occitana.org\/en\/wp-json\/wp\/v2\/types\/product"}],"wp:featuredmedia":[{"embeddable":true,"href":"https:\/\/www.libraria-occitana.org\/en\/wp-json\/wp\/v2\/media\/37986"}],"wp:attachment":[{"href":"https:\/\/www.libraria-occitana.org\/en\/wp-json\/wp\/v2\/media?parent=37997"}],"wp:term":[{"taxonomy":"product_brand","embeddable":true,"href":"https:\/\/www.libraria-occitana.org\/en\/wp-json\/wp\/v2\/product_brand?post=37997"},{"taxonomy":"product_cat","embeddable":true,"href":"https:\/\/www.libraria-occitana.org\/en\/wp-json\/wp\/v2\/product_cat?post=37997"},{"taxonomy":"product_tag","embeddable":true,"href":"https:\/\/www.libraria-occitana.org\/en\/wp-json\/wp\/v2\/product_tag?post=37997"}],"curies":[{"name":"wp","href":"https:\/\/api.w.org\/{rel}","templated":true}]}}