{"id":38000,"date":"2017-04-17T18:55:39","date_gmt":"2017-04-17T16:55:39","guid":{"rendered":"http:\/\/www.libraria-occitana.org\/?post_type=product&#038;p=38000"},"modified":"2026-04-11T04:06:52","modified_gmt":"2026-04-11T02:06:52","slug":"trotet-partida-4-lemosina","status":"publish","type":"product","link":"https:\/\/www.libraria-occitana.org\/en\/product\/trotet-partida-4-lemosina\/","title":{"rendered":"Trotet Partida 4 Limosina"},"content":{"rendered":"<p>Version occitane de la s\u00e9rie d&#8217;animation <em>Trotro<\/em> (Storimage \/ 2 Minutes), inspir\u00e9e des livres de litt\u00e9rature-jeunesse de B\u00e9n\u00e9dicte Guettier (<em>L&#8217;\u00e2ne Trotro<\/em>, \u00e9ditions Gallimard).<\/p>\n<p>Trotro est un petit \u00e2ne gris. Espi\u00e8gle, enthousiaste, il voit toujours le bon c\u00f4t\u00e9 des choses et se d\u00e9brouille dans la vie. Il joue avec sa copine Lili et aimerait que Nana le remarque. Les aventures quotidiennes sont con\u00e7ues pour faciliter la compr\u00e9hension des plus petits et diffusent une gentille ironie sur les ent\u00eatements des enfants qui revendiquent leur autonomie.<\/p>\n<p>Avec les voix de Cecila Chapduelh, Caroline Dufau, \u00c9milie Esquerr\u00e9, Lauren\u00e7 Labadia.<\/p>\n<p><strong>Titres :<\/strong><br \/>\n40. Trotet champion de jud\u00f2<br \/>\n41. Trotet e lo sac jauvent<br \/>\n42. Trotet e la tortuja<br \/>\n43. Trotet aprend dan\u00e7ar<br \/>\n44. Trotet es mau virat<br \/>\n45. Trotet e l&#8217;anniversari de Nan\u00e0<br \/>\n46. Trotet e la serp-volanta<br \/>\n47. Pas per aura, Trotet<br \/>\n48. La chabana de Trotet<br \/>\n49. Trotet e son orquestra<br \/>\n50. Trotet e l&#8217;estuflet<br \/>\n51. Trotet e la bo\u00edtia de secrets<br \/>\n52. Quand Trotet ser\u00e1 beu<\/p>\n<p><a href=\"http:\/\/www.libraria-occitana.org\/produit\/trotet-partida-1-lengadociana\/\"><em>Trotet<\/em> Partida 1 Lengadociana<\/a><br \/>\n<a href=\"http:\/\/www.libraria-occitana.org\/produit\/trotet-partida-1-gascona\/\"><em>Trotet<\/em> Partida 2 Gascona<\/a><br \/>\n<a href=\"http:\/\/www.libraria-occitana.org\/produit\/trotet-partida-3-provencala\/\"><em>Trotet<\/em> Partida 3 Proven\u00e7ala<\/a><\/p>\n","protected":false},"excerpt":{"rendered":"<p>Version occitane de la s\u00e9rie d&#8217;animation Trotro (Storimage \/ 2 Minutes), inspir\u00e9e des livres de litt\u00e9rature-jeunesse de B\u00e9n\u00e9dicte Guettier (L&#8217;\u00e2ne Trotro, \u00e9ditions Gallimard). Trotro est un petit \u00e2ne gris. Espi\u00e8gle, enthousiaste, il voit toujours le bon c\u00f4t\u00e9 des choses et se d\u00e9brouille dans la vie. Il joue avec sa copine Lili et aimerait que Nana [&hellip;]<\/p>\n","protected":false},"featured_media":37989,"template":"","meta":{"_acf_changed":false,"_genesis_hide_title":false,"_genesis_hide_breadcrumbs":false,"_genesis_hide_singular_image":false,"_genesis_hide_footer_widgets":false,"_genesis_custom_body_class":"","_genesis_custom_post_class":"","_genesis_layout":""},"product_brand":[],"product_cat":[7245,7249],"product_tag":[],"class_list":{"0":"post-38000","1":"product","2":"type-product","3":"status-publish","4":"has-post-thumbnail","6":"product_cat-juvenile-and-teen-videos-2-en","7":"product_cat-videos-3-en","8":"pa_auteur-cazes-eric-en","9":"pa_auteur-lezoray-stephane-en","10":"pa_editeur-2-minutes-en","11":"pa_editeur-contam-en","12":"pa_editeur-storimage-en","13":"pa_langue-occitan-en","14":"pa_langue-occitan-lemosin-en","15":"entry","17":"first","18":"instock","19":"shipping-taxable","20":"purchasable","21":"product-type-simple"},"acf":[],"_links":{"self":[{"href":"https:\/\/www.libraria-occitana.org\/en\/wp-json\/wp\/v2\/product\/38000","targetHints":{"allow":["GET"]}}],"collection":[{"href":"https:\/\/www.libraria-occitana.org\/en\/wp-json\/wp\/v2\/product"}],"about":[{"href":"https:\/\/www.libraria-occitana.org\/en\/wp-json\/wp\/v2\/types\/product"}],"wp:featuredmedia":[{"embeddable":true,"href":"https:\/\/www.libraria-occitana.org\/en\/wp-json\/wp\/v2\/media\/37989"}],"wp:attachment":[{"href":"https:\/\/www.libraria-occitana.org\/en\/wp-json\/wp\/v2\/media?parent=38000"}],"wp:term":[{"taxonomy":"product_brand","embeddable":true,"href":"https:\/\/www.libraria-occitana.org\/en\/wp-json\/wp\/v2\/product_brand?post=38000"},{"taxonomy":"product_cat","embeddable":true,"href":"https:\/\/www.libraria-occitana.org\/en\/wp-json\/wp\/v2\/product_cat?post=38000"},{"taxonomy":"product_tag","embeddable":true,"href":"https:\/\/www.libraria-occitana.org\/en\/wp-json\/wp\/v2\/product_tag?post=38000"}],"curies":[{"name":"wp","href":"https:\/\/api.w.org\/{rel}","templated":true}]}}