{"id":38007,"date":"2017-12-17T19:21:22","date_gmt":"2017-12-17T18:21:22","guid":{"rendered":"http:\/\/www.libraria-occitana.org\/?post_type=product&#038;p=38007"},"modified":"2025-03-09T00:42:25","modified_gmt":"2025-03-08T23:42:25","slug":"heidi","status":"publish","type":"product","link":"https:\/\/www.libraria-occitana.org\/en\/product\/heidi\/","title":{"rendered":"Heidi"},"content":{"rendered":"<p>Version occitane du film <em>Heidi<\/em> (Zodiac Pictures Ltd\/Claussen + Putz Filmproduktion Gmbh\/Studiocanal Film Gmbh). D&#8217;apr\u00e8s l&#8217;\u0153uvre de\u00a0Johanna Spyri.<\/p>\n<p>Heidi, une jeune orpheline, part vivre chez son grand-p\u00e8re dans les montagnes des Alpes Suisses. D&#8217;abord effray\u00e9e par ce vieil homme solitaire, elle apprend vite \u00e0 l&#8217;aimer et d\u00e9couvre la beaut\u00e9 des alpages avec Peter, son nouvel ami. Mais la tante d&#8217;Heidi, estimant qu&#8217;il ne s&#8217;agit pas l\u00e0 d&#8217;une \u00e9ducation convenable, place la fillette dans une riche famille de la ville. Heidi va-t-elle supporter cette vie, loin de la montagne et de son grand-p\u00e8re?<\/p>\n<p>Sous-titres en fran\u00e7ais.<\/p>\n<p>Avec les voix de Joan-Lois Blenet, Maria-Nadau B\u00f2rdanava, Monica Burg, Bruno Cecillon, Cecila Chapduelh, Ives Durand, Emilie Esquerr\u00e9, Alban Garr\u00f2s, Violette Labadie, H\u00e9lio Labadie, Lauren\u00e7 Labadia, Delfina Lafon, L\u00e9onie Laurent, Audrey P\u00e9mouli\u00e9, Marie-H\u00e9l\u00e8ne Peyresaubes, Olivier Pijasson, C\u00e9line Ricard, Guilhem Surpas.<\/p>\n<p><iframe loading=\"lazy\" width=\"560\" height=\"315\" src=\"https:\/\/www.youtube.com\/embed\/staV3wDku7A\" title=\"YouTube video player\" frameborder=\"0\" allow=\"accelerometer; autoplay; clipboard-write; encrypted-media; gyroscope; picture-in-picture\" allowfullscreen><\/iframe><\/p>\n","protected":false},"excerpt":{"rendered":"<p>Version occitane du film Heidi (Zodiac Pictures Ltd\/Claussen + Putz Filmproduktion Gmbh\/Studiocanal Film Gmbh). D&#8217;apr\u00e8s l&#8217;\u0153uvre de\u00a0Johanna Spyri. Heidi, une jeune orpheline, part vivre chez son grand-p\u00e8re dans les montagnes des Alpes Suisses. D&#8217;abord effray\u00e9e par ce vieil homme solitaire, elle apprend vite \u00e0 l&#8217;aimer et d\u00e9couvre la beaut\u00e9 des alpages avec Peter, son nouvel [&hellip;]<\/p>\n","protected":false},"featured_media":38011,"template":"","meta":{"_acf_changed":false,"_genesis_hide_title":false,"_genesis_hide_breadcrumbs":false,"_genesis_hide_singular_image":false,"_genesis_hide_footer_widgets":false,"_genesis_custom_body_class":"","_genesis_custom_post_class":"","_genesis_layout":""},"product_brand":[],"product_cat":[7243,7249],"product_tag":[],"class_list":{"0":"post-38007","1":"product","2":"type-product","3":"status-publish","4":"has-post-thumbnail","6":"product_cat-fiction-en","7":"product_cat-videos-3-en","8":"pa_auteur-gsponer-alain-en","9":"pa_editeur-contam-en","10":"pa_editeur-studiocanal-en","11":"pa_langue-occitan-francais-en","12":"entry","14":"first","15":"outofstock","16":"shipping-taxable","17":"purchasable","18":"product-type-simple"},"acf":[],"_links":{"self":[{"href":"https:\/\/www.libraria-occitana.org\/en\/wp-json\/wp\/v2\/product\/38007","targetHints":{"allow":["GET"]}}],"collection":[{"href":"https:\/\/www.libraria-occitana.org\/en\/wp-json\/wp\/v2\/product"}],"about":[{"href":"https:\/\/www.libraria-occitana.org\/en\/wp-json\/wp\/v2\/types\/product"}],"wp:featuredmedia":[{"embeddable":true,"href":"https:\/\/www.libraria-occitana.org\/en\/wp-json\/wp\/v2\/media\/38011"}],"wp:attachment":[{"href":"https:\/\/www.libraria-occitana.org\/en\/wp-json\/wp\/v2\/media?parent=38007"}],"wp:term":[{"taxonomy":"product_brand","embeddable":true,"href":"https:\/\/www.libraria-occitana.org\/en\/wp-json\/wp\/v2\/product_brand?post=38007"},{"taxonomy":"product_cat","embeddable":true,"href":"https:\/\/www.libraria-occitana.org\/en\/wp-json\/wp\/v2\/product_cat?post=38007"},{"taxonomy":"product_tag","embeddable":true,"href":"https:\/\/www.libraria-occitana.org\/en\/wp-json\/wp\/v2\/product_tag?post=38007"}],"curies":[{"name":"wp","href":"https:\/\/api.w.org\/{rel}","templated":true}]}}