{"id":38014,"date":"2017-12-17T20:12:53","date_gmt":"2017-12-17T19:12:53","guid":{"rendered":"http:\/\/www.libraria-occitana.org\/?post_type=product&#038;p=38014"},"modified":"2025-03-09T01:52:19","modified_gmt":"2025-03-09T00:52:19","slug":"senher-ram","status":"publish","type":"product","link":"https:\/\/www.libraria-occitana.org\/en\/product\/senher-ram\/","title":{"rendered":"S\u00e9nher Ram"},"content":{"rendered":"<p>Version\u00a0occitane du court m\u00e9trage d&#8217;animation britannique <em>Stick Man<\/em> (Monsieur Bout de Bois) (Orange Eyes, Magic Light Pictures).<\/p>\n<p>Monsieur Bout-de-Bois m\u00e8ne une vie paisible dans son arbre familial avec Madame Bout-de-Bois et leurs trois enfants. Lors de son footing matinal, il se fait attraper par un chien qui le prend pour un vulgaire b\u00e2ton. Commence alors pour Monsieur Bout-de-Bois une s\u00e9rie d\u2019aventures qui l\u2019entra\u00eeneront bien loin de chez lui\u2026<\/p>\n<p>Sous-titrage en fran\u00e7ais.\u00a0Film disponible en trois versions : Gascon, Languedocien, Limousin.<\/p>\n<p>Avec les voix de J\u00f2rdi Besombes, Silvan Carr\u00e8ra, Emilie Esquerr\u00e9, Alban Garr\u00f2s, Violette Labadie, Lauren\u00e7 Labadia, Delfina Lafon, L\u00e9onie Laurent, Audrey P\u00e9mouli\u00e9.<\/p>\n","protected":false},"excerpt":{"rendered":"<p>Version\u00a0occitane du court m\u00e9trage d&#8217;animation britannique Stick Man (Monsieur Bout de Bois) (Orange Eyes, Magic Light Pictures). Monsieur Bout-de-Bois m\u00e8ne une vie paisible dans son arbre familial avec Madame Bout-de-Bois et leurs trois enfants. Lors de son footing matinal, il se fait attraper par un chien qui le prend pour un vulgaire b\u00e2ton. Commence alors [&hellip;]<\/p>\n","protected":false},"featured_media":38017,"template":"","meta":{"_acf_changed":false,"_genesis_hide_title":false,"_genesis_hide_breadcrumbs":false,"_genesis_hide_singular_image":false,"_genesis_hide_footer_widgets":false,"_genesis_custom_body_class":"","_genesis_custom_post_class":"","_genesis_layout":""},"product_brand":[],"product_cat":[7245,7249],"product_tag":[],"class_list":{"0":"post-38014","1":"product","2":"type-product","3":"status-publish","4":"has-post-thumbnail","6":"product_cat-juvenile-and-teen-videos-2-en","7":"product_cat-videos-3-en","8":"pa_auteur-jaspaert-jeroen-en","9":"pa_auteur-snaddon-daniel-en","10":"pa_editeur-contam-en","11":"pa_editeur-magic-pictures-en","12":"pa_langue-occitan-gascon-en","13":"pa_langue-occitan-lemosin-en","14":"pa_langue-occitan-lengadocian-en","15":"pa_langue-occitan-francais-en","16":"entry","18":"first","19":"outofstock","20":"shipping-taxable","21":"purchasable","22":"product-type-simple"},"acf":[],"_links":{"self":[{"href":"https:\/\/www.libraria-occitana.org\/en\/wp-json\/wp\/v2\/product\/38014","targetHints":{"allow":["GET"]}}],"collection":[{"href":"https:\/\/www.libraria-occitana.org\/en\/wp-json\/wp\/v2\/product"}],"about":[{"href":"https:\/\/www.libraria-occitana.org\/en\/wp-json\/wp\/v2\/types\/product"}],"wp:featuredmedia":[{"embeddable":true,"href":"https:\/\/www.libraria-occitana.org\/en\/wp-json\/wp\/v2\/media\/38017"}],"wp:attachment":[{"href":"https:\/\/www.libraria-occitana.org\/en\/wp-json\/wp\/v2\/media?parent=38014"}],"wp:term":[{"taxonomy":"product_brand","embeddable":true,"href":"https:\/\/www.libraria-occitana.org\/en\/wp-json\/wp\/v2\/product_brand?post=38014"},{"taxonomy":"product_cat","embeddable":true,"href":"https:\/\/www.libraria-occitana.org\/en\/wp-json\/wp\/v2\/product_cat?post=38014"},{"taxonomy":"product_tag","embeddable":true,"href":"https:\/\/www.libraria-occitana.org\/en\/wp-json\/wp\/v2\/product_tag?post=38014"}],"curies":[{"name":"wp","href":"https:\/\/api.w.org\/{rel}","templated":true}]}}