{"id":38152,"date":"2017-09-19T16:14:09","date_gmt":"2017-09-19T14:14:09","guid":{"rendered":"http:\/\/www.libraria-occitana.org\/product\/aronde\/"},"modified":"2026-04-29T02:26:45","modified_gmt":"2026-04-29T00:26:45","slug":"aronde","status":"publish","type":"product","link":"https:\/\/www.libraria-occitana.org\/en\/product\/aronde\/","title":{"rendered":"Aronde"},"content":{"rendered":"<p><strong>No\u00ebllie Nioulou :<\/strong> violoncelle, violon<br \/>\n<strong>Cl\u00e9mence Cognet :<\/strong> violon, chant, shruti box rebec<br \/>\n<strong>Roman Colautti :<\/strong> contrebasse, percussions, boha, bo\u00eete \u00e0 bourdons, chant<br \/>\n<strong>Thomas Baudoin :<\/strong> chant, tambourin \u00e0 cordes, boha, shruti box, rebec, percussions<\/p>\n<p>Aronde pour \u00e9quilibrer deux identit\u00e9s fortes, des univers musicaux bien tremp\u00e9s, issus respectivement des r\u00e9pertoires traditionnels auvergnats et gascons. Fusionner deux parcours qui semblent perpendiculaires l\u2019un \u00e0 l\u2019autre, Aronde qui les fait se rejoindre avec style et sans artifice. Et si le peintre Dali y aurait peut-\u00eatre vu une illustration de sa s\u00e9rie des catastrophes, Terry Riley n\u2019en aurait pas pour autant reni\u00e9 les boucles ainsi cr\u00e9\u00e9es, r\u00e9p\u00e9t\u00e9es et r\u00e9p\u00e9t\u00e9es encore, comme pour mieux en appr\u00e9cier les contours sans jamais perdre de vue leur fondement.<\/p>\n<p><strong>Titres :<\/strong><br \/>\n1.\u00a0Novissima 6&#8217;06<br \/>\n2.\u00a0Aussau \/ A la nosta lana \/ L&#8217;auseron 7&#8217;07 vid\u00e9o<br \/>\n3.\u00a0Se ieu sabia 5&#8217;50<br \/>\n4.\u00a0R\u00e9veillez-vous tous les endormis 6&#8217;15<br \/>\n5.\u00a0Dessus la rota de Lonzac \/ A tot l\u2019entorn de l\u2019om 6&#8217;10<br \/>\n6.\u00a0Je me suis mis en libert\u00e9 \/ Pastorejant 7&#8217;08<br \/>\n7.\u00a0N&#8217;a ben tant dan\u00e7at 4&#8217;57<br \/>\n8.\u00a0Be n\u2019\u00e8ran tres segadors \/ Mon paire m&#8217;a logada 7&#8217;42<br \/>\n9.\u00a0Las dr\u00f2las d&#8217;Aurillac \/ N&#8217;am traversat nau lanas \/ Bon matin me&#8217;n soi lhevada 5&#8217;19<\/p>\n","protected":false},"excerpt":{"rendered":"<p>No\u00ebllie Nioulou : violoncelle, violon Cl\u00e9mence Cognet : violon, chant, shruti box rebec Roman Colautti : contrebasse, percussions, boha, bo\u00eete \u00e0 bourdons, chant Thomas Baudoin : chant, tambourin \u00e0 cordes, boha, shruti box, rebec, percussions Aronde pour \u00e9quilibrer deux identit\u00e9s fortes, des univers musicaux bien tremp\u00e9s, issus respectivement des r\u00e9pertoires traditionnels auvergnats et gascons. Fusionner [&hellip;]<\/p>\n","protected":false},"featured_media":38053,"template":"","meta":{"_acf_changed":false,"_genesis_hide_title":false,"_genesis_hide_breadcrumbs":false,"_genesis_hide_singular_image":false,"_genesis_hide_footer_widgets":false,"_genesis_custom_body_class":"","_genesis_custom_post_class":"","_genesis_layout":""},"product_brand":[],"product_cat":[7228,7216],"product_tag":[],"class_list":{"0":"post-38152","1":"product","2":"type-product","3":"status-publish","4":"has-post-thumbnail","6":"product_cat-modern-folk-en","7":"product_cat-music-en","8":"pa_auteur-aronde-en","9":"pa_editeur-pagans-en","10":"pa_langue-francais-en","11":"pa_langue-occitan-en","12":"entry","14":"first","15":"instock","16":"shipping-taxable","17":"purchasable","18":"product-type-simple"},"acf":[],"_links":{"self":[{"href":"https:\/\/www.libraria-occitana.org\/en\/wp-json\/wp\/v2\/product\/38152","targetHints":{"allow":["GET"]}}],"collection":[{"href":"https:\/\/www.libraria-occitana.org\/en\/wp-json\/wp\/v2\/product"}],"about":[{"href":"https:\/\/www.libraria-occitana.org\/en\/wp-json\/wp\/v2\/types\/product"}],"wp:featuredmedia":[{"embeddable":true,"href":"https:\/\/www.libraria-occitana.org\/en\/wp-json\/wp\/v2\/media\/38053"}],"wp:attachment":[{"href":"https:\/\/www.libraria-occitana.org\/en\/wp-json\/wp\/v2\/media?parent=38152"}],"wp:term":[{"taxonomy":"product_brand","embeddable":true,"href":"https:\/\/www.libraria-occitana.org\/en\/wp-json\/wp\/v2\/product_brand?post=38152"},{"taxonomy":"product_cat","embeddable":true,"href":"https:\/\/www.libraria-occitana.org\/en\/wp-json\/wp\/v2\/product_cat?post=38152"},{"taxonomy":"product_tag","embeddable":true,"href":"https:\/\/www.libraria-occitana.org\/en\/wp-json\/wp\/v2\/product_tag?post=38152"}],"curies":[{"name":"wp","href":"https:\/\/api.w.org\/{rel}","templated":true}]}}