{"id":38185,"date":"1986-10-07T18:54:48","date_gmt":"1986-10-07T17:54:48","guid":{"rendered":"http:\/\/www.libraria-occitana.org\/product\/souvenirs\/"},"modified":"2026-04-17T05:27:05","modified_gmt":"2026-04-17T03:27:05","slug":"souvenirs","status":"publish","type":"product","link":"https:\/\/www.libraria-occitana.org\/en\/product\/souvenirs\/","title":{"rendered":"Souvenirs"},"content":{"rendered":"<p>Jeanne Aza\u00efs r\u00e9dige en 1940, alors qu\u2019elle est au soir de sa vie, des <em>Souvenirs<\/em> qui, par le truchement de la m\u00e9moire familiale, embrassent presque un si\u00e8cle de vie languedocienne. Fille d\u2019un inspecteur de l\u2019Assistance Publique qu\u2019elle suit dans ses tourn\u00e9es vers la Haute Vall\u00e9e de l\u2019Aude, elle nous pr\u00e9sente avec acuit\u00e9 son milieu, de l\u2019enfance toulousaine au s\u00e9jour carcassonnais en passant par des vacances dans la Montagne Noire sans oublier ses incursions dans la vie intellectuelle parisienne. Elle fixe avec minutie les sc\u00e8nes qui l\u2019ont marqu\u00e9e \u2013 La F\u00eate Dieu \u00e0 Toulouse dans les ann\u00e9es 1880 aussi bien que les foires du Cabard\u00e8s \u2013 toujours sensible \u00e0 l\u2019effacement d\u2019un monde qu\u2019elle pressent \u00e0 jamais perdu. Agn\u00e8s Fine, ma\u00eetre de conf\u00e9rence \u00e0 l\u2019Universit\u00e9 de Toulouse II, a interrog\u00e9 ceux qui ont connu Jeanne Aza\u00efs, ses derniers amis, pour nous retracer la g\u00e9n\u00e8se de ces ultimes <em>souvenirs<\/em>.<\/p>\n","protected":false},"excerpt":{"rendered":"<p>Jeanne Aza\u00efs r\u00e9dige en 1940, alors qu\u2019elle est au soir de sa vie, des Souvenirs qui, par le truchement de la m\u00e9moire familiale, embrassent presque un si\u00e8cle de vie languedocienne. Fille d\u2019un inspecteur de l\u2019Assistance Publique qu\u2019elle suit dans ses tourn\u00e9es vers la Haute Vall\u00e9e de l\u2019Aude, elle nous pr\u00e9sente avec acuit\u00e9 son milieu, de [&hellip;]<\/p>\n","protected":false},"featured_media":38183,"template":"","meta":{"_acf_changed":false,"_genesis_hide_title":false,"_genesis_hide_breadcrumbs":false,"_genesis_hide_singular_image":false,"_genesis_hide_footer_widgets":false,"_genesis_custom_body_class":"","_genesis_custom_post_class":"","_genesis_layout":""},"product_brand":[],"product_cat":[7132,7174,7186],"product_tag":[],"class_list":{"0":"post-38185","1":"product","2":"type-product","3":"status-publish","4":"has-post-thumbnail","6":"product_cat-books","7":"product_cat-literature-en","8":"product_cat-personal-narratives-memoirs-en","9":"pa_auteur-azais-jeanne-en","10":"pa_editeur-garae-hesiode-en","11":"pa_illustrateur-fine-agnes-en","12":"pa_langue-francais-en","13":"entry","15":"first","16":"outofstock","17":"shipping-taxable","18":"purchasable","19":"product-type-simple"},"acf":[],"_links":{"self":[{"href":"https:\/\/www.libraria-occitana.org\/en\/wp-json\/wp\/v2\/product\/38185","targetHints":{"allow":["GET"]}}],"collection":[{"href":"https:\/\/www.libraria-occitana.org\/en\/wp-json\/wp\/v2\/product"}],"about":[{"href":"https:\/\/www.libraria-occitana.org\/en\/wp-json\/wp\/v2\/types\/product"}],"wp:featuredmedia":[{"embeddable":true,"href":"https:\/\/www.libraria-occitana.org\/en\/wp-json\/wp\/v2\/media\/38183"}],"wp:attachment":[{"href":"https:\/\/www.libraria-occitana.org\/en\/wp-json\/wp\/v2\/media?parent=38185"}],"wp:term":[{"taxonomy":"product_brand","embeddable":true,"href":"https:\/\/www.libraria-occitana.org\/en\/wp-json\/wp\/v2\/product_brand?post=38185"},{"taxonomy":"product_cat","embeddable":true,"href":"https:\/\/www.libraria-occitana.org\/en\/wp-json\/wp\/v2\/product_cat?post=38185"},{"taxonomy":"product_tag","embeddable":true,"href":"https:\/\/www.libraria-occitana.org\/en\/wp-json\/wp\/v2\/product_tag?post=38185"}],"curies":[{"name":"wp","href":"https:\/\/api.w.org\/{rel}","templated":true}]}}