{"id":38209,"date":"2018-03-08T19:17:50","date_gmt":"2018-03-08T18:17:50","guid":{"rendered":"http:\/\/www.libraria-occitana.org\/product\/lo-diari-42-la-cultura-en-occitan\/"},"modified":"2026-04-03T03:01:24","modified_gmt":"2026-04-03T01:01:24","slug":"lo-diari-42-la-cultura-en-occitan","status":"publish","type":"product","link":"https:\/\/www.libraria-occitana.org\/en\/product\/lo-diari-42-la-cultura-en-occitan\/","title":{"rendered":"Lo diari : La cultura, en occitan #42"},"content":{"rendered":"<p><em>Lo Diari<\/em>\u00a0est le magazine de la culture, toute la culture, mais en occitan. Litt\u00e9rature, musique, sport, soci\u00e9t\u00e9, audiovisuel, nouvelles technologies, vous y trouverez de tout pour chacun, pr\u00e9par\u00e9 par une \u00e9quipe de r\u00e9dacteurs de partout.<\/p>\n","protected":false},"excerpt":{"rendered":"<p>Lo Diari\u00a0est le magazine de la culture, toute la culture, mais en occitan. Litt\u00e9rature, musique, sport, soci\u00e9t\u00e9, audiovisuel, nouvelles technologies, vous y trouverez de tout pour chacun, pr\u00e9par\u00e9 par une \u00e9quipe de r\u00e9dacteurs de partout.<\/p>\n","protected":false},"featured_media":38206,"template":"","meta":{"_acf_changed":false,"_genesis_hide_title":false,"_genesis_hide_breadcrumbs":false,"_genesis_hide_singular_image":false,"_genesis_hide_footer_widgets":false,"_genesis_custom_body_class":"","_genesis_custom_post_class":"","_genesis_layout":""},"product_brand":[],"product_cat":[7132,7202],"product_tag":[],"class_list":{"0":"post-38209","1":"product","2":"type-product","3":"status-publish","4":"has-post-thumbnail","6":"product_cat-books","7":"product_cat-politics-sociology-current-affairs-en","8":"pa_auteur-collectiu-en-2","9":"pa_editeur-ieo-meidia-pireneus-1-en","10":"pa_langue-occitan-en","11":"entry","13":"first","14":"instock","15":"shipping-taxable","16":"purchasable","17":"product-type-simple"},"acf":[],"_links":{"self":[{"href":"https:\/\/www.libraria-occitana.org\/en\/wp-json\/wp\/v2\/product\/38209","targetHints":{"allow":["GET"]}}],"collection":[{"href":"https:\/\/www.libraria-occitana.org\/en\/wp-json\/wp\/v2\/product"}],"about":[{"href":"https:\/\/www.libraria-occitana.org\/en\/wp-json\/wp\/v2\/types\/product"}],"wp:featuredmedia":[{"embeddable":true,"href":"https:\/\/www.libraria-occitana.org\/en\/wp-json\/wp\/v2\/media\/38206"}],"wp:attachment":[{"href":"https:\/\/www.libraria-occitana.org\/en\/wp-json\/wp\/v2\/media?parent=38209"}],"wp:term":[{"taxonomy":"product_brand","embeddable":true,"href":"https:\/\/www.libraria-occitana.org\/en\/wp-json\/wp\/v2\/product_brand?post=38209"},{"taxonomy":"product_cat","embeddable":true,"href":"https:\/\/www.libraria-occitana.org\/en\/wp-json\/wp\/v2\/product_cat?post=38209"},{"taxonomy":"product_tag","embeddable":true,"href":"https:\/\/www.libraria-occitana.org\/en\/wp-json\/wp\/v2\/product_tag?post=38209"}],"curies":[{"name":"wp","href":"https:\/\/api.w.org\/{rel}","templated":true}]}}