{"id":38266,"date":"2013-03-22T17:33:29","date_gmt":"2013-03-22T16:33:29","guid":{"rendered":"http:\/\/www.libraria-occitana.org\/product\/ua-miduna-mitrena-3\/"},"modified":"2026-04-29T02:21:18","modified_gmt":"2026-04-29T00:21:18","slug":"ua-miduna-mitrena-3","status":"publish","type":"product","link":"https:\/\/www.libraria-occitana.org\/en\/product\/ua-miduna-mitrena-3\/","title":{"rendered":"Ua, miduna, mitr\u00e8na 3"},"content":{"rendered":"<p>From the collectages of Joan Franc\u00e9s Tisn\u00e8r in Bearn, disk-book of creation presenting heartening one directory of songs and bed songs in the direction of the children.<br \/>\nThis disk is developed with children of classes of Landes, Bigorre, B\u00e9arn and Val d&#8217;Aran and two artists : Joan Luc Landi and Joan Franc\u00e9s Tisn\u00e8r (art director of the collection).<\/p>\n<p>Voices : Children, Joan Luc Landi and Joan Franc\u00e9s Tisn\u00e8r<br \/>\nMusicians : Annie Hourdebaigt, Marc Castanet, Sylvaine Rouveyrol, Mixel Etxekopar and Joan Franc\u00e9s Tisn\u00e8r<br \/>\nIllustrations : Isabelle Morl\u00e0as-Lurbe<\/p>\n<p>Booklet 38 pages with the texts, and the translations in french and spanish.<\/p>\n<p><strong>Tracks :<\/strong><br \/>\n1. Conte, conte, liconte 0&#8217;08<br \/>\n2. La prauba mosca 3&#8217;15<br \/>\n3. Los dias de la setmana 0&#8217;28<br \/>\n4. Lo praube pocet 0&#8217;12<br \/>\n5. Viraboquet devath l&#8217;escala 0&#8217;54<br \/>\n6. Harri, harri gran chivau 0&#8217;33<br \/>\n7. Chivau de palha 0&#8217;14<br \/>\n8. Hai, hai, Tipot\u00e8u 0&#8217;45<br \/>\n9. La Jana n&#8217;\u00e8s malauda 2&#8217;22<br \/>\n10. Anem t&#8217;ara vinha 0&#8217;43<br \/>\n11. La paur 0&#8217;28<br \/>\n12. Peiroton qu&#8217;ei a la lana 0&#8217;32<br \/>\n13. Pi\u00e8ra, bigu\u00e8ra 0&#8217;24<br \/>\n14. Jo&#8217;n tr\u00f2bi lo boc 3&#8217;13<br \/>\n15. E d&#8217;on \u00e8s praubin 0&#8217;07<br \/>\n16. Los poblants 0&#8217;38<br \/>\n17. L&#8217;auserumi 2&#8217;21<br \/>\n18. Dindon 0&#8217;26<br \/>\n19. Tr\u00f2p, tr\u00f2p 3&#8217;11<br \/>\n20. Dindan, dindan 0&#8217;25<br \/>\n21. Peishic 1&#8217;02<br \/>\n22. Catrin\u00f2ta com a eth p\u00e8 4&#8217;20<br \/>\n23. Pepelip\u00f2si 0&#8217;10<br \/>\n24. La-baish en arrib\u00e8ra 2&#8217;40<br \/>\n25. Eth poth e&#8217;ra garia 0&#8217;26<br \/>\n26. Tira, lira, lira 2&#8217;27<br \/>\n27. Petina e Peton 3&#8217;32<br \/>\n28. Ara mia oelh\u00e8ra 1&#8217;04<br \/>\n29. As disnat ? 0&#8217;07<br \/>\n30. L&#8217;ahromigon 1&#8217;44<br \/>\n31. Truca manetas 0&#8217;09<br \/>\n32. Dens lo nas de Mirab\u00e8th 0&#8217;35<br \/>\n33. Balhila, balh\u00f2la 1&#8217;02<br \/>\n34. Teish, teish 0&#8217;24<br \/>\n35. Au menadon 0&#8217;37<br \/>\n36. Nau que&#8217;n lavan la bugada nau 2&#8217;19<br \/>\n37. Cuu-Rosseta 0&#8217;15<br \/>\n38. Tricotet 2&#8217;12<br \/>\n39. J\u00f2c de perseguida 0&#8217;34<br \/>\n40. Noste vailet Pi\u00e8ra 2&#8217;52<br \/>\n41. Que vuit\u00e8ri mon sac : Que hiqu\u00e8ri lo p\u00e8 0&#8217;11<\/p>\n","protected":false},"excerpt":{"rendered":"<p>From the collectages of Joan Franc\u00e9s Tisn\u00e8r in Bearn, disk-book of creation presenting heartening one directory of songs and bed songs in the direction of the children. This disk is developed with children of classes of Landes, Bigorre, B\u00e9arn and Val d&#8217;Aran and two artists : Joan Luc Landi and Joan Franc\u00e9s Tisn\u00e8r (art director [&hellip;]<\/p>\n","protected":false},"featured_media":52121,"template":"","meta":{"_acf_changed":false,"_genesis_hide_title":false,"_genesis_hide_breadcrumbs":false,"_genesis_hide_singular_image":false,"_genesis_hide_footer_widgets":false,"_genesis_custom_body_class":"","_genesis_custom_post_class":"","_genesis_layout":""},"product_brand":[],"product_cat":[7222,7216],"product_tag":[],"class_list":{"0":"post-38266","1":"product","2":"type-product","3":"status-publish","4":"has-post-thumbnail","6":"product_cat-juvenile-and-teen-en","7":"product_cat-music-en","8":"pa_auteur-landi-joan-luc-en","9":"pa_auteur-tisner-joan-frances-en","10":"pa_editeur-menestrers-gascons-en","11":"pa_langue-autras-lingas-en","12":"pa_langue-occitan-gascon-en","13":"pa_langue-occitan-francais-en","14":"entry","16":"first","17":"outofstock","18":"shipping-taxable","19":"purchasable","20":"product-type-simple"},"acf":[],"_links":{"self":[{"href":"https:\/\/www.libraria-occitana.org\/en\/wp-json\/wp\/v2\/product\/38266","targetHints":{"allow":["GET"]}}],"collection":[{"href":"https:\/\/www.libraria-occitana.org\/en\/wp-json\/wp\/v2\/product"}],"about":[{"href":"https:\/\/www.libraria-occitana.org\/en\/wp-json\/wp\/v2\/types\/product"}],"wp:featuredmedia":[{"embeddable":true,"href":"https:\/\/www.libraria-occitana.org\/en\/wp-json\/wp\/v2\/media\/52121"}],"wp:attachment":[{"href":"https:\/\/www.libraria-occitana.org\/en\/wp-json\/wp\/v2\/media?parent=38266"}],"wp:term":[{"taxonomy":"product_brand","embeddable":true,"href":"https:\/\/www.libraria-occitana.org\/en\/wp-json\/wp\/v2\/product_brand?post=38266"},{"taxonomy":"product_cat","embeddable":true,"href":"https:\/\/www.libraria-occitana.org\/en\/wp-json\/wp\/v2\/product_cat?post=38266"},{"taxonomy":"product_tag","embeddable":true,"href":"https:\/\/www.libraria-occitana.org\/en\/wp-json\/wp\/v2\/product_tag?post=38266"}],"curies":[{"name":"wp","href":"https:\/\/api.w.org\/{rel}","templated":true}]}}