{"id":38272,"date":"1990-02-22T18:07:09","date_gmt":"1990-02-22T17:07:09","guid":{"rendered":"http:\/\/www.libraria-occitana.org\/product\/harri-harri-chivalot-la-memoria-deu-canton-dartes-le-folklore-enfantin-a-travers-la-memoire-des-aines-du-canton-darthez-de-bearn\/"},"modified":"2024-07-05T00:18:21","modified_gmt":"2024-07-04T22:18:21","slug":"harri-harri-chivalot-la-memoria-deu-canton-dartes-le-folklore-enfantin-a-travers-la-memoire-des-aines-du-canton-darthez-de-bearn","status":"publish","type":"product","link":"https:\/\/www.libraria-occitana.org\/en\/product\/harri-harri-chivalot-la-memoria-deu-canton-dartes-le-folklore-enfantin-a-travers-la-memoire-des-aines-du-canton-darthez-de-bearn\/","title":{"rendered":"Harri, harri, chival\u00f2t&#8230; : La mem\u00f2ria deu canton d&#8217;Art\u00e9s &#8211; Le folklore enfantin \u00e0 travers la m\u00e9moire des a\u00een\u00e9s du canton d&#8217;Arthez-de-B\u00e9arn"},"content":{"rendered":"<p>An excellent work which presents not only the words, the partitions, the explanatory plans of the collected material but still principle to seize a universal directory always valid and more than ever necessary for the children and for their relatives today.<\/p>\n","protected":false},"excerpt":{"rendered":"<p>An excellent work which presents not only the words, the partitions, the explanatory plans of the collected material but still principle to seize a universal directory always valid and more than ever necessary for the children and for their relatives today.<\/p>\n","protected":false},"featured_media":38270,"template":"","meta":{"_acf_changed":false,"_genesis_hide_title":false,"_genesis_hide_breadcrumbs":false,"_genesis_hide_singular_image":false,"_genesis_hide_footer_widgets":false,"_genesis_custom_body_class":"","_genesis_custom_post_class":"","_genesis_layout":""},"product_brand":[],"product_cat":[7132,7136,7144,7170,7164],"product_tag":[],"class_list":{"0":"post-38272","1":"product","2":"type-product","3":"status-publish","4":"has-post-thumbnail","6":"product_cat-books","7":"product_cat-dictionaries-language-educational-en","8":"product_cat-educational-pedagogy-en","9":"product_cat-juvenile-en","10":"product_cat-juvenile-and-teen-comics-humour-en","11":"pa_auteur-tisner-joan-frances-en","12":"pa_editeur-association-pour-lamelioration-du-cadre-de-vie-des-personnes-agees-du-pays-darthez-de-bearn-en","13":"pa_langue-occitan-gascon-en","14":"pa_langue-occitan-francais-en","15":"entry","17":"first","18":"outofstock","19":"shipping-taxable","20":"purchasable","21":"product-type-simple"},"acf":[],"_links":{"self":[{"href":"https:\/\/www.libraria-occitana.org\/en\/wp-json\/wp\/v2\/product\/38272","targetHints":{"allow":["GET"]}}],"collection":[{"href":"https:\/\/www.libraria-occitana.org\/en\/wp-json\/wp\/v2\/product"}],"about":[{"href":"https:\/\/www.libraria-occitana.org\/en\/wp-json\/wp\/v2\/types\/product"}],"wp:featuredmedia":[{"embeddable":true,"href":"https:\/\/www.libraria-occitana.org\/en\/wp-json\/wp\/v2\/media\/38270"}],"wp:attachment":[{"href":"https:\/\/www.libraria-occitana.org\/en\/wp-json\/wp\/v2\/media?parent=38272"}],"wp:term":[{"taxonomy":"product_brand","embeddable":true,"href":"https:\/\/www.libraria-occitana.org\/en\/wp-json\/wp\/v2\/product_brand?post=38272"},{"taxonomy":"product_cat","embeddable":true,"href":"https:\/\/www.libraria-occitana.org\/en\/wp-json\/wp\/v2\/product_cat?post=38272"},{"taxonomy":"product_tag","embeddable":true,"href":"https:\/\/www.libraria-occitana.org\/en\/wp-json\/wp\/v2\/product_tag?post=38272"}],"curies":[{"name":"wp","href":"https:\/\/api.w.org\/{rel}","templated":true}]}}