{"id":38324,"date":"2017-06-06T17:33:41","date_gmt":"2017-06-06T15:33:41","guid":{"rendered":"http:\/\/www.libraria-occitana.org\/?post_type=product&#038;p=38324"},"modified":"2026-04-29T10:16:06","modified_gmt":"2026-04-29T08:16:06","slug":"la-creuse-mysterieuse","status":"publish","type":"product","link":"https:\/\/www.libraria-occitana.org\/en\/product\/la-creuse-mysterieuse\/","title":{"rendered":"La Creuse myst\u00e9rieuse"},"content":{"rendered":"<p>\u00c0 travers monts et vall\u00e9es, \u00e0 travers villes et bourgades beaucoup de myst\u00e8res, de l\u00e9gendes et de vieilles histoires racontent la Creuse d\u2019antan.<\/p>\n<p>Avec une s\u00e9rie de textes r\u00e9unis par th\u00e8me, vous d\u00e9couvrirez toute une s\u00e9rie d\u2019histoires \u00e0 raconter lors des veill\u00e9es au coin du feu.<\/p>\n<p>Des r\u00e9cits plus ou moins longs, des contes, de la po\u00e9sie, des l\u00e9gendes que vous pourrez raconter en famille pour en savoir plus sur les myst\u00e8res de la Creuse.<\/p>\n","protected":false},"excerpt":{"rendered":"<p>\u00c0 travers monts et vall\u00e9es, \u00e0 travers villes et bourgades beaucoup de myst\u00e8res, de l\u00e9gendes et de vieilles histoires racontent la Creuse d\u2019antan. Avec une s\u00e9rie de textes r\u00e9unis par th\u00e8me, vous d\u00e9couvrirez toute une s\u00e9rie d\u2019histoires \u00e0 raconter lors des veill\u00e9es au coin du feu. Des r\u00e9cits plus ou moins longs, des contes, de [&hellip;]<\/p>\n","protected":false},"featured_media":38327,"template":"","meta":{"_acf_changed":false,"_genesis_hide_title":false,"_genesis_hide_breadcrumbs":false,"_genesis_hide_singular_image":false,"_genesis_hide_footer_widgets":false,"_genesis_custom_body_class":"","_genesis_custom_post_class":"","_genesis_layout":""},"product_brand":[],"product_cat":[7132,7198,7174,7196,7176],"product_tag":[],"class_list":{"0":"post-38324","1":"product","2":"type-product","3":"status-publish","4":"has-post-thumbnail","6":"product_cat-books","7":"product_cat-guides-tourism-en","8":"product_cat-literature-en","9":"product_cat-nature-tourism-en","10":"product_cat-tales-fables-en","11":"pa_auteur-bonnafoux-jean-francois-en","12":"pa_auteur-queyrat-louis-en","13":"pa_editeur-geste-en","14":"pa_langue-francais-en","15":"entry","17":"first","18":"instock","19":"shipping-taxable","20":"purchasable","21":"product-type-simple"},"acf":[],"_links":{"self":[{"href":"https:\/\/www.libraria-occitana.org\/en\/wp-json\/wp\/v2\/product\/38324","targetHints":{"allow":["GET"]}}],"collection":[{"href":"https:\/\/www.libraria-occitana.org\/en\/wp-json\/wp\/v2\/product"}],"about":[{"href":"https:\/\/www.libraria-occitana.org\/en\/wp-json\/wp\/v2\/types\/product"}],"wp:featuredmedia":[{"embeddable":true,"href":"https:\/\/www.libraria-occitana.org\/en\/wp-json\/wp\/v2\/media\/38327"}],"wp:attachment":[{"href":"https:\/\/www.libraria-occitana.org\/en\/wp-json\/wp\/v2\/media?parent=38324"}],"wp:term":[{"taxonomy":"product_brand","embeddable":true,"href":"https:\/\/www.libraria-occitana.org\/en\/wp-json\/wp\/v2\/product_brand?post=38324"},{"taxonomy":"product_cat","embeddable":true,"href":"https:\/\/www.libraria-occitana.org\/en\/wp-json\/wp\/v2\/product_cat?post=38324"},{"taxonomy":"product_tag","embeddable":true,"href":"https:\/\/www.libraria-occitana.org\/en\/wp-json\/wp\/v2\/product_tag?post=38324"}],"curies":[{"name":"wp","href":"https:\/\/api.w.org\/{rel}","templated":true}]}}