{"id":38336,"date":"2017-11-09T15:18:55","date_gmt":"2017-11-09T14:18:55","guid":{"rendered":"http:\/\/www.libraria-occitana.org\/product\/penser-modal-approche-theorico-pratique-de-la-modalite-occidentale\/"},"modified":"2026-04-14T04:11:33","modified_gmt":"2026-04-14T02:11:33","slug":"penser-modal-approche-theorico-pratique-de-la-modalite-occidentale","status":"publish","type":"product","link":"https:\/\/www.libraria-occitana.org\/en\/product\/penser-modal-approche-theorico-pratique-de-la-modalite-occidentale\/","title":{"rendered":"Penser modal : Approche th\u00e9orico-pratique de la modalit\u00e9 occidentale"},"content":{"rendered":"<p>Ren\u00e9 Zosso, who sings,\u00a0\u00ab hurdy-gurdies \u00bb and loves the flavor of words, is an exceptional and invaluable teacher \/ performer. His knowledge of French-language traditional songs and of medieval music makes him an undisputed specialist of modes.<\/p>\n<p>A pioneer in the revival of this music, Ren\u00e9 Zosso (who has also experimented with electroacoustic music) plays and sings as a soloist, in a duo with Anne Osnowycz, and also performs with the Ren\u00e9 Clemensic ensemble. Jordi Savall has invited him to perform as a narrator.<\/p>\n<p>This four-hour DVD presents his workshop-lecture and summarizes, to the sound of his hurdy-gurdy drones, the essentials of his thinking and analysis.<\/p>\n<p>This is an indispensable document for anyone who wishes to better understand monodic modal music and serves as a guide to this underrecognized musical system. Many sung examples and several bonuses facilitate the viewer&#8217;s comprehension.<\/p>\n","protected":false},"excerpt":{"rendered":"<p>Ren\u00e9 Zosso, who sings,\u00a0\u00ab hurdy-gurdies \u00bb and loves the flavor of words, is an exceptional and invaluable teacher \/ performer. His knowledge of French-language traditional songs and of medieval music makes him an undisputed specialist of modes. A pioneer in the revival of this music, Ren\u00e9 Zosso (who has also experimented with electroacoustic music) plays [&hellip;]<\/p>\n","protected":false},"featured_media":38331,"template":"","meta":{"_acf_changed":false,"_genesis_hide_title":false,"_genesis_hide_breadcrumbs":false,"_genesis_hide_singular_image":false,"_genesis_hide_footer_widgets":false,"_genesis_custom_body_class":"","_genesis_custom_post_class":"","_genesis_layout":""},"product_brand":[],"product_cat":[7247,7249],"product_tag":[],"class_list":{"0":"post-38336","1":"product","2":"type-product","3":"status-publish","4":"has-post-thumbnail","6":"product_cat-music-literature-en","7":"product_cat-videos-3-en","8":"pa_auteur-zosso-rene-en","9":"pa_editeur-aepem-en","10":"pa_editeur-mustradem-en","11":"pa_langue-autras-lingas-en","12":"pa_langue-francais-en","13":"entry","15":"first","16":"outofstock","17":"shipping-taxable","18":"purchasable","19":"product-type-simple"},"acf":[],"_links":{"self":[{"href":"https:\/\/www.libraria-occitana.org\/en\/wp-json\/wp\/v2\/product\/38336","targetHints":{"allow":["GET"]}}],"collection":[{"href":"https:\/\/www.libraria-occitana.org\/en\/wp-json\/wp\/v2\/product"}],"about":[{"href":"https:\/\/www.libraria-occitana.org\/en\/wp-json\/wp\/v2\/types\/product"}],"wp:featuredmedia":[{"embeddable":true,"href":"https:\/\/www.libraria-occitana.org\/en\/wp-json\/wp\/v2\/media\/38331"}],"wp:attachment":[{"href":"https:\/\/www.libraria-occitana.org\/en\/wp-json\/wp\/v2\/media?parent=38336"}],"wp:term":[{"taxonomy":"product_brand","embeddable":true,"href":"https:\/\/www.libraria-occitana.org\/en\/wp-json\/wp\/v2\/product_brand?post=38336"},{"taxonomy":"product_cat","embeddable":true,"href":"https:\/\/www.libraria-occitana.org\/en\/wp-json\/wp\/v2\/product_cat?post=38336"},{"taxonomy":"product_tag","embeddable":true,"href":"https:\/\/www.libraria-occitana.org\/en\/wp-json\/wp\/v2\/product_tag?post=38336"}],"curies":[{"name":"wp","href":"https:\/\/api.w.org\/{rel}","templated":true}]}}