{"id":38342,"date":"2018-01-09T17:27:19","date_gmt":"2018-01-09T16:27:19","guid":{"rendered":"http:\/\/www.libraria-occitana.org\/product\/lundi-matin-papier-2-textes-et-documents-relatifs-a-laffaire-dite-de-tarnac\/"},"modified":"2026-04-25T21:56:53","modified_gmt":"2026-04-25T19:56:53","slug":"lundi-matin-papier-2-textes-et-documents-relatifs-a-laffaire-dite-de-tarnac","status":"publish","type":"product","link":"https:\/\/www.libraria-occitana.org\/en\/product\/lundi-matin-papier-2-textes-et-documents-relatifs-a-laffaire-dite-de-tarnac\/","title":{"rendered":"Lundi matin papier #2 : Textes et documents relatifs \u00e0 l&#8217;affaire dite \u00ab de Tarnac \u00bb"},"content":{"rendered":"<p>Ces 320 pages regroupent une s\u00e9lection des textes, documents et interventions publiques ou in\u00e9dites ayant marqu\u00e9 dix ann\u00e9es de contre-offensive dans l\u2019affaire dite \u00ab de Tarnac \u00bb.<\/p>\n<p>Dans ce recueil qui se veut de r\u00e9f\u00e9rence, on trouve aussi bien les tribunes des inculp\u00e9s parues dans la presse qu\u2019une conf\u00e9rence de Giorgio Agamben sur Tiqqun, des lettres de d\u00e9fi aux juges autant que des articles d\u2019Eric Hazan, Serge Quadruppani ou Fran\u00e7ois G\u00e8ze, un criminologue entart\u00e9 autant qu\u2019un selfie devant la r\u00e9sidence du patron de la DGSI, un gros singe jaune comparaissant devant un juge antiterroriste autant que des appels \u00e0 soutenir les r\u00e9volt\u00e9s de Villiers-le-Bel ou \u00e0 bloquer un convoi de d\u00e9chets nucl\u00e9aires. Ce qui se lit au fil du recueil, c\u2019est aussi bien la chronique d\u2019une affaire judiciaire que de dix ann\u00e9es de lutte en France \u2013 dix ans au cours desquels l\u2019antiterrorisme est visiblement devenu ce qu\u2019il est essentiellement : un mode de gouvernement. Voil\u00e0 donc une lecture, et une affaire, qui \u00e9clairent le pr\u00e9sent.<\/p>\n","protected":false},"excerpt":{"rendered":"<p>Ces 320 pages regroupent une s\u00e9lection des textes, documents et interventions publiques ou in\u00e9dites ayant marqu\u00e9 dix ann\u00e9es de contre-offensive dans l\u2019affaire dite \u00ab de Tarnac \u00bb. Dans ce recueil qui se veut de r\u00e9f\u00e9rence, on trouve aussi bien les tribunes des inculp\u00e9s parues dans la presse qu\u2019une conf\u00e9rence de Giorgio Agamben sur Tiqqun, des [&hellip;]<\/p>\n","protected":false},"featured_media":38340,"template":"","meta":{"_acf_changed":false,"_genesis_hide_title":false,"_genesis_hide_breadcrumbs":false,"_genesis_hide_singular_image":false,"_genesis_hide_footer_widgets":false,"_genesis_custom_body_class":"","_genesis_custom_post_class":"","_genesis_layout":""},"product_brand":[],"product_cat":[7132,7202],"product_tag":[],"class_list":{"0":"post-38342","1":"product","2":"type-product","3":"status-publish","4":"has-post-thumbnail","6":"product_cat-books","7":"product_cat-politics-sociology-current-affairs-en","8":"pa_auteur-collectiu-en-2","9":"pa_editeur-lundimatin-en","10":"pa_langue-francais-en","11":"entry","13":"first","14":"outofstock","15":"shipping-taxable","16":"purchasable","17":"product-type-simple"},"acf":[],"_links":{"self":[{"href":"https:\/\/www.libraria-occitana.org\/en\/wp-json\/wp\/v2\/product\/38342","targetHints":{"allow":["GET"]}}],"collection":[{"href":"https:\/\/www.libraria-occitana.org\/en\/wp-json\/wp\/v2\/product"}],"about":[{"href":"https:\/\/www.libraria-occitana.org\/en\/wp-json\/wp\/v2\/types\/product"}],"wp:featuredmedia":[{"embeddable":true,"href":"https:\/\/www.libraria-occitana.org\/en\/wp-json\/wp\/v2\/media\/38340"}],"wp:attachment":[{"href":"https:\/\/www.libraria-occitana.org\/en\/wp-json\/wp\/v2\/media?parent=38342"}],"wp:term":[{"taxonomy":"product_brand","embeddable":true,"href":"https:\/\/www.libraria-occitana.org\/en\/wp-json\/wp\/v2\/product_brand?post=38342"},{"taxonomy":"product_cat","embeddable":true,"href":"https:\/\/www.libraria-occitana.org\/en\/wp-json\/wp\/v2\/product_cat?post=38342"},{"taxonomy":"product_tag","embeddable":true,"href":"https:\/\/www.libraria-occitana.org\/en\/wp-json\/wp\/v2\/product_tag?post=38342"}],"curies":[{"name":"wp","href":"https:\/\/api.w.org\/{rel}","templated":true}]}}