{"id":38355,"date":"2017-11-09T19:07:42","date_gmt":"2017-11-09T18:07:42","guid":{"rendered":"http:\/\/www.libraria-occitana.org\/product\/les-troubadours\/"},"modified":"2026-04-20T20:36:51","modified_gmt":"2026-04-20T18:36:51","slug":"les-troubadours","status":"publish","type":"product","link":"https:\/\/www.libraria-occitana.org\/en\/product\/les-troubadours\/","title":{"rendered":"Les troubadours"},"content":{"rendered":"<p>Les troubadours sont, au XIIe si\u00e8cle, les auteurs, immens\u00e9ment admir\u00e9s, des plus anciennes chansons d&#8217;amour compos\u00e9es dans une des langues nouvelles de l&#8217;Europe, la langue d&#8217;oc. Le tremblement du d\u00e9sir et celui de la crainte, la ferveur et la frustration, la jalousie et la jouissance, tout cela ils l&#8217;ont dit de fa\u00e7on si nouvelle et si intense que leurs chansons r\u00e9sonnent encore dans les mots d&#8217;amour d&#8217;aujourd&#8217;hui.<\/p>\n<p>Le beau livre de Michel Zink rend sa fra\u00eecheur \u00e0 cette po\u00e9sie vieille de neuf si\u00e8cles en la suivant dans ses m\u00e9andres, en disant au fil des po\u00e8mes, qu&#8217;il cite en grand nombre, juste ce qu&#8217;il faut pour qu&#8217;elle nous parle, pour qu&#8217;elle nous enchante et pour qu&#8217;elle vive en nous.<\/p>\n","protected":false},"excerpt":{"rendered":"<p>Les troubadours sont, au XIIe si\u00e8cle, les auteurs, immens\u00e9ment admir\u00e9s, des plus anciennes chansons d&#8217;amour compos\u00e9es dans une des langues nouvelles de l&#8217;Europe, la langue d&#8217;oc. Le tremblement du d\u00e9sir et celui de la crainte, la ferveur et la frustration, la jalousie et la jouissance, tout cela ils l&#8217;ont dit de fa\u00e7on si nouvelle et [&hellip;]<\/p>\n","protected":false},"featured_media":38353,"template":"","meta":{"_acf_changed":false,"_genesis_hide_title":false,"_genesis_hide_breadcrumbs":false,"_genesis_hide_singular_image":false,"_genesis_hide_footer_widgets":false,"_genesis_custom_body_class":"","_genesis_custom_post_class":"","_genesis_layout":""},"product_brand":[],"product_cat":[7188,7132,7174],"product_tag":[],"class_list":{"0":"post-38355","1":"product","2":"type-product","3":"status-publish","4":"has-post-thumbnail","6":"product_cat-arts-studies-en","7":"product_cat-books","8":"product_cat-literature-en","9":"pa_auteur-zink-michel-en","10":"pa_editeur-perrin-en","11":"pa_langue-francais-en","12":"entry","14":"first","15":"instock","16":"shipping-taxable","17":"purchasable","18":"product-type-simple"},"acf":[],"_links":{"self":[{"href":"https:\/\/www.libraria-occitana.org\/en\/wp-json\/wp\/v2\/product\/38355","targetHints":{"allow":["GET"]}}],"collection":[{"href":"https:\/\/www.libraria-occitana.org\/en\/wp-json\/wp\/v2\/product"}],"about":[{"href":"https:\/\/www.libraria-occitana.org\/en\/wp-json\/wp\/v2\/types\/product"}],"wp:featuredmedia":[{"embeddable":true,"href":"https:\/\/www.libraria-occitana.org\/en\/wp-json\/wp\/v2\/media\/38353"}],"wp:attachment":[{"href":"https:\/\/www.libraria-occitana.org\/en\/wp-json\/wp\/v2\/media?parent=38355"}],"wp:term":[{"taxonomy":"product_brand","embeddable":true,"href":"https:\/\/www.libraria-occitana.org\/en\/wp-json\/wp\/v2\/product_brand?post=38355"},{"taxonomy":"product_cat","embeddable":true,"href":"https:\/\/www.libraria-occitana.org\/en\/wp-json\/wp\/v2\/product_cat?post=38355"},{"taxonomy":"product_tag","embeddable":true,"href":"https:\/\/www.libraria-occitana.org\/en\/wp-json\/wp\/v2\/product_tag?post=38355"}],"curies":[{"name":"wp","href":"https:\/\/api.w.org\/{rel}","templated":true}]}}