{"id":38362,"date":"2018-02-11T13:07:48","date_gmt":"2018-02-11T12:07:48","guid":{"rendered":"http:\/\/www.libraria-occitana.org\/product\/sul-pont-de-veire-contes-legits-per-camilha-bilhac\/"},"modified":"2026-04-29T10:18:22","modified_gmt":"2026-04-29T08:18:22","slug":"sul-pont-de-veire-contes-legits-per-camilha-bilhac","status":"publish","type":"product","link":"https:\/\/www.libraria-occitana.org\/en\/product\/sul-pont-de-veire-contes-legits-per-camilha-bilhac\/","title":{"rendered":"Sul pont de veire : Contes legits per Camilha Bilhac"},"content":{"rendered":"<p>Bienvenue au pays des contes, des f\u00e9es et du pont de verre. En \u00e9coutant les r\u00e9cits d\u2019Andr\u00e9 Lagarde dits par Camille Bilhac, vous d\u00e9couvrirez les secrets merveilleux des conteurs.<\/p>\n<p>14 contes d\u2019Andrieu Lagarda, entre Aude e Ari\u00e8ja : Le Pont de las Fadas, Riuchiuchiu, Le Romiu Romiau, Quequerequet, Le Secr\u00e8t de la M\u00f2rt, Las Capetas, Le Talhuret, Mai le Lhong, L\u2019Ostal dels lops, Le conte de la dentilha, La Legenda dels Vacair\u00f2ls, La Legenda del barbaros, Las onze vertats, Le medecin de Sant-Jan.<\/p>\n","protected":false},"excerpt":{"rendered":"<p>Bienvenue au pays des contes, des f\u00e9es et du pont de verre. En \u00e9coutant les r\u00e9cits d\u2019Andr\u00e9 Lagarde dits par Camille Bilhac, vous d\u00e9couvrirez les secrets merveilleux des conteurs. 14 contes d\u2019Andrieu Lagarda, entre Aude e Ari\u00e8ja : Le Pont de las Fadas, Riuchiuchiu, Le Romiu Romiau, Quequerequet, Le Secr\u00e8t de la M\u00f2rt, Las Capetas, [&hellip;]<\/p>\n","protected":false},"featured_media":38360,"template":"","meta":{"_acf_changed":false,"_genesis_hide_title":false,"_genesis_hide_breadcrumbs":false,"_genesis_hide_singular_image":false,"_genesis_hide_footer_widgets":false,"_genesis_custom_body_class":"","_genesis_custom_post_class":"","_genesis_layout":""},"product_brand":[],"product_cat":[7174,7224,7216,7176],"product_tag":[],"class_list":{"0":"post-38362","1":"product","2":"type-product","3":"status-publish","4":"has-post-thumbnail","6":"product_cat-literature-en","7":"product_cat-litterature-musique-en","8":"product_cat-music-en","9":"product_cat-tales-fables-en","10":"pa_auteur-lagarda-andrieu-en","11":"pa_illustrateur-bilhac-camilha-en","12":"pa_langue-occitan-en","13":"pa_langue-occitan-lengadocian-en","14":"entry","16":"first","17":"instock","18":"shipping-taxable","19":"purchasable","20":"product-type-simple"},"acf":[],"_links":{"self":[{"href":"https:\/\/www.libraria-occitana.org\/en\/wp-json\/wp\/v2\/product\/38362","targetHints":{"allow":["GET"]}}],"collection":[{"href":"https:\/\/www.libraria-occitana.org\/en\/wp-json\/wp\/v2\/product"}],"about":[{"href":"https:\/\/www.libraria-occitana.org\/en\/wp-json\/wp\/v2\/types\/product"}],"wp:featuredmedia":[{"embeddable":true,"href":"https:\/\/www.libraria-occitana.org\/en\/wp-json\/wp\/v2\/media\/38360"}],"wp:attachment":[{"href":"https:\/\/www.libraria-occitana.org\/en\/wp-json\/wp\/v2\/media?parent=38362"}],"wp:term":[{"taxonomy":"product_brand","embeddable":true,"href":"https:\/\/www.libraria-occitana.org\/en\/wp-json\/wp\/v2\/product_brand?post=38362"},{"taxonomy":"product_cat","embeddable":true,"href":"https:\/\/www.libraria-occitana.org\/en\/wp-json\/wp\/v2\/product_cat?post=38362"},{"taxonomy":"product_tag","embeddable":true,"href":"https:\/\/www.libraria-occitana.org\/en\/wp-json\/wp\/v2\/product_tag?post=38362"}],"curies":[{"name":"wp","href":"https:\/\/api.w.org\/{rel}","templated":true}]}}