{"id":38368,"date":"2017-10-20T17:28:15","date_gmt":"2017-10-20T15:28:15","guid":{"rendered":"http:\/\/www.libraria-occitana.org\/product\/legendes-limousines-legendas-limouzinas\/"},"modified":"2026-04-18T22:01:18","modified_gmt":"2026-04-18T20:01:18","slug":"legendes-limousines-legendas-limouzinas","status":"publish","type":"product","link":"https:\/\/www.libraria-occitana.org\/en\/product\/legendes-limousines-legendas-limouzinas\/","title":{"rendered":"L\u00e9gendes limousines &#8211; Legendas limouzinas"},"content":{"rendered":"<p>\u00ab &#8230; Or voici, \u00e9crits par sa main de f\u00e9e, les contes, les l\u00e9gendes de ce Limousin qui vit na\u00eetre nos troubadours les plus c\u00e9l\u00e8bres, ceux qui surent \u00e9lever un monument de gloire \u00e0 cette langue limousine ou proven\u00e7ale dont le rayonnement sur le monde, au Moyen-\u00c2ge, fut si f\u00e9cond et que nous voyons rena\u00eetre aujourd\u2019hui sous les efforts du F\u00e9librige.<br \/>\nCes contes, ces l\u00e9gendes ont un sens profond, ils condensent l\u2019esprit na\u00eff et po\u00e9tique du pass\u00e9, ils nous disent l\u2019essence \u00e9ternelle du r\u00eave qui tient l\u2019homme pench\u00e9 sur l\u2019au-del\u00e0&#8230;<\/p>\n<p>&#8230; Or, vejeici, escri p\u00e8r sa man de fado, li ra\u00adconte, li leg\u00e8ndo d\u2019aqueste Limousin que vegu\u00e8 naisse n\u00f2sti troubadour li pus cel\u00e8bre, li que sa\u00adch\u00e8ron auboura un mounumen de gl\u00f2ri a-n-aquelo lengo limousino o prouven\u00e7alo de quto lou dardai sus lou mounde, \u00e0 l\u2019age-mejan, fugu\u00e8 tant fegound, e que ves\u00e8n renaisse \u00e0 l\u2019ouro de vuei souto lis esperfors d\u00f3u Felibrige.<br \/>\nAqu\u00e9li conte, aqu\u00e9li leg\u00e8ndo an un s\u00e8ns prefouns, cound\u00e8nson l\u2019esperit simple e pou\u00e9ti d\u00f3u passat, nous dison l\u2019ess\u00e8nci eterno d\u00f3u raive que t\u00e8n l\u2019ome clina sus l\u2019apereilalin&#8230; \u00bb (Extrait de la Pr\u00e9face de Val\u00e8re Bernard).<\/p>\n<p>Marguerite Priolo (1890-1955), n\u00e9e \u00e0 Brive (Corr\u00e8ze), fille d\u2019un m\u00e9decin qui fut un important m\u00e9c\u00e8ne des auteurs d\u2019oc et d\u2019une m\u00e8re \u00e9galement reine du F\u00e9librige, elle devient \u00e0 19 ans reine du F\u00e9librige limousin. On lui doit deux recueils de contes bilingues limousin-fran\u00e7ais : <em>Legendas Lemouzinas &#8211; L\u00e9gendes limousines<\/em> publi\u00e9 initialement en 1915, et <em>Countes del Meirilher &#8211; Contes du Marguillier<\/em>.<\/p>\n","protected":false},"excerpt":{"rendered":"<p>\u00ab &#8230; Or voici, \u00e9crits par sa main de f\u00e9e, les contes, les l\u00e9gendes de ce Limousin qui vit na\u00eetre nos troubadours les plus c\u00e9l\u00e8bres, ceux qui surent \u00e9lever un monument de gloire \u00e0 cette langue limousine ou proven\u00e7ale dont le rayonnement sur le monde, au Moyen-\u00c2ge, fut si f\u00e9cond et que nous voyons rena\u00eetre [&hellip;]<\/p>\n","protected":false},"featured_media":38366,"template":"","meta":{"_acf_changed":false,"_genesis_hide_title":false,"_genesis_hide_breadcrumbs":false,"_genesis_hide_singular_image":false,"_genesis_hide_footer_widgets":false,"_genesis_custom_body_class":"","_genesis_custom_post_class":"","_genesis_layout":""},"product_brand":[],"product_cat":[7132,7174,7176],"product_tag":[],"class_list":{"0":"post-38368","1":"product","2":"type-product","3":"status-publish","4":"has-post-thumbnail","6":"product_cat-books","7":"product_cat-literature-en","8":"product_cat-tales-fables-en","9":"pa_auteur-priolo-margareta-en","10":"pa_editeur-editions-des-regionalismes-en","11":"pa_langue-occitan-lemosin-en","12":"pa_langue-occitan-francais-en","13":"entry","15":"first","16":"instock","17":"shipping-taxable","18":"purchasable","19":"product-type-simple"},"acf":[],"_links":{"self":[{"href":"https:\/\/www.libraria-occitana.org\/en\/wp-json\/wp\/v2\/product\/38368","targetHints":{"allow":["GET"]}}],"collection":[{"href":"https:\/\/www.libraria-occitana.org\/en\/wp-json\/wp\/v2\/product"}],"about":[{"href":"https:\/\/www.libraria-occitana.org\/en\/wp-json\/wp\/v2\/types\/product"}],"wp:featuredmedia":[{"embeddable":true,"href":"https:\/\/www.libraria-occitana.org\/en\/wp-json\/wp\/v2\/media\/38366"}],"wp:attachment":[{"href":"https:\/\/www.libraria-occitana.org\/en\/wp-json\/wp\/v2\/media?parent=38368"}],"wp:term":[{"taxonomy":"product_brand","embeddable":true,"href":"https:\/\/www.libraria-occitana.org\/en\/wp-json\/wp\/v2\/product_brand?post=38368"},{"taxonomy":"product_cat","embeddable":true,"href":"https:\/\/www.libraria-occitana.org\/en\/wp-json\/wp\/v2\/product_cat?post=38368"},{"taxonomy":"product_tag","embeddable":true,"href":"https:\/\/www.libraria-occitana.org\/en\/wp-json\/wp\/v2\/product_tag?post=38368"}],"curies":[{"name":"wp","href":"https:\/\/api.w.org\/{rel}","templated":true}]}}