{"id":38480,"date":"2018-05-18T12:55:21","date_gmt":"2018-05-18T10:55:21","guid":{"rendered":"http:\/\/www.libraria-occitana.org\/product\/micheu-chapduelh-una-pensada-sauvatja\/"},"modified":"2026-04-25T05:27:03","modified_gmt":"2026-04-25T03:27:03","slug":"micheu-chapduelh-una-pensada-sauvatja","status":"publish","type":"product","link":"https:\/\/www.libraria-occitana.org\/en\/product\/micheu-chapduelh-una-pensada-sauvatja\/","title":{"rendered":"Micheu Chapdu\u00e8lh : una pensada sauvatja"},"content":{"rendered":"<p>N\u00e9 en 1947 dans les profondeurs de la campagne du P\u00e9rigord, Michel Chadeuil a \u00e9t\u00e9 toute sa vie un fin observateur de l&#8217;ancienne civilisation paysanne.<br \/>\nSa \u00ab pens\u00e9e sauvage\u00a0\u00bb se fait l&#8217;\u00e9cho d&#8217;une vision du monde, aujourd&#8217;hui disparue, qui plongeait ses racines dans l&#8217;animisme, le fantastique et le chamanisme. L&#8217;homme ne se pensait pas alors comme le ma\u00eetre de la nature mais vivait en harmonie avec le monde qui l&#8217;entourait.<br \/>\nEnracin\u00e9es dans une sagesse paysanne ancienne, cette \u00ab pens\u00e9e sauvage\u00a0\u00bb se r\u00e9v\u00e8le d&#8217;une grande modernit\u00e9 \u00e0 l&#8217;heure des d\u00e9fis \u00e9cologiques d&#8217;aujourd&#8217;hui.<\/p>\n<p>En occitan, sous-titr\u00e9 (ou non) en fran\u00e7ais ou en occitan.<\/p>\n","protected":false},"excerpt":{"rendered":"<p>N\u00e9 en 1947 dans les profondeurs de la campagne du P\u00e9rigord, Michel Chadeuil a \u00e9t\u00e9 toute sa vie un fin observateur de l&#8217;ancienne civilisation paysanne. Sa \u00ab pens\u00e9e sauvage\u00a0\u00bb se fait l&#8217;\u00e9cho d&#8217;une vision du monde, aujourd&#8217;hui disparue, qui plongeait ses racines dans l&#8217;animisme, le fantastique et le chamanisme. L&#8217;homme ne se pensait pas alors [&hellip;]<\/p>\n","protected":false},"featured_media":38478,"template":"","meta":{"_acf_changed":false,"_genesis_hide_title":false,"_genesis_hide_breadcrumbs":false,"_genesis_hide_singular_image":false,"_genesis_hide_footer_widgets":false,"_genesis_custom_body_class":"","_genesis_custom_post_class":"","_genesis_layout":""},"product_brand":[],"product_cat":[7247,7249],"product_tag":[],"class_list":{"0":"post-38480","1":"product","2":"type-product","3":"status-publish","4":"has-post-thumbnail","6":"product_cat-music-literature-en","7":"product_cat-videos-3-en","8":"pa_auteur-lavaud-patrick-en","9":"pa_editeur-les-nuits-atypiques-en","10":"pa_langue-occitan-lemosin-en","11":"pa_langue-occitan-francais-en","12":"entry","14":"first","15":"instock","16":"shipping-taxable","17":"purchasable","18":"product-type-simple"},"acf":[],"_links":{"self":[{"href":"https:\/\/www.libraria-occitana.org\/en\/wp-json\/wp\/v2\/product\/38480","targetHints":{"allow":["GET"]}}],"collection":[{"href":"https:\/\/www.libraria-occitana.org\/en\/wp-json\/wp\/v2\/product"}],"about":[{"href":"https:\/\/www.libraria-occitana.org\/en\/wp-json\/wp\/v2\/types\/product"}],"wp:featuredmedia":[{"embeddable":true,"href":"https:\/\/www.libraria-occitana.org\/en\/wp-json\/wp\/v2\/media\/38478"}],"wp:attachment":[{"href":"https:\/\/www.libraria-occitana.org\/en\/wp-json\/wp\/v2\/media?parent=38480"}],"wp:term":[{"taxonomy":"product_brand","embeddable":true,"href":"https:\/\/www.libraria-occitana.org\/en\/wp-json\/wp\/v2\/product_brand?post=38480"},{"taxonomy":"product_cat","embeddable":true,"href":"https:\/\/www.libraria-occitana.org\/en\/wp-json\/wp\/v2\/product_cat?post=38480"},{"taxonomy":"product_tag","embeddable":true,"href":"https:\/\/www.libraria-occitana.org\/en\/wp-json\/wp\/v2\/product_tag?post=38480"}],"curies":[{"name":"wp","href":"https:\/\/api.w.org\/{rel}","templated":true}]}}