{"id":38494,"date":"2018-05-20T17:29:31","date_gmt":"2018-05-20T15:29:31","guid":{"rendered":"http:\/\/www.libraria-occitana.org\/product\/jan-dau-melhau-parcours-dun-occitan-refractaire-entretiens-avec-baptiste-chretien\/"},"modified":"2026-04-29T01:31:17","modified_gmt":"2026-04-28T23:31:17","slug":"jan-dau-melhau-parcours-dun-occitan-refractaire-entretiens-avec-baptiste-chretien","status":"publish","type":"product","link":"https:\/\/www.libraria-occitana.org\/en\/product\/jan-dau-melhau-parcours-dun-occitan-refractaire-entretiens-avec-baptiste-chretien\/","title":{"rendered":"Jan dau Melhau, parcours d&#8217;un occitan r\u00e9fractaire : Entretiens avec Baptiste Chr\u00e9tien"},"content":{"rendered":"<p>Jan dau Melhau est n\u00e9 en 1948 \u00e0 Limoges. Depuis le d\u00e9but des ann\u00e9es 1970, il vit au village maternel, \u00e0 Royer de Meuzac, au sud de la Haute-Vienne.<br \/>\nBeaucoup de ses compatriotes limousins le connaissent, au moins de vue. Nombreux sont ceux qui admirent son \u0153uvre de po\u00e8te, de chroniqueur, de conteur, d\u2019\u00e9diteur\u2026 Mais bien peu connaissent vraiment l\u2019homme qui se cache derri\u00e8re cette activit\u00e9 foisonnante. Et si certains le consid\u00e8rent comme une esp\u00e8ce de \u00ab marginal \u00bb, ils seront surpris, \u00e0 la lecture de ce parcours biographique et artistique sous forme d\u2019entretien, de constater que Jan dau Melhau a \u00e9t\u00e9, tout au long de sa vie, un \u00eatre \u00e9minemment sociable et fid\u00e8le en amiti\u00e9, qui collabora \u00e0 tant d\u2019aventures collectives, th\u00e9\u00e2trales, artistiques et litt\u00e9raires, en Occitanie et au-del\u00e0. Une sociabilit\u00e9 qui peut parfois sembler entrer en contradiction avec un individualisme libertaire ancr\u00e9 en lui depuis le plus jeune \u00e2ge et auquel il est rest\u00e9 fid\u00e8le, le plus possible, jusqu\u2019\u00e0 ce jour.<br \/>\nPlaise au lecteur de mieux conna\u00eetre cet homme complexe, tout \u00e0 la fois discret et volubile, pessimiste mais rieur, intellectuel et paysan, cr\u00e9ateur et respectueux de la tradition, sp\u00e9cialiste de sa culture limousine et ouvert sur le monde.<\/p>\n<p>Avec un cahier photo de 16 pages.<\/p>\n","protected":false},"excerpt":{"rendered":"<p>Jan dau Melhau est n\u00e9 en 1948 \u00e0 Limoges. Depuis le d\u00e9but des ann\u00e9es 1970, il vit au village maternel, \u00e0 Royer de Meuzac, au sud de la Haute-Vienne. Beaucoup de ses compatriotes limousins le connaissent, au moins de vue. Nombreux sont ceux qui admirent son \u0153uvre de po\u00e8te, de chroniqueur, de conteur, d\u2019\u00e9diteur\u2026 Mais [&hellip;]<\/p>\n","protected":false},"featured_media":38487,"template":"","meta":{"_acf_changed":false,"_genesis_hide_title":false,"_genesis_hide_breadcrumbs":false,"_genesis_hide_singular_image":false,"_genesis_hide_footer_widgets":false,"_genesis_custom_body_class":"","_genesis_custom_post_class":"","_genesis_layout":""},"product_brand":[],"product_cat":[7132,7174,7186],"product_tag":[],"class_list":{"0":"post-38494","1":"product","2":"type-product","3":"status-publish","4":"has-post-thumbnail","6":"product_cat-books","7":"product_cat-literature-en","8":"product_cat-personal-narratives-memoirs-en","9":"pa_auteur-chretien-baptiste-en","10":"pa_editeur-ieo-lemosin-en-2","11":"pa_langue-francais-en","12":"entry","14":"first","15":"instock","16":"shipping-taxable","17":"purchasable","18":"product-type-simple"},"acf":[],"_links":{"self":[{"href":"https:\/\/www.libraria-occitana.org\/en\/wp-json\/wp\/v2\/product\/38494","targetHints":{"allow":["GET"]}}],"collection":[{"href":"https:\/\/www.libraria-occitana.org\/en\/wp-json\/wp\/v2\/product"}],"about":[{"href":"https:\/\/www.libraria-occitana.org\/en\/wp-json\/wp\/v2\/types\/product"}],"wp:featuredmedia":[{"embeddable":true,"href":"https:\/\/www.libraria-occitana.org\/en\/wp-json\/wp\/v2\/media\/38487"}],"wp:attachment":[{"href":"https:\/\/www.libraria-occitana.org\/en\/wp-json\/wp\/v2\/media?parent=38494"}],"wp:term":[{"taxonomy":"product_brand","embeddable":true,"href":"https:\/\/www.libraria-occitana.org\/en\/wp-json\/wp\/v2\/product_brand?post=38494"},{"taxonomy":"product_cat","embeddable":true,"href":"https:\/\/www.libraria-occitana.org\/en\/wp-json\/wp\/v2\/product_cat?post=38494"},{"taxonomy":"product_tag","embeddable":true,"href":"https:\/\/www.libraria-occitana.org\/en\/wp-json\/wp\/v2\/product_tag?post=38494"}],"curies":[{"name":"wp","href":"https:\/\/api.w.org\/{rel}","templated":true}]}}