{"id":38523,"date":"2017-06-06T12:44:48","date_gmt":"2017-06-06T10:44:48","guid":{"rendered":"http:\/\/www.libraria-occitana.org\/product\/agram\/"},"modified":"2026-04-27T02:51:17","modified_gmt":"2026-04-27T00:51:17","slug":"agram","status":"publish","type":"product","link":"https:\/\/www.libraria-occitana.org\/en\/product\/agram\/","title":{"rendered":"Agram"},"content":{"rendered":"<p><strong>Erwan Billon, Titouan Billon, \u00c9milie Dreyer Dufer, Delphine Grellier, Olivier Grolleau, Samuel Grolleau, Audrey Hoyuelos, Jessy Ragey, Maud Seguier<\/strong><\/p>\n<p>Ces 9 \u00e9nergum\u00e8nes enchant\u00e9s revisitent et explorent les chants polyphoniques \u00e0 travers le r\u00e9pertoire po\u00e9tique occitan, qu&#8217;ils mettent en musique et m\u00e9tissent aux voix et rythmes d&#8217;ici et d&#8217;ailleurs.<br \/>\nLes voix s&#8217;effleurent et s&#8217;entrem\u00ealent au son des percussions qui cadencent les corps en mouvement.<\/p>\n<p><strong>Titres :<\/strong><br \/>\n1. La conversa 5&#8217;25<br \/>\n2. C\u00f2blas 2&#8217;48<br \/>\n3. Lo cant de la t\u00e8rra 5&#8217;07<br \/>\n4. Sacrifici 6&#8217;35<br \/>\n5. L&#8217;erba d&#8217;agram 6&#8217;52<\/p>\n","protected":false},"excerpt":{"rendered":"<p>Erwan Billon, Titouan Billon, \u00c9milie Dreyer Dufer, Delphine Grellier, Olivier Grolleau, Samuel Grolleau, Audrey Hoyuelos, Jessy Ragey, Maud Seguier Ces 9 \u00e9nergum\u00e8nes enchant\u00e9s revisitent et explorent les chants polyphoniques \u00e0 travers le r\u00e9pertoire po\u00e9tique occitan, qu&#8217;ils mettent en musique et m\u00e9tissent aux voix et rythmes d&#8217;ici et d&#8217;ailleurs. Les voix s&#8217;effleurent et s&#8217;entrem\u00ealent au son [&hellip;]<\/p>\n","protected":false},"featured_media":38521,"template":"","meta":{"_acf_changed":false,"_genesis_hide_title":false,"_genesis_hide_breadcrumbs":false,"_genesis_hide_singular_image":false,"_genesis_hide_footer_widgets":false,"_genesis_custom_body_class":"","_genesis_custom_post_class":"","_genesis_layout":""},"product_brand":[],"product_cat":[7216,7230],"product_tag":[],"class_list":{"0":"post-38523","1":"product","2":"type-product","3":"status-publish","4":"has-post-thumbnail","6":"product_cat-music-en","7":"product_cat-polyphonies-en","8":"pa_auteur-barrut-en","9":"pa_editeur-lo-barrut-1-en","10":"pa_langue-occitan-en","11":"pa_langue-occitan-lengadocian-en","12":"entry","14":"first","15":"instock","16":"shipping-taxable","17":"purchasable","18":"product-type-simple"},"acf":[],"_links":{"self":[{"href":"https:\/\/www.libraria-occitana.org\/en\/wp-json\/wp\/v2\/product\/38523","targetHints":{"allow":["GET"]}}],"collection":[{"href":"https:\/\/www.libraria-occitana.org\/en\/wp-json\/wp\/v2\/product"}],"about":[{"href":"https:\/\/www.libraria-occitana.org\/en\/wp-json\/wp\/v2\/types\/product"}],"wp:featuredmedia":[{"embeddable":true,"href":"https:\/\/www.libraria-occitana.org\/en\/wp-json\/wp\/v2\/media\/38521"}],"wp:attachment":[{"href":"https:\/\/www.libraria-occitana.org\/en\/wp-json\/wp\/v2\/media?parent=38523"}],"wp:term":[{"taxonomy":"product_brand","embeddable":true,"href":"https:\/\/www.libraria-occitana.org\/en\/wp-json\/wp\/v2\/product_brand?post=38523"},{"taxonomy":"product_cat","embeddable":true,"href":"https:\/\/www.libraria-occitana.org\/en\/wp-json\/wp\/v2\/product_cat?post=38523"},{"taxonomy":"product_tag","embeddable":true,"href":"https:\/\/www.libraria-occitana.org\/en\/wp-json\/wp\/v2\/product_tag?post=38523"}],"curies":[{"name":"wp","href":"https:\/\/api.w.org\/{rel}","templated":true}]}}