{"id":38542,"date":"2018-02-12T18:35:03","date_gmt":"2018-02-12T17:35:03","guid":{"rendered":"http:\/\/www.libraria-occitana.org\/product\/la-becasse\/"},"modified":"2026-04-17T01:46:47","modified_gmt":"2026-04-16T23:46:47","slug":"la-becasse","status":"publish","type":"product","link":"https:\/\/www.libraria-occitana.org\/en\/product\/la-becasse\/","title":{"rendered":"La b\u00e9casse"},"content":{"rendered":"<p><strong>Armand Brenon :<\/strong> Accord\u00e9ons diatoniques, cajon<br \/>\n<strong>Thomas Doornenbal :<\/strong> Accord\u00e9ons diatoniques, voix<br \/>\n<strong>Laurent Brenon :<\/strong> Cabrette, cornemuse 16 pouces, fl\u00fbte<\/p>\n<p>Le Pintou fait danser sur des airs traditionnels du Limousin et de ses voisins.<\/p>\n<p><strong>Titres :<\/strong><br \/>\n1. Polka de Prayssac \/ Polka de l&#8217;Aveyron 4&#8217;11<br \/>\n2. L&#8217;esquirolet que h\u00e8 lo saut \/ Sus la n\u00f2stra trilha (rondeaux) 3&#8217;13<br \/>\n3. La Vicoise \/ La Louise (bourr\u00e9es) 2&#8217;58<br \/>\n4. Tripping up the stairs (jig) 3&#8217;12<br \/>\n5. L&#8217;envol de la petite fauvette (mazurka) 3&#8217;42<br \/>\n6. Le bon docteur (valse \u00e0 5 temps) 3&#8217;30<br \/>\n7. Calarem calarem pas \/ Fai anar ton violon \/ La Marion plora (bourr\u00e9es) 3&#8217;48<br \/>\n8. La chasse \u00e0 la b\u00e9casse (valse) 3&#8217;09<br \/>\n9. Sauti\u00e8re de Juillac \/ Sauti\u00e8re de Bordas 2&#8217;11<br \/>\n10. Le long du chemin \/ Bourr\u00e9e de Chapd\u00e8s-Beaufort 4&#8217;05<br \/>\n11. Scottish \u00e0 Gavinet \/ Scottish \u00e0 Virmoux 4&#8217;23<br \/>\n12. &#8216;t Smidje (chapeloise) 3&#8217;17<br \/>\n13. Le Pintou (polka piqu\u00e9e) avec Caroline Carton (accord\u00e9on chromatique) 2&#8217;05<\/p>\n","protected":false},"excerpt":{"rendered":"<p>Armand Brenon : Accord\u00e9ons diatoniques, cajon Thomas Doornenbal : Accord\u00e9ons diatoniques, voix Laurent Brenon : Cabrette, cornemuse 16 pouces, fl\u00fbte Le Pintou fait danser sur des airs traditionnels du Limousin et de ses voisins. Titres : 1. Polka de Prayssac \/ Polka de l&#8217;Aveyron 4&#8217;11 2. L&#8217;esquirolet que h\u00e8 lo saut \/ Sus la n\u00f2stra [&hellip;]<\/p>\n","protected":false},"featured_media":38543,"template":"","meta":{"_acf_changed":false,"_genesis_hide_title":false,"_genesis_hide_breadcrumbs":false,"_genesis_hide_singular_image":false,"_genesis_hide_footer_widgets":false,"_genesis_custom_body_class":"","_genesis_custom_post_class":"","_genesis_layout":""},"product_brand":[],"product_cat":[7228,7216],"product_tag":[],"class_list":{"0":"post-38542","1":"product","2":"type-product","3":"status-publish","4":"has-post-thumbnail","6":"product_cat-modern-folk-en","7":"product_cat-music-en","8":"pa_auteur-le-pintou-en-vadrouille-en","9":"pa_editeur-le-pintou-en-vadrouille-1-en","10":"pa_langue-occitan-en","11":"entry","13":"first","14":"instock","15":"shipping-taxable","16":"purchasable","17":"product-type-simple"},"acf":[],"_links":{"self":[{"href":"https:\/\/www.libraria-occitana.org\/en\/wp-json\/wp\/v2\/product\/38542","targetHints":{"allow":["GET"]}}],"collection":[{"href":"https:\/\/www.libraria-occitana.org\/en\/wp-json\/wp\/v2\/product"}],"about":[{"href":"https:\/\/www.libraria-occitana.org\/en\/wp-json\/wp\/v2\/types\/product"}],"wp:featuredmedia":[{"embeddable":true,"href":"https:\/\/www.libraria-occitana.org\/en\/wp-json\/wp\/v2\/media\/38543"}],"wp:attachment":[{"href":"https:\/\/www.libraria-occitana.org\/en\/wp-json\/wp\/v2\/media?parent=38542"}],"wp:term":[{"taxonomy":"product_brand","embeddable":true,"href":"https:\/\/www.libraria-occitana.org\/en\/wp-json\/wp\/v2\/product_brand?post=38542"},{"taxonomy":"product_cat","embeddable":true,"href":"https:\/\/www.libraria-occitana.org\/en\/wp-json\/wp\/v2\/product_cat?post=38542"},{"taxonomy":"product_tag","embeddable":true,"href":"https:\/\/www.libraria-occitana.org\/en\/wp-json\/wp\/v2\/product_tag?post=38542"}],"curies":[{"name":"wp","href":"https:\/\/api.w.org\/{rel}","templated":true}]}}